{"id":1711,"date":"2021-11-24T11:20:08","date_gmt":"2021-11-24T10:20:08","guid":{"rendered":"https:\/\/itrusta.lt\/dev1\/?page_id=1711"},"modified":"2022-04-12T14:18:17","modified_gmt":"2022-04-12T12:18:17","slug":"baseline-produktsortiment","status":"publish","type":"page","link":"https:\/\/itrusta.lt\/da\/baseline-produktsortiment\/","title":{"rendered":"Baseline+ Produktsortiment"},"content":{"rendered":"\t\t<div data-elementor-type=\"wp-page\" data-elementor-id=\"1711\" class=\"elementor elementor-1711\">\n\t\t\t\t\t\t<section class=\"elementor-section elementor-top-section elementor-element elementor-element-4281bbf elementor-section-boxed elementor-section-height-default elementor-section-height-default\" data-id=\"4281bbf\" data-element_type=\"section\">\n\t\t\t\t\t\t<div class=\"elementor-container elementor-column-gap-default\">\n\t\t\t\t\t<div class=\"elementor-column elementor-col-100 elementor-top-column elementor-element elementor-element-060403e\" data-id=\"060403e\" data-element_type=\"column\">\n\t\t\t<div class=\"elementor-widget-wrap elementor-element-populated\">\n\t\t\t\t\t\t<div class=\"elementor-element elementor-element-5a86681 elementor-widget elementor-widget-heading\" data-id=\"5a86681\" data-element_type=\"widget\" data-widget_type=\"heading.default\">\n\t\t\t\t<div class=\"elementor-widget-container\">\n\t\t\t<h1 class=\"elementor-heading-title elementor-size-default\">Baseline+<\/h1>\t\t<\/div>\n\t\t\t\t<\/div>\n\t\t\t\t<div class=\"elementor-element elementor-element-bb413d8 elementor-widget elementor-widget-heading\" data-id=\"bb413d8\" data-element_type=\"widget\" data-widget_type=\"heading.default\">\n\t\t\t\t<div class=\"elementor-widget-container\">\n\t\t\t<h2 class=\"elementor-heading-title elementor-size-default\">Skab v\u00e6rdi med Baseline+ produkter<\/h2>\t\t<\/div>\n\t\t\t\t<\/div>\n\t\t\t\t\t<\/div>\n\t\t<\/div>\n\t\t\t\t\t<\/div>\n\t\t<\/section>\n\t\t\t\t<section class=\"elementor-section elementor-top-section elementor-element elementor-element-4510b82 elementor-section-boxed elementor-section-height-default elementor-section-height-default\" data-id=\"4510b82\" data-element_type=\"section\">\n\t\t\t\t\t\t<div class=\"elementor-container elementor-column-gap-default\">\n\t\t\t\t\t<div class=\"elementor-column elementor-col-25 elementor-top-column elementor-element elementor-element-724058a\" data-id=\"724058a\" data-element_type=\"column\" data-settings=\"{&quot;background_background&quot;:&quot;classic&quot;}\">\n\t\t\t<div class=\"elementor-widget-wrap elementor-element-populated\">\n\t\t\t\t\t<div class=\"elementor-background-overlay\"><\/div>\n\t\t\t\t\t\t<div class=\"elementor-element elementor-element-b2d4430 elementor-widget elementor-widget-image\" data-id=\"b2d4430\" data-element_type=\"widget\" data-widget_type=\"image.default\">\n\t\t\t\t<div class=\"elementor-widget-container\">\n\t\t\t\t\t\t\t\t\t\t\t\t\t<img decoding=\"async\" width=\"50\" height=\"50\" src=\"https:\/\/itrusta.lt\/wp-content\/uploads\/2020\/12\/gutener-corporate-img6-50-50.png\" class=\"attachment-large size-large wp-image-56\" alt=\"\" \/>\t\t\t\t\t\t\t\t\t\t\t\t\t<\/div>\n\t\t\t\t<\/div>\n\t\t\t\t<div class=\"elementor-element elementor-element-333481e elementor-widget elementor-widget-heading\" data-id=\"333481e\" data-element_type=\"widget\" data-widget_type=\"heading.default\">\n\t\t\t\t<div class=\"elementor-widget-container\">\n\t\t\t<h2 class=\"elementor-heading-title elementor-size-default\">Ledelsesrapport<\/h2>\t\t<\/div>\n\t\t\t\t<\/div>\n\t\t\t\t<div class=\"elementor-element elementor-element-8115d40 elementor-widget elementor-widget-text-editor\" data-id=\"8115d40\" data-element_type=\"widget\" data-widget_type=\"text-editor.default\">\n\t\t\t\t<div class=\"elementor-widget-container\">\n\t\t\t\t\t\t\tSom supplement til Baseline-rapportering tilbydes en udvidet rapport, der sammentr\u00e6kker alle v\u00e6sentlige hovedtal \u2013 KPI \u2013 i forhold til egen status, udvikling og benchmark.\t\t\t\t\t\t<\/div>\n\t\t\t\t<\/div>\n\t\t\t\t\t<\/div>\n\t\t<\/div>\n\t\t\t\t<div class=\"make-column-clickable-elementor elementor-column elementor-col-25 elementor-top-column elementor-element elementor-element-4c9e2ff\" style=\"cursor: pointer;\" data-column-clickable=\"https:\/\/itrusta.lt\/da\/faelleskaber\/\" data-column-clickable-blank=\"_self\" data-id=\"4c9e2ff\" data-element_type=\"column\" data-settings=\"{&quot;background_background&quot;:&quot;classic&quot;}\">\n\t\t\t<div class=\"elementor-widget-wrap elementor-element-populated\">\n\t\t\t\t\t<div class=\"elementor-background-overlay\"><\/div>\n\t\t\t\t\t\t<div class=\"elementor-element elementor-element-75c0277 elementor-widget elementor-widget-image\" data-id=\"75c0277\" data-element_type=\"widget\" data-widget_type=\"image.default\">\n\t\t\t\t<div class=\"elementor-widget-container\">\n\t\t\t\t\t\t\t\t\t\t\t\t\t<img decoding=\"async\" width=\"50\" height=\"50\" src=\"https:\/\/itrusta.lt\/wp-content\/uploads\/2020\/12\/gutener-corporate-img5-50-50.png\" class=\"attachment-large size-large wp-image-57\" alt=\"\" \/>\t\t\t\t\t\t\t\t\t\t\t\t\t<\/div>\n\t\t\t\t<\/div>\n\t\t\t\t<div class=\"elementor-element elementor-element-1b04064 elementor-widget elementor-widget-heading\" data-id=\"1b04064\" data-element_type=\"widget\" data-widget_type=\"heading.default\">\n\t\t\t\t<div class=\"elementor-widget-container\">\n\t\t\t<h2 class=\"elementor-heading-title elementor-size-default\">F\u00e6llesskaber<\/h2>\t\t<\/div>\n\t\t\t\t<\/div>\n\t\t\t\t<div class=\"elementor-element elementor-element-2f322a8 elementor-widget elementor-widget-text-editor\" data-id=\"2f322a8\" data-element_type=\"widget\" data-widget_type=\"text-editor.default\">\n\t\t\t\t<div class=\"elementor-widget-container\">\n\t\t\t\t\t\t\tSamarbejdende organisationer ops\u00e6ttes i communities, s\u00e5ledes at de kan dele indsigt i deres compliance, overfor lov og \u201cbest practice\u201d.\t\t\t\t\t\t<\/div>\n\t\t\t\t<\/div>\n\t\t\t\t\t<\/div>\n\t\t<\/div>\n\t\t\t\t<div class=\"make-column-clickable-elementor elementor-column elementor-col-25 elementor-top-column elementor-element elementor-element-5229a8c\" style=\"cursor: pointer;\" data-column-clickable=\"https:\/\/itrusta.lt\/da\/service\/\" data-column-clickable-blank=\"_self\" data-id=\"5229a8c\" data-element_type=\"column\" data-settings=\"{&quot;background_background&quot;:&quot;classic&quot;}\">\n\t\t\t<div class=\"elementor-widget-wrap elementor-element-populated\">\n\t\t\t\t\t<div class=\"elementor-background-overlay\"><\/div>\n\t\t\t\t\t\t<div class=\"elementor-element elementor-element-2e299ea elementor-widget elementor-widget-image\" data-id=\"2e299ea\" data-element_type=\"widget\" data-widget_type=\"image.default\">\n\t\t\t\t<div class=\"elementor-widget-container\">\n\t\t\t\t\t\t\t\t\t\t\t\t\t<img decoding=\"async\" width=\"50\" height=\"50\" src=\"https:\/\/itrusta.lt\/wp-content\/uploads\/2020\/12\/gutener-corporate-img4-50-50.png\" class=\"attachment-large size-large wp-image-58\" alt=\"\" \/>\t\t\t\t\t\t\t\t\t\t\t\t\t<\/div>\n\t\t\t\t<\/div>\n\t\t\t\t<div class=\"elementor-element elementor-element-a980dfa elementor-widget elementor-widget-heading\" data-id=\"a980dfa\" data-element_type=\"widget\" data-widget_type=\"heading.default\">\n\t\t\t\t<div class=\"elementor-widget-container\">\n\t\t\t<h2 class=\"elementor-heading-title elementor-size-default\">Serviceaftale<\/h2>\t\t<\/div>\n\t\t\t\t<\/div>\n\t\t\t\t<div class=\"elementor-element elementor-element-a954105 elementor-widget elementor-widget-text-editor\" data-id=\"a954105\" data-element_type=\"widget\" data-widget_type=\"text-editor.default\">\n\t\t\t\t<div class=\"elementor-widget-container\">\n\t\t\t\t\t\t\tTegn en serviceaftale med I-Trust, som sikrer, at din organisation bliver guidet trygt igennem sp\u00f8rgerammer, rapportering og generel sparring.\t\t\t\t\t\t<\/div>\n\t\t\t\t<\/div>\n\t\t\t\t\t<\/div>\n\t\t<\/div>\n\t\t\t\t<div class=\"elementor-column elementor-col-25 elementor-top-column elementor-element elementor-element-efb38b2\" data-id=\"efb38b2\" data-element_type=\"column\" data-settings=\"{&quot;background_background&quot;:&quot;classic&quot;}\">\n\t\t\t<div class=\"elementor-widget-wrap elementor-element-populated\">\n\t\t\t\t\t<div class=\"elementor-background-overlay\"><\/div>\n\t\t\t\t\t\t<div class=\"elementor-element elementor-element-bd318f3 elementor-widget elementor-widget-image\" data-id=\"bd318f3\" data-element_type=\"widget\" data-widget_type=\"image.default\">\n\t\t\t\t<div class=\"elementor-widget-container\">\n\t\t\t\t\t\t\t\t\t\t\t\t\t<img loading=\"lazy\" decoding=\"async\" width=\"50\" height=\"50\" src=\"https:\/\/itrusta.lt\/wp-content\/uploads\/2020\/12\/gutener-corporate-img39-50-50.png\" class=\"attachment-large size-large wp-image-16\" alt=\"\" \/>\t\t\t\t\t\t\t\t\t\t\t\t\t<\/div>\n\t\t\t\t<\/div>\n\t\t\t\t<div class=\"elementor-element elementor-element-580cc41 elementor-widget elementor-widget-heading\" data-id=\"580cc41\" data-element_type=\"widget\" data-widget_type=\"heading.default\">\n\t\t\t\t<div class=\"elementor-widget-container\">\n\t\t\t<h2 class=\"elementor-heading-title elementor-size-default\">Udvidet besvarelse<\/h2>\t\t<\/div>\n\t\t\t\t<\/div>\n\t\t\t\t<div class=\"elementor-element elementor-element-f81bb43 elementor-widget elementor-widget-text-editor\" data-id=\"f81bb43\" data-element_type=\"widget\" data-widget_type=\"text-editor.default\">\n\t\t\t\t<div class=\"elementor-widget-container\">\n\t\t\t\t\t\t\tMed \u201dFuld besvarelse\u201d f\u00e5r man adgang til tidligere anvendte sp\u00f8rgerammer og den samlede status indg\u00e5r dermed i rapporteringen. *G\u00e6lder kun kommunale kunder\t\t\t\t\t\t<\/div>\n\t\t\t\t<\/div>\n\t\t\t\t\t<\/div>\n\t\t<\/div>\n\t\t\t\t\t<\/div>\n\t\t<\/section>\n\t\t\t\t<\/div>\n\t\t","protected":false},"excerpt":{"rendered":"<p>Baseline+ Skab v\u00e6rdi med Baseline+ produkter Ledelsesrapport Som supplement til Baseline-rapportering tilbydes en udvidet rapport, der sammentr\u00e6kker alle v\u00e6sentlige hovedtal \u2013 KPI \u2013 i forhold til egen status, udvikling og benchmark. F\u00e6llesskaber Samarbejdende organisationer ops\u00e6ttes i communities, s\u00e5ledes at de kan dele indsigt i deres compliance, overfor lov og \u201cbest practice\u201d. Serviceaftale Tegn en serviceaftale [&hellip;]<\/p>\n","protected":false},"author":11,"featured_media":0,"parent":0,"menu_order":0,"comment_status":"closed","ping_status":"closed","template":"elementor_header_footer","meta":{"site-sidebar-layout":"default","site-content-layout":"","ast-site-content-layout":"","site-content-style":"default","site-sidebar-style":"default","ast-global-header-display":"","ast-banner-title-visibility":"","ast-main-header-display":"","ast-hfb-above-header-display":"","ast-hfb-below-header-display":"","ast-hfb-mobile-header-display":"","site-post-title":"","ast-breadcrumbs-content":"","ast-featured-img":"","footer-sml-layout":"","theme-transparent-header-meta":"","adv-header-id-meta":"","stick-header-meta":"","header-above-stick-meta":"","header-main-stick-meta":"","header-below-stick-meta":"","astra-migrate-meta-layouts":"default","ast-page-background-enabled":"default","ast-page-background-meta":{"desktop":{"background-color":"var(--ast-global-color-4)","background-image":"","background-repeat":"repeat","background-position":"center center","background-size":"auto","background-attachment":"scroll","background-type":"","background-media":"","overlay-type":"","overlay-color":"","overlay-gradient":""},"tablet":{"background-color":"","background-image":"","background-repeat":"repeat","background-position":"center center","background-size":"auto","background-attachment":"scroll","background-type":"","background-media":"","overlay-type":"","overlay-color":"","overlay-gradient":""},"mobile":{"background-color":"","background-image":"","background-repeat":"repeat","background-position":"center center","background-size":"auto","background-attachment":"scroll","background-type":"","background-media":"","overlay-type":"","overlay-color":"","overlay-gradient":""}},"ast-content-background-meta":{"desktop":{"background-color":"var(--ast-global-color-5)","background-image":"","background-repeat":"repeat","background-position":"center center","background-size":"auto","background-attachment":"scroll","background-type":"","background-media":"","overlay-type":"","overlay-color":"","overlay-gradient":""},"tablet":{"background-color":"var(--ast-global-color-5)","background-image":"","background-repeat":"repeat","background-position":"center center","background-size":"auto","background-attachment":"scroll","background-type":"","background-media":"","overlay-type":"","overlay-color":"","overlay-gradient":""},"mobile":{"background-color":"var(--ast-global-color-5)","background-image":"","background-repeat":"repeat","background-position":"center center","background-size":"auto","background-attachment":"scroll","background-type":"","background-media":"","overlay-type":"","overlay-color":"","overlay-gradient":""}},"footnotes":""},"class_list":["post-1711","page","type-page","status-publish","hentry"],"acf":[],"yoast_head":"<!-- This site is optimized with the Yoast SEO plugin v23.4 - https:\/\/yoast.com\/wordpress\/plugins\/seo\/ -->\n<title>Baseline+ Produktsortiment - Itrusta<\/title>\n<meta name=\"robots\" content=\"index, follow, max-snippet:-1, max-image-preview:large, max-video-preview:-1\" \/>\n<link rel=\"canonical\" href=\"https:\/\/itrusta.lt\/da\/baseline-produktsortiment\/\" \/>\n<meta property=\"og:locale\" content=\"da_DK\" \/>\n<meta property=\"og:type\" content=\"article\" \/>\n<meta property=\"og:title\" content=\"Baseline+ Produktsortiment - Itrusta\" \/>\n<meta property=\"og:description\" content=\"Baseline+ Skab v\u00e6rdi med Baseline+ produkter Ledelsesrapport Som supplement til Baseline-rapportering tilbydes en udvidet rapport, der sammentr\u00e6kker alle v\u00e6sentlige hovedtal \u2013 KPI \u2013 i forhold til egen status, udvikling og benchmark. F\u00e6llesskaber Samarbejdende organisationer ops\u00e6ttes i communities, s\u00e5ledes at de kan dele indsigt i deres compliance, overfor lov og \u201cbest practice\u201d. Serviceaftale Tegn en serviceaftale [&hellip;]\" \/>\n<meta property=\"og:url\" content=\"https:\/\/itrusta.lt\/da\/baseline-produktsortiment\/\" \/>\n<meta property=\"og:site_name\" content=\"Itrusta\" \/>\n<meta property=\"article:modified_time\" content=\"2022-04-12T12:18:17+00:00\" \/>\n<meta property=\"og:image\" content=\"https:\/\/itrusta.lt\/wp-content\/uploads\/2020\/12\/gutener-corporate-img6-50-50.png\" \/>\n<meta name=\"twitter:card\" content=\"summary_large_image\" \/>\n<meta name=\"twitter:label1\" content=\"Estimeret l\u00e6setid\" \/>\n\t<meta name=\"twitter:data1\" content=\"2 minutter\" \/>\n<script type=\"application\/ld+json\" class=\"yoast-schema-graph\">{\"@context\":\"https:\/\/schema.org\",\"@graph\":[{\"@type\":\"WebPage\",\"@id\":\"https:\/\/itrusta.lt\/da\/baseline-produktsortiment\/\",\"url\":\"https:\/\/itrusta.lt\/da\/baseline-produktsortiment\/\",\"name\":\"Baseline+ Produktsortiment - Itrusta\",\"isPartOf\":{\"@id\":\"https:\/\/itrusta.lt\/#website\"},\"primaryImageOfPage\":{\"@id\":\"https:\/\/itrusta.lt\/da\/baseline-produktsortiment\/#primaryimage\"},\"image\":{\"@id\":\"https:\/\/itrusta.lt\/da\/baseline-produktsortiment\/#primaryimage\"},\"thumbnailUrl\":\"https:\/\/itrusta.lt\/wp-content\/uploads\/2020\/12\/gutener-corporate-img6-50-50.png\",\"datePublished\":\"2021-11-24T10:20:08+00:00\",\"dateModified\":\"2022-04-12T12:18:17+00:00\",\"breadcrumb\":{\"@id\":\"https:\/\/itrusta.lt\/da\/baseline-produktsortiment\/#breadcrumb\"},\"inLanguage\":\"da-DK\",\"potentialAction\":[{\"@type\":\"ReadAction\",\"target\":[\"https:\/\/itrusta.lt\/da\/baseline-produktsortiment\/\"]}]},{\"@type\":\"ImageObject\",\"inLanguage\":\"da-DK\",\"@id\":\"https:\/\/itrusta.lt\/da\/baseline-produktsortiment\/#primaryimage\",\"url\":\"https:\/\/itrusta.lt\/wp-content\/uploads\/2020\/12\/gutener-corporate-img6-50-50.png\",\"contentUrl\":\"https:\/\/itrusta.lt\/wp-content\/uploads\/2020\/12\/gutener-corporate-img6-50-50.png\"},{\"@type\":\"BreadcrumbList\",\"@id\":\"https:\/\/itrusta.lt\/da\/baseline-produktsortiment\/#breadcrumb\",\"itemListElement\":[{\"@type\":\"ListItem\",\"position\":1,\"name\":\"Home\",\"item\":\"https:\/\/itrusta.lt\/da\/\"},{\"@type\":\"ListItem\",\"position\":2,\"name\":\"Baseline+ Produktsortiment\"}]},{\"@type\":\"WebSite\",\"@id\":\"https:\/\/itrusta.lt\/#website\",\"url\":\"https:\/\/itrusta.lt\/\",\"name\":\"Itrusta\",\"description\":\"Compliance within reach\",\"publisher\":{\"@id\":\"https:\/\/itrusta.lt\/#organization\"},\"potentialAction\":[{\"@type\":\"SearchAction\",\"target\":{\"@type\":\"EntryPoint\",\"urlTemplate\":\"https:\/\/itrusta.lt\/?s={search_term_string}\"},\"query-input\":{\"@type\":\"PropertyValueSpecification\",\"valueRequired\":true,\"valueName\":\"search_term_string\"}}],\"inLanguage\":\"da-DK\"},{\"@type\":\"Organization\",\"@id\":\"https:\/\/itrusta.lt\/#organization\",\"name\":\"Itrusta\",\"url\":\"https:\/\/itrusta.lt\/\",\"logo\":{\"@type\":\"ImageObject\",\"inLanguage\":\"da-DK\",\"@id\":\"https:\/\/itrusta.lt\/#\/schema\/logo\/image\/\",\"url\":\"https:\/\/itrusta.lt\/wp-content\/uploads\/2021\/02\/logo.png\",\"contentUrl\":\"https:\/\/itrusta.lt\/wp-content\/uploads\/2021\/02\/logo.png\",\"width\":264,\"height\":88,\"caption\":\"Itrusta\"},\"image\":{\"@id\":\"https:\/\/itrusta.lt\/#\/schema\/logo\/image\/\"}}]}<\/script>\n<!-- \/ Yoast SEO plugin. -->","yoast_head_json":{"title":"Baseline+ Produktsortiment - Itrusta","robots":{"index":"index","follow":"follow","max-snippet":"max-snippet:-1","max-image-preview":"max-image-preview:large","max-video-preview":"max-video-preview:-1"},"canonical":"https:\/\/itrusta.lt\/da\/baseline-produktsortiment\/","og_locale":"da_DK","og_type":"article","og_title":"Baseline+ Produktsortiment - Itrusta","og_description":"Baseline+ Skab v\u00e6rdi med Baseline+ produkter Ledelsesrapport Som supplement til Baseline-rapportering tilbydes en udvidet rapport, der sammentr\u00e6kker alle v\u00e6sentlige hovedtal \u2013 KPI \u2013 i forhold til egen status, udvikling og benchmark. F\u00e6llesskaber Samarbejdende organisationer ops\u00e6ttes i communities, s\u00e5ledes at de kan dele indsigt i deres compliance, overfor lov og \u201cbest practice\u201d. Serviceaftale Tegn en serviceaftale [&hellip;]","og_url":"https:\/\/itrusta.lt\/da\/baseline-produktsortiment\/","og_site_name":"Itrusta","article_modified_time":"2022-04-12T12:18:17+00:00","og_image":[{"url":"https:\/\/itrusta.lt\/wp-content\/uploads\/2020\/12\/gutener-corporate-img6-50-50.png"}],"twitter_card":"summary_large_image","twitter_misc":{"Estimeret l\u00e6setid":"2 minutter"},"schema":{"@context":"https:\/\/schema.org","@graph":[{"@type":"WebPage","@id":"https:\/\/itrusta.lt\/da\/baseline-produktsortiment\/","url":"https:\/\/itrusta.lt\/da\/baseline-produktsortiment\/","name":"Baseline+ Produktsortiment - Itrusta","isPartOf":{"@id":"https:\/\/itrusta.lt\/#website"},"primaryImageOfPage":{"@id":"https:\/\/itrusta.lt\/da\/baseline-produktsortiment\/#primaryimage"},"image":{"@id":"https:\/\/itrusta.lt\/da\/baseline-produktsortiment\/#primaryimage"},"thumbnailUrl":"https:\/\/itrusta.lt\/wp-content\/uploads\/2020\/12\/gutener-corporate-img6-50-50.png","datePublished":"2021-11-24T10:20:08+00:00","dateModified":"2022-04-12T12:18:17+00:00","breadcrumb":{"@id":"https:\/\/itrusta.lt\/da\/baseline-produktsortiment\/#breadcrumb"},"inLanguage":"da-DK","potentialAction":[{"@type":"ReadAction","target":["https:\/\/itrusta.lt\/da\/baseline-produktsortiment\/"]}]},{"@type":"ImageObject","inLanguage":"da-DK","@id":"https:\/\/itrusta.lt\/da\/baseline-produktsortiment\/#primaryimage","url":"https:\/\/itrusta.lt\/wp-content\/uploads\/2020\/12\/gutener-corporate-img6-50-50.png","contentUrl":"https:\/\/itrusta.lt\/wp-content\/uploads\/2020\/12\/gutener-corporate-img6-50-50.png"},{"@type":"BreadcrumbList","@id":"https:\/\/itrusta.lt\/da\/baseline-produktsortiment\/#breadcrumb","itemListElement":[{"@type":"ListItem","position":1,"name":"Home","item":"https:\/\/itrusta.lt\/da\/"},{"@type":"ListItem","position":2,"name":"Baseline+ Produktsortiment"}]},{"@type":"WebSite","@id":"https:\/\/itrusta.lt\/#website","url":"https:\/\/itrusta.lt\/","name":"Itrusta","description":"Compliance within reach","publisher":{"@id":"https:\/\/itrusta.lt\/#organization"},"potentialAction":[{"@type":"SearchAction","target":{"@type":"EntryPoint","urlTemplate":"https:\/\/itrusta.lt\/?s={search_term_string}"},"query-input":{"@type":"PropertyValueSpecification","valueRequired":true,"valueName":"search_term_string"}}],"inLanguage":"da-DK"},{"@type":"Organization","@id":"https:\/\/itrusta.lt\/#organization","name":"Itrusta","url":"https:\/\/itrusta.lt\/","logo":{"@type":"ImageObject","inLanguage":"da-DK","@id":"https:\/\/itrusta.lt\/#\/schema\/logo\/image\/","url":"https:\/\/itrusta.lt\/wp-content\/uploads\/2021\/02\/logo.png","contentUrl":"https:\/\/itrusta.lt\/wp-content\/uploads\/2021\/02\/logo.png","width":264,"height":88,"caption":"Itrusta"},"image":{"@id":"https:\/\/itrusta.lt\/#\/schema\/logo\/image\/"}}]}},"_links":{"self":[{"href":"https:\/\/itrusta.lt\/da\/wp-json\/wp\/v2\/pages\/1711","targetHints":{"allow":["GET"]}}],"collection":[{"href":"https:\/\/itrusta.lt\/da\/wp-json\/wp\/v2\/pages"}],"about":[{"href":"https:\/\/itrusta.lt\/da\/wp-json\/wp\/v2\/types\/page"}],"author":[{"embeddable":true,"href":"https:\/\/itrusta.lt\/da\/wp-json\/wp\/v2\/users\/11"}],"replies":[{"embeddable":true,"href":"https:\/\/itrusta.lt\/da\/wp-json\/wp\/v2\/comments?post=1711"}],"version-history":[{"count":95,"href":"https:\/\/itrusta.lt\/da\/wp-json\/wp\/v2\/pages\/1711\/revisions"}],"predecessor-version":[{"id":2380,"href":"https:\/\/itrusta.lt\/da\/wp-json\/wp\/v2\/pages\/1711\/revisions\/2380"}],"wp:attachment":[{"href":"https:\/\/itrusta.lt\/da\/wp-json\/wp\/v2\/media?parent=1711"}],"curies":[{"name":"wp","href":"https:\/\/api.w.org\/{rel}","templated":true}]}}