{"id":1916,"date":"2022-03-11T12:38:25","date_gmt":"2022-03-11T11:38:25","guid":{"rendered":"https:\/\/itrusta.lt\/dev1\/?page_id=1916"},"modified":"2022-12-29T14:56:10","modified_gmt":"2022-12-29T12:56:10","slug":"smv-digital-raadgivning-til-digital-sikkerhed-50-000-kr-tilskud","status":"publish","type":"page","link":"https:\/\/itrusta.lt\/da\/smv-digital-raadgivning-til-digital-sikkerhed-50-000-kr-tilskud\/","title":{"rendered":"SMV Digital \u2013 R\u00e5dgivning til digital sikkerhed"},"content":{"rendered":"\t\t<div data-elementor-type=\"wp-page\" data-elementor-id=\"1916\" class=\"elementor elementor-1916\">\n\t\t\t\t\t\t<section class=\"elementor-section elementor-top-section elementor-element elementor-element-16cbc56 elementor-section-boxed elementor-section-height-default elementor-section-height-default\" data-id=\"16cbc56\" data-element_type=\"section\">\n\t\t\t\t\t\t<div class=\"elementor-container elementor-column-gap-default\">\n\t\t\t\t\t<div class=\"elementor-column elementor-col-100 elementor-top-column elementor-element elementor-element-5e0a9bf\" data-id=\"5e0a9bf\" data-element_type=\"column\" data-settings=\"{&quot;background_background&quot;:&quot;classic&quot;}\">\n\t\t\t<div class=\"elementor-widget-wrap elementor-element-populated\">\n\t\t\t\t\t\t<div class=\"elementor-element elementor-element-b9d4bde elementor-widget elementor-widget-spacer\" data-id=\"b9d4bde\" data-element_type=\"widget\" data-widget_type=\"spacer.default\">\n\t\t\t\t<div class=\"elementor-widget-container\">\n\t\t\t\t\t<div class=\"elementor-spacer\">\n\t\t\t<div class=\"elementor-spacer-inner\"><\/div>\n\t\t<\/div>\n\t\t\t\t<\/div>\n\t\t\t\t<\/div>\n\t\t\t\t\t<\/div>\n\t\t<\/div>\n\t\t\t\t\t<\/div>\n\t\t<\/section>\n\t\t\t\t<section class=\"elementor-section elementor-top-section elementor-element elementor-element-594244b5 elementor-section-boxed elementor-section-height-default elementor-section-height-default\" data-id=\"594244b5\" data-element_type=\"section\">\n\t\t\t\t\t\t<div class=\"elementor-container elementor-column-gap-default\">\n\t\t\t\t\t<div class=\"elementor-column elementor-col-100 elementor-top-column elementor-element elementor-element-5b95d2c9\" data-id=\"5b95d2c9\" data-element_type=\"column\">\n\t\t\t<div class=\"elementor-widget-wrap elementor-element-populated\">\n\t\t\t\t\t\t<div class=\"elementor-element elementor-element-26e148a3 elementor-widget elementor-widget-text-editor\" data-id=\"26e148a3\" data-element_type=\"widget\" data-widget_type=\"text-editor.default\">\n\t\t\t\t<div class=\"elementor-widget-container\">\n\t\t\t\t\t\t\t<p>Erhvervsministeriet frigiver puljer., hvor virksomheder kan f\u00e5 mellem 50.000-100.000 i st\u00f8tte til r\u00e5dgivning om digital sikkerhed. Dette kan fx v\u00e6re gennem en certificerings- eller m\u00e6rkningsordning, eller via en gennemgang af kunders digitale sikkerhed og dataetik.<\/p><p>Virksomheder kan l\u00f8bende s\u00f8ge tilskud til r\u00e5dgivning ifm. forbedring af digital sikkerhed. Ans\u00f8gningsmateriale findes p\u00e5 <a href=\"http:\/\/smvdigital.dk\/content\/ydelser\/digital-sikkerhed-og-ansvarlig-dataanvendelse-tilskudsvoucher-paa-50000-kr-til-privat-raadgivning\/ea9edf7c-2cc3-48f5-8f8a-d39a2581d614\/\">SMV:Digital.<\/a><\/p><p><strong>R\u00e5dgiv i digital sikkerhed \u2013 certificering og m\u00e6rkning<\/strong><\/p><p>Tilskuddet giver r\u00e5dgivere mulighed for at supportere kunder med at opn\u00e5 en certificering eller m\u00e6rkning i digital sikkerhed. I den efterf\u00f8lgende vedligeholdelse fungerer certificeringen som et styringsv\u00e6rkt\u00f8j i hverdagen og profilerer virksomheden som et sikkert og ansvarligt fortagende overfor kunder og samarbejdspartnere.<\/p><div class=\"wp-block-image\"><figure class=\"aligncenter size-large\"><img fetchpriority=\"high\" decoding=\"async\" width=\"700\" height=\"117\" class=\"wp-image-1926\" src=\"https:\/\/itrusta.lt\/wp-content\/uploads\/2022\/03\/Design-uden-navn-700x117.png\" alt=\"\" srcset=\"https:\/\/itrusta.lt\/wp-content\/uploads\/2022\/03\/Design-uden-navn-700x117.png 700w, https:\/\/itrusta.lt\/wp-content\/uploads\/2022\/03\/Design-uden-navn-300x50.png 300w, https:\/\/itrusta.lt\/wp-content\/uploads\/2022\/03\/Design-uden-navn-768x128.png 768w, https:\/\/itrusta.lt\/wp-content\/uploads\/2022\/03\/Design-uden-navn.png 1200w\" sizes=\"(max-width: 700px) 100vw, 700px\" \/><\/figure><\/div><p class=\"has-text-align-center\">\u00a0<\/p>\t\t\t\t\t\t<\/div>\n\t\t\t\t<\/div>\n\t\t\t\t<div class=\"elementor-element elementor-element-7667042 elementor-widget elementor-widget-spacer\" data-id=\"7667042\" data-element_type=\"widget\" data-widget_type=\"spacer.default\">\n\t\t\t\t<div class=\"elementor-widget-container\">\n\t\t\t\t\t<div class=\"elementor-spacer\">\n\t\t\t<div class=\"elementor-spacer-inner\"><\/div>\n\t\t<\/div>\n\t\t\t\t<\/div>\n\t\t\t\t<\/div>\n\t\t\t\t\t<\/div>\n\t\t<\/div>\n\t\t\t\t\t<\/div>\n\t\t<\/section>\n\t\t\t\t<section class=\"elementor-section elementor-top-section elementor-element elementor-element-ffeae5e elementor-section-boxed elementor-section-height-default elementor-section-height-default\" data-id=\"ffeae5e\" data-element_type=\"section\">\n\t\t\t\t\t\t<div class=\"elementor-container elementor-column-gap-default\">\n\t\t\t\t\t<div class=\"elementor-column elementor-col-100 elementor-top-column elementor-element elementor-element-1956e3b\" data-id=\"1956e3b\" data-element_type=\"column\">\n\t\t\t<div class=\"elementor-widget-wrap elementor-element-populated\">\n\t\t\t\t\t\t<div class=\"elementor-element elementor-element-eb62e67 elementor-widget elementor-widget-heading\" data-id=\"eb62e67\" data-element_type=\"widget\" data-widget_type=\"heading.default\">\n\t\t\t\t<div class=\"elementor-widget-container\">\n\t\t\t<h2 class=\"elementor-heading-title elementor-size-default\">I-Trust tilbyder st\u00f8tte og r\u00e5dgivning<\/h2>\t\t<\/div>\n\t\t\t\t<\/div>\n\t\t\t\t\t<\/div>\n\t\t<\/div>\n\t\t\t\t\t<\/div>\n\t\t<\/section>\n\t\t\t\t<section class=\"elementor-section elementor-top-section elementor-element elementor-element-af606bc elementor-section-boxed elementor-section-height-default elementor-section-height-default\" data-id=\"af606bc\" data-element_type=\"section\">\n\t\t\t\t\t\t<div class=\"elementor-container elementor-column-gap-default\">\n\t\t\t\t\t<div class=\"elementor-column elementor-col-50 elementor-top-column elementor-element elementor-element-fabe13c\" data-id=\"fabe13c\" data-element_type=\"column\">\n\t\t\t<div class=\"elementor-widget-wrap elementor-element-populated\">\n\t\t\t\t\t\t<div class=\"elementor-element elementor-element-55447d5 elementor-widget elementor-widget-text-editor\" data-id=\"55447d5\" data-element_type=\"widget\" data-widget_type=\"text-editor.default\">\n\t\t\t\t<div class=\"elementor-widget-container\">\n\t\t\t\t\t\t\t<div class=\"wp-block-column\"><div class=\"wp-block-group has-very-light-gray-to-cyan-bluish-gray-gradient-background has-background\"><p><strong>SMV:DIGITAL ans\u00f8gning<\/strong><\/p><p>Via I-Trusts it-evalueringsv\u00e6rkt\u00f8j indsamles data, der beskriver virksomhedens risikoprofil og digitale eksponering:<\/p><ul><li>Produkter, kunder og samarbejdspartnere \u2013 type og f\u00f8lsomhed af data<\/li><li>Data og dataanvendelse<\/li><li>Konsekvensvurdering ift. afh\u00e6ngighed af it og data<\/li><li>It-anvendelse, it-administration og it-kompetencer<\/li><li>Sikkerhedsforanstaltning og sikkerhedsledelse<\/li><\/ul><p>Ovenst\u00e5ende danner grundlag for:<\/p><ol><li>Forslag og anbefalinger til virksomhedens begrundede ans\u00f8gning om tilskud<\/li><li>Ledelsesrapport, m\u00e5lrettet virksomhedens bestyrelse\/ejerkreds.<\/li><\/ol><\/div><\/div>\t\t\t\t\t\t<\/div>\n\t\t\t\t<\/div>\n\t\t\t\t\t<\/div>\n\t\t<\/div>\n\t\t\t\t<div class=\"elementor-column elementor-col-50 elementor-top-column elementor-element elementor-element-69463bb\" data-id=\"69463bb\" data-element_type=\"column\">\n\t\t\t<div class=\"elementor-widget-wrap elementor-element-populated\">\n\t\t\t\t\t\t<div class=\"elementor-element elementor-element-514b2db elementor-widget elementor-widget-text-editor\" data-id=\"514b2db\" data-element_type=\"widget\" data-widget_type=\"text-editor.default\">\n\t\t\t\t<div class=\"elementor-widget-container\">\n\t\t\t\t\t\t\t<div class=\"wp-block-columns\"><div class=\"wp-block-column\"><div class=\"wp-block-group has-background\" style=\"background: linear-gradient(135deg,#b1b1ec 0%,#9cd1e8 86%,#6489ca 100%);\"><p><strong>Tr\u00e6ningsforl\u00f8b af konsulenter<\/strong><\/p><ul><li>Kortl\u00e6gning af virksomheders kritiske <br \/>forretningsprocesser, systemer og data<\/li><li>Risikovurdering<\/li><li>Dokumentation<\/li><li>Brug af v\u00e6rkt\u00f8jer til:<ul><li>Cybertruslen \u2013 CIS18<\/li><\/ul><ul><li>Certificering \u2013 D-m\u00e6rket<\/li><\/ul><ul><li>ISO 27001<\/li><\/ul><\/li><\/ul><p><strong>St\u00f8tte til konsulenter<\/strong><br \/>Underst\u00f8ttelse af arbejdet med kortl\u00e6gning og risikovurdering.<\/p><p><strong>Underst\u00f8ttende platform<\/strong><br \/>Struktureret dataindsamling, dokumentation og rapportering ved brug af enablor, der er udviklet til vurdering af virksomheders sikkerhedsmodenhed og sikkerhedsstyring.\u00a0<\/p><\/div><\/div><\/div><p class=\"has-text-align-center\">\u00a0<\/p>\t\t\t\t\t\t<\/div>\n\t\t\t\t<\/div>\n\t\t\t\t\t<\/div>\n\t\t<\/div>\n\t\t\t\t\t<\/div>\n\t\t<\/section>\n\t\t\t\t<section class=\"elementor-section elementor-top-section elementor-element elementor-element-8bb42b3 elementor-section-boxed elementor-section-height-default elementor-section-height-default\" data-id=\"8bb42b3\" data-element_type=\"section\">\n\t\t\t\t\t\t<div class=\"elementor-container elementor-column-gap-default\">\n\t\t\t\t\t<div class=\"elementor-column elementor-col-100 elementor-top-column elementor-element elementor-element-059b974\" data-id=\"059b974\" data-element_type=\"column\">\n\t\t\t<div class=\"elementor-widget-wrap elementor-element-populated\">\n\t\t\t\t\t\t<div class=\"elementor-element elementor-element-0962456 elementor-widget elementor-widget-text-editor\" data-id=\"0962456\" data-element_type=\"widget\" data-widget_type=\"text-editor.default\">\n\t\t\t\t<div class=\"elementor-widget-container\">\n\t\t\t\t\t\t\t<p>Vil du h\u00f8re mere? Kontakt os p\u00e5 mail: <a href=\"mailto:info@i-trust.dk\">info@i-trust.dk<\/a> eller tlf.: <a href=\"tel:+45%2088%2062%2064%2000\">88 62 64 00<\/a><\/p>\t\t\t\t\t\t<\/div>\n\t\t\t\t<\/div>\n\t\t\t\t\t<\/div>\n\t\t<\/div>\n\t\t\t\t\t<\/div>\n\t\t<\/section>\n\t\t\t\t<section class=\"elementor-section elementor-top-section elementor-element elementor-element-c972842 elementor-section-boxed elementor-section-height-default elementor-section-height-default\" data-id=\"c972842\" data-element_type=\"section\">\n\t\t\t\t\t\t<div class=\"elementor-container elementor-column-gap-default\">\n\t\t\t\t\t<div class=\"elementor-column elementor-col-100 elementor-top-column elementor-element elementor-element-8174661\" data-id=\"8174661\" data-element_type=\"column\">\n\t\t\t<div class=\"elementor-widget-wrap elementor-element-populated\">\n\t\t\t\t\t\t<div class=\"elementor-element elementor-element-cb11d95 elementor-widget elementor-widget-spacer\" data-id=\"cb11d95\" data-element_type=\"widget\" data-widget_type=\"spacer.default\">\n\t\t\t\t<div class=\"elementor-widget-container\">\n\t\t\t\t\t<div class=\"elementor-spacer\">\n\t\t\t<div class=\"elementor-spacer-inner\"><\/div>\n\t\t<\/div>\n\t\t\t\t<\/div>\n\t\t\t\t<\/div>\n\t\t\t\t\t<\/div>\n\t\t<\/div>\n\t\t\t\t\t<\/div>\n\t\t<\/section>\n\t\t\t\t<\/div>\n\t\t","protected":false},"excerpt":{"rendered":"<p>Erhvervsministeriet frigiver puljer., hvor virksomheder kan f\u00e5 mellem 50.000-100.000 i st\u00f8tte til r\u00e5dgivning om digital sikkerhed. Dette kan fx v\u00e6re gennem en certificerings- eller m\u00e6rkningsordning, eller via en gennemgang af kunders digitale sikkerhed og dataetik. Virksomheder kan l\u00f8bende s\u00f8ge tilskud til r\u00e5dgivning ifm. forbedring af digital sikkerhed. Ans\u00f8gningsmateriale findes p\u00e5 SMV:Digital. R\u00e5dgiv i digital sikkerhed [&hellip;]<\/p>\n","protected":false},"author":11,"featured_media":0,"parent":0,"menu_order":0,"comment_status":"closed","ping_status":"closed","template":"elementor_header_footer","meta":{"site-sidebar-layout":"default","site-content-layout":"","ast-site-content-layout":"","site-content-style":"default","site-sidebar-style":"default","ast-global-header-display":"","ast-banner-title-visibility":"","ast-main-header-display":"","ast-hfb-above-header-display":"","ast-hfb-below-header-display":"","ast-hfb-mobile-header-display":"","site-post-title":"","ast-breadcrumbs-content":"","ast-featured-img":"","footer-sml-layout":"","theme-transparent-header-meta":"","adv-header-id-meta":"","stick-header-meta":"","header-above-stick-meta":"","header-main-stick-meta":"","header-below-stick-meta":"","astra-migrate-meta-layouts":"default","ast-page-background-enabled":"default","ast-page-background-meta":{"desktop":{"background-color":"var(--ast-global-color-4)","background-image":"","background-repeat":"repeat","background-position":"center center","background-size":"auto","background-attachment":"scroll","background-type":"","background-media":"","overlay-type":"","overlay-color":"","overlay-gradient":""},"tablet":{"background-color":"","background-image":"","background-repeat":"repeat","background-position":"center center","background-size":"auto","background-attachment":"scroll","background-type":"","background-media":"","overlay-type":"","overlay-color":"","overlay-gradient":""},"mobile":{"background-color":"","background-image":"","background-repeat":"repeat","background-position":"center center","background-size":"auto","background-attachment":"scroll","background-type":"","background-media":"","overlay-type":"","overlay-color":"","overlay-gradient":""}},"ast-content-background-meta":{"desktop":{"background-color":"var(--ast-global-color-5)","background-image":"","background-repeat":"repeat","background-position":"center center","background-size":"auto","background-attachment":"scroll","background-type":"","background-media":"","overlay-type":"","overlay-color":"","overlay-gradient":""},"tablet":{"background-color":"var(--ast-global-color-5)","background-image":"","background-repeat":"repeat","background-position":"center center","background-size":"auto","background-attachment":"scroll","background-type":"","background-media":"","overlay-type":"","overlay-color":"","overlay-gradient":""},"mobile":{"background-color":"var(--ast-global-color-5)","background-image":"","background-repeat":"repeat","background-position":"center center","background-size":"auto","background-attachment":"scroll","background-type":"","background-media":"","overlay-type":"","overlay-color":"","overlay-gradient":""}},"footnotes":""},"class_list":["post-1916","page","type-page","status-publish","hentry"],"acf":[],"yoast_head":"<!-- This site is optimized with the Yoast SEO plugin v23.4 - https:\/\/yoast.com\/wordpress\/plugins\/seo\/ -->\n<title>SMV Digital \u2013 R\u00e5dgivning til digital sikkerhed - Itrusta<\/title>\n<meta name=\"robots\" content=\"index, follow, max-snippet:-1, max-image-preview:large, max-video-preview:-1\" \/>\n<link rel=\"canonical\" href=\"https:\/\/itrusta.lt\/da\/smv-digital-raadgivning-til-digital-sikkerhed-50-000-kr-tilskud\/\" \/>\n<meta property=\"og:locale\" content=\"da_DK\" \/>\n<meta property=\"og:type\" content=\"article\" \/>\n<meta property=\"og:title\" content=\"SMV Digital \u2013 R\u00e5dgivning til digital sikkerhed - Itrusta\" \/>\n<meta property=\"og:description\" content=\"Erhvervsministeriet frigiver puljer., hvor virksomheder kan f\u00e5 mellem 50.000-100.000 i st\u00f8tte til r\u00e5dgivning om digital sikkerhed. Dette kan fx v\u00e6re gennem en certificerings- eller m\u00e6rkningsordning, eller via en gennemgang af kunders digitale sikkerhed og dataetik. Virksomheder kan l\u00f8bende s\u00f8ge tilskud til r\u00e5dgivning ifm. forbedring af digital sikkerhed. Ans\u00f8gningsmateriale findes p\u00e5 SMV:Digital. R\u00e5dgiv i digital sikkerhed [&hellip;]\" \/>\n<meta property=\"og:url\" content=\"https:\/\/itrusta.lt\/da\/smv-digital-raadgivning-til-digital-sikkerhed-50-000-kr-tilskud\/\" \/>\n<meta property=\"og:site_name\" content=\"Itrusta\" \/>\n<meta property=\"article:modified_time\" content=\"2022-12-29T12:56:10+00:00\" \/>\n<meta property=\"og:image\" content=\"https:\/\/itrusta.lt\/wp-content\/uploads\/2022\/03\/Design-uden-navn-700x117.png\" \/>\n<meta name=\"twitter:card\" content=\"summary_large_image\" \/>\n<meta name=\"twitter:label1\" content=\"Estimeret l\u00e6setid\" \/>\n\t<meta name=\"twitter:data1\" content=\"2 minutter\" \/>\n<script type=\"application\/ld+json\" class=\"yoast-schema-graph\">{\"@context\":\"https:\/\/schema.org\",\"@graph\":[{\"@type\":\"WebPage\",\"@id\":\"https:\/\/itrusta.lt\/da\/smv-digital-raadgivning-til-digital-sikkerhed-50-000-kr-tilskud\/\",\"url\":\"https:\/\/itrusta.lt\/da\/smv-digital-raadgivning-til-digital-sikkerhed-50-000-kr-tilskud\/\",\"name\":\"SMV Digital \u2013 R\u00e5dgivning til digital sikkerhed - Itrusta\",\"isPartOf\":{\"@id\":\"https:\/\/itrusta.lt\/#website\"},\"primaryImageOfPage\":{\"@id\":\"https:\/\/itrusta.lt\/da\/smv-digital-raadgivning-til-digital-sikkerhed-50-000-kr-tilskud\/#primaryimage\"},\"image\":{\"@id\":\"https:\/\/itrusta.lt\/da\/smv-digital-raadgivning-til-digital-sikkerhed-50-000-kr-tilskud\/#primaryimage\"},\"thumbnailUrl\":\"https:\/\/itrusta.lt\/wp-content\/uploads\/2022\/03\/Design-uden-navn-700x117.png\",\"datePublished\":\"2022-03-11T11:38:25+00:00\",\"dateModified\":\"2022-12-29T12:56:10+00:00\",\"breadcrumb\":{\"@id\":\"https:\/\/itrusta.lt\/da\/smv-digital-raadgivning-til-digital-sikkerhed-50-000-kr-tilskud\/#breadcrumb\"},\"inLanguage\":\"da-DK\",\"potentialAction\":[{\"@type\":\"ReadAction\",\"target\":[\"https:\/\/itrusta.lt\/da\/smv-digital-raadgivning-til-digital-sikkerhed-50-000-kr-tilskud\/\"]}]},{\"@type\":\"ImageObject\",\"inLanguage\":\"da-DK\",\"@id\":\"https:\/\/itrusta.lt\/da\/smv-digital-raadgivning-til-digital-sikkerhed-50-000-kr-tilskud\/#primaryimage\",\"url\":\"https:\/\/itrusta.lt\/wp-content\/uploads\/2022\/03\/Design-uden-navn-700x117.png\",\"contentUrl\":\"https:\/\/itrusta.lt\/wp-content\/uploads\/2022\/03\/Design-uden-navn-700x117.png\"},{\"@type\":\"BreadcrumbList\",\"@id\":\"https:\/\/itrusta.lt\/da\/smv-digital-raadgivning-til-digital-sikkerhed-50-000-kr-tilskud\/#breadcrumb\",\"itemListElement\":[{\"@type\":\"ListItem\",\"position\":1,\"name\":\"Home\",\"item\":\"https:\/\/itrusta.lt\/da\/\"},{\"@type\":\"ListItem\",\"position\":2,\"name\":\"SMV Digital \u2013 R\u00e5dgivning til digital sikkerhed\"}]},{\"@type\":\"WebSite\",\"@id\":\"https:\/\/itrusta.lt\/#website\",\"url\":\"https:\/\/itrusta.lt\/\",\"name\":\"Itrusta\",\"description\":\"Compliance within reach\",\"publisher\":{\"@id\":\"https:\/\/itrusta.lt\/#organization\"},\"potentialAction\":[{\"@type\":\"SearchAction\",\"target\":{\"@type\":\"EntryPoint\",\"urlTemplate\":\"https:\/\/itrusta.lt\/?s={search_term_string}\"},\"query-input\":{\"@type\":\"PropertyValueSpecification\",\"valueRequired\":true,\"valueName\":\"search_term_string\"}}],\"inLanguage\":\"da-DK\"},{\"@type\":\"Organization\",\"@id\":\"https:\/\/itrusta.lt\/#organization\",\"name\":\"Itrusta\",\"url\":\"https:\/\/itrusta.lt\/\",\"logo\":{\"@type\":\"ImageObject\",\"inLanguage\":\"da-DK\",\"@id\":\"https:\/\/itrusta.lt\/#\/schema\/logo\/image\/\",\"url\":\"https:\/\/itrusta.lt\/wp-content\/uploads\/2021\/02\/logo.png\",\"contentUrl\":\"https:\/\/itrusta.lt\/wp-content\/uploads\/2021\/02\/logo.png\",\"width\":264,\"height\":88,\"caption\":\"Itrusta\"},\"image\":{\"@id\":\"https:\/\/itrusta.lt\/#\/schema\/logo\/image\/\"}}]}<\/script>\n<!-- \/ Yoast SEO plugin. -->","yoast_head_json":{"title":"SMV Digital \u2013 R\u00e5dgivning til digital sikkerhed - Itrusta","robots":{"index":"index","follow":"follow","max-snippet":"max-snippet:-1","max-image-preview":"max-image-preview:large","max-video-preview":"max-video-preview:-1"},"canonical":"https:\/\/itrusta.lt\/da\/smv-digital-raadgivning-til-digital-sikkerhed-50-000-kr-tilskud\/","og_locale":"da_DK","og_type":"article","og_title":"SMV Digital \u2013 R\u00e5dgivning til digital sikkerhed - Itrusta","og_description":"Erhvervsministeriet frigiver puljer., hvor virksomheder kan f\u00e5 mellem 50.000-100.000 i st\u00f8tte til r\u00e5dgivning om digital sikkerhed. Dette kan fx v\u00e6re gennem en certificerings- eller m\u00e6rkningsordning, eller via en gennemgang af kunders digitale sikkerhed og dataetik. Virksomheder kan l\u00f8bende s\u00f8ge tilskud til r\u00e5dgivning ifm. forbedring af digital sikkerhed. Ans\u00f8gningsmateriale findes p\u00e5 SMV:Digital. R\u00e5dgiv i digital sikkerhed [&hellip;]","og_url":"https:\/\/itrusta.lt\/da\/smv-digital-raadgivning-til-digital-sikkerhed-50-000-kr-tilskud\/","og_site_name":"Itrusta","article_modified_time":"2022-12-29T12:56:10+00:00","og_image":[{"url":"https:\/\/itrusta.lt\/wp-content\/uploads\/2022\/03\/Design-uden-navn-700x117.png"}],"twitter_card":"summary_large_image","twitter_misc":{"Estimeret l\u00e6setid":"2 minutter"},"schema":{"@context":"https:\/\/schema.org","@graph":[{"@type":"WebPage","@id":"https:\/\/itrusta.lt\/da\/smv-digital-raadgivning-til-digital-sikkerhed-50-000-kr-tilskud\/","url":"https:\/\/itrusta.lt\/da\/smv-digital-raadgivning-til-digital-sikkerhed-50-000-kr-tilskud\/","name":"SMV Digital \u2013 R\u00e5dgivning til digital sikkerhed - Itrusta","isPartOf":{"@id":"https:\/\/itrusta.lt\/#website"},"primaryImageOfPage":{"@id":"https:\/\/itrusta.lt\/da\/smv-digital-raadgivning-til-digital-sikkerhed-50-000-kr-tilskud\/#primaryimage"},"image":{"@id":"https:\/\/itrusta.lt\/da\/smv-digital-raadgivning-til-digital-sikkerhed-50-000-kr-tilskud\/#primaryimage"},"thumbnailUrl":"https:\/\/itrusta.lt\/wp-content\/uploads\/2022\/03\/Design-uden-navn-700x117.png","datePublished":"2022-03-11T11:38:25+00:00","dateModified":"2022-12-29T12:56:10+00:00","breadcrumb":{"@id":"https:\/\/itrusta.lt\/da\/smv-digital-raadgivning-til-digital-sikkerhed-50-000-kr-tilskud\/#breadcrumb"},"inLanguage":"da-DK","potentialAction":[{"@type":"ReadAction","target":["https:\/\/itrusta.lt\/da\/smv-digital-raadgivning-til-digital-sikkerhed-50-000-kr-tilskud\/"]}]},{"@type":"ImageObject","inLanguage":"da-DK","@id":"https:\/\/itrusta.lt\/da\/smv-digital-raadgivning-til-digital-sikkerhed-50-000-kr-tilskud\/#primaryimage","url":"https:\/\/itrusta.lt\/wp-content\/uploads\/2022\/03\/Design-uden-navn-700x117.png","contentUrl":"https:\/\/itrusta.lt\/wp-content\/uploads\/2022\/03\/Design-uden-navn-700x117.png"},{"@type":"BreadcrumbList","@id":"https:\/\/itrusta.lt\/da\/smv-digital-raadgivning-til-digital-sikkerhed-50-000-kr-tilskud\/#breadcrumb","itemListElement":[{"@type":"ListItem","position":1,"name":"Home","item":"https:\/\/itrusta.lt\/da\/"},{"@type":"ListItem","position":2,"name":"SMV Digital \u2013 R\u00e5dgivning til digital sikkerhed"}]},{"@type":"WebSite","@id":"https:\/\/itrusta.lt\/#website","url":"https:\/\/itrusta.lt\/","name":"Itrusta","description":"Compliance within reach","publisher":{"@id":"https:\/\/itrusta.lt\/#organization"},"potentialAction":[{"@type":"SearchAction","target":{"@type":"EntryPoint","urlTemplate":"https:\/\/itrusta.lt\/?s={search_term_string}"},"query-input":{"@type":"PropertyValueSpecification","valueRequired":true,"valueName":"search_term_string"}}],"inLanguage":"da-DK"},{"@type":"Organization","@id":"https:\/\/itrusta.lt\/#organization","name":"Itrusta","url":"https:\/\/itrusta.lt\/","logo":{"@type":"ImageObject","inLanguage":"da-DK","@id":"https:\/\/itrusta.lt\/#\/schema\/logo\/image\/","url":"https:\/\/itrusta.lt\/wp-content\/uploads\/2021\/02\/logo.png","contentUrl":"https:\/\/itrusta.lt\/wp-content\/uploads\/2021\/02\/logo.png","width":264,"height":88,"caption":"Itrusta"},"image":{"@id":"https:\/\/itrusta.lt\/#\/schema\/logo\/image\/"}}]}},"_links":{"self":[{"href":"https:\/\/itrusta.lt\/da\/wp-json\/wp\/v2\/pages\/1916","targetHints":{"allow":["GET"]}}],"collection":[{"href":"https:\/\/itrusta.lt\/da\/wp-json\/wp\/v2\/pages"}],"about":[{"href":"https:\/\/itrusta.lt\/da\/wp-json\/wp\/v2\/types\/page"}],"author":[{"embeddable":true,"href":"https:\/\/itrusta.lt\/da\/wp-json\/wp\/v2\/users\/11"}],"replies":[{"embeddable":true,"href":"https:\/\/itrusta.lt\/da\/wp-json\/wp\/v2\/comments?post=1916"}],"version-history":[{"count":74,"href":"https:\/\/itrusta.lt\/da\/wp-json\/wp\/v2\/pages\/1916\/revisions"}],"predecessor-version":[{"id":6884,"href":"https:\/\/itrusta.lt\/da\/wp-json\/wp\/v2\/pages\/1916\/revisions\/6884"}],"wp:attachment":[{"href":"https:\/\/itrusta.lt\/da\/wp-json\/wp\/v2\/media?parent=1916"}],"curies":[{"name":"wp","href":"https:\/\/api.w.org\/{rel}","templated":true}]}}