{"id":213,"date":"2021-02-12T15:17:48","date_gmt":"2021-02-12T14:17:48","guid":{"rendered":"https:\/\/itrusta.lt\/dev1\/?page_id=213"},"modified":"2022-08-23T09:04:38","modified_gmt":"2022-08-23T07:04:38","slug":"baseline","status":"publish","type":"page","link":"https:\/\/itrusta.lt\/da\/baseline\/","title":{"rendered":"Baseline"},"content":{"rendered":"\t\t<div data-elementor-type=\"wp-page\" data-elementor-id=\"213\" class=\"elementor elementor-213\">\n\t\t\t\t\t\t<section class=\"elementor-section elementor-top-section elementor-element elementor-element-24b8c49 elementor-section-boxed elementor-section-height-default elementor-section-height-default\" data-id=\"24b8c49\" data-element_type=\"section\">\n\t\t\t\t\t\t<div class=\"elementor-container elementor-column-gap-default\">\n\t\t\t\t\t<div class=\"elementor-column elementor-col-100 elementor-top-column elementor-element elementor-element-94c7321\" data-id=\"94c7321\" data-element_type=\"column\" data-settings=\"{&quot;background_background&quot;:&quot;classic&quot;}\">\n\t\t\t<div class=\"elementor-widget-wrap elementor-element-populated\">\n\t\t\t\t\t\t<div class=\"elementor-element elementor-element-3fc9528 elementor-widget elementor-widget-spacer\" data-id=\"3fc9528\" data-element_type=\"widget\" data-widget_type=\"spacer.default\">\n\t\t\t\t<div class=\"elementor-widget-container\">\n\t\t\t\t\t<div class=\"elementor-spacer\">\n\t\t\t<div class=\"elementor-spacer-inner\"><\/div>\n\t\t<\/div>\n\t\t\t\t<\/div>\n\t\t\t\t<\/div>\n\t\t\t\t\t<\/div>\n\t\t<\/div>\n\t\t\t\t\t<\/div>\n\t\t<\/section>\n\t\t\t\t<section class=\"elementor-section elementor-top-section elementor-element elementor-element-6f36405b elementor-section-boxed elementor-section-height-default elementor-section-height-default\" data-id=\"6f36405b\" data-element_type=\"section\">\n\t\t\t\t\t\t<div class=\"elementor-container elementor-column-gap-default\">\n\t\t\t\t\t<div class=\"elementor-column elementor-col-100 elementor-top-column elementor-element elementor-element-3c792ac0\" data-id=\"3c792ac0\" data-element_type=\"column\">\n\t\t\t<div class=\"elementor-widget-wrap elementor-element-populated\">\n\t\t\t\t\t\t<div class=\"elementor-element elementor-element-a3b94b3 elementor-widget elementor-widget-heading\" data-id=\"a3b94b3\" data-element_type=\"widget\" data-widget_type=\"heading.default\">\n\t\t\t\t<div class=\"elementor-widget-container\">\n\t\t\t<h1 class=\"elementor-heading-title elementor-size-default\">Baseline<\/h1>\t\t<\/div>\n\t\t\t\t<\/div>\n\t\t\t\t<div class=\"elementor-element elementor-element-16113cde elementor-widget elementor-widget-text-editor\" data-id=\"16113cde\" data-element_type=\"widget\" data-widget_type=\"text-editor.default\">\n\t\t\t\t<div class=\"elementor-widget-container\">\n\t\t\t\t\t\t\t<p>Baseline er et analytisk v\u00e6rkt\u00f8j til vurdering af organisationens status indenfor emner som it-sikkerhed, informationssikkerhed og GDPR. Baseline er udviklet i Danmark, med fokus p\u00e5 love og anerkendte standarder.<\/p><p>V\u00e6rkt\u00f8jet tilg\u00e5s i I-Trusts SaaS-platform <a href=\"https:\/\/itrusta.lt\/enablor\/\" data-type=\"page\" data-id=\"349\">enablor<\/a>, og giver mulighed for rapporteringsv\u00e6rkt\u00f8jer, med et letforst\u00e5eligt og klart overblik over de indsatsomr\u00e5der, der kr\u00e6ver organisationens opm\u00e6rksomhed. Baseline bygger p\u00e5 sp\u00f8rgerammem\u00e5linger og benchmark-data, hvor outputtet giver brugeren en afklaring af organisationens gaps og s\u00e5rbarheder.<\/p><p>Baseline er baseret p\u00e5 <span style=\"font-size: 16px; font-style: normal; font-weight: 400;\">modellen fra<\/span><span style=\"font-size: 16px;\"> det anerkendte Carnegie Mellons IDEAL, der har bevist sin v\u00e6rdi i store nationale og internationale projekter for de deltagende virksomheder og organisationer. Baseline har v\u00e6ret anvendt af alle landets kommuner siden 2016.\u00a0<\/span><\/p>\t\t\t\t\t\t<\/div>\n\t\t\t\t<\/div>\n\t\t\t\t\t<\/div>\n\t\t<\/div>\n\t\t\t\t\t<\/div>\n\t\t<\/section>\n\t\t\t\t<section class=\"elementor-section elementor-top-section elementor-element elementor-element-1417af0 elementor-section-boxed elementor-section-height-default elementor-section-height-default\" data-id=\"1417af0\" data-element_type=\"section\">\n\t\t\t\t\t\t<div class=\"elementor-container elementor-column-gap-default\">\n\t\t\t\t\t<div class=\"elementor-column elementor-col-50 elementor-top-column elementor-element elementor-element-513d1f9\" data-id=\"513d1f9\" data-element_type=\"column\">\n\t\t\t<div class=\"elementor-widget-wrap elementor-element-populated\">\n\t\t\t\t\t\t<div class=\"elementor-element elementor-element-ddb7277 elementor-widget elementor-widget-image\" data-id=\"ddb7277\" data-element_type=\"widget\" data-widget_type=\"image.default\">\n\t\t\t\t<div class=\"elementor-widget-container\">\n\t\t\t\t\t\t\t\t\t\t\t\t\t<img decoding=\"async\" src=\"https:\/\/itrusta.lt\/wp-content\/uploads\/elementor\/thumbs\/image-pwxhsoghjpamdgpmp8w0hq0r7qh4jkc8hwn75zwh78.png\" title=\"image\" alt=\"image\" loading=\"lazy\" \/>\t\t\t\t\t\t\t\t\t\t\t\t\t<\/div>\n\t\t\t\t<\/div>\n\t\t\t\t\t<\/div>\n\t\t<\/div>\n\t\t\t\t<div class=\"elementor-column elementor-col-50 elementor-top-column elementor-element elementor-element-680d235\" data-id=\"680d235\" data-element_type=\"column\">\n\t\t\t<div class=\"elementor-widget-wrap elementor-element-populated\">\n\t\t\t\t\t\t<div class=\"elementor-element elementor-element-9df38e4 elementor-widget elementor-widget-text-editor\" data-id=\"9df38e4\" data-element_type=\"widget\" data-widget_type=\"text-editor.default\">\n\t\t\t\t<div class=\"elementor-widget-container\">\n\t\t\t\t\t\t\t<h4 class=\"elementor-heading-title elementor-size-default elementor-inline-editing pen\" contenteditable=\"true\" data-elementor-setting-key=\"title\" data-pen-placeholder=\"Skriv her...\"><strong>Baseline ops\u00e6ttes med lov- og standardrammer:<\/strong><\/h4><div><strong><br><\/strong><\/div>\n<ul>\n<li>GDPR<\/li>\n<\/ul>\n<ul>\n<li>ISO 27001-2 &#8211; Informationssikkerhed<\/li>\n<\/ul>\n<ul>\n<li>Cybersikkerhed<\/li>\n<\/ul>\n<ul>\n<li>ISO 9001 &#8211; Kvalitetsledelse<\/li>\n<\/ul>\n<ul>\n<li>ISO 20000-1 &#8211; Certifikation for it-tjenester<\/li>\n<\/ul>\t\t\t\t\t\t<\/div>\n\t\t\t\t<\/div>\n\t\t\t\t\t<\/div>\n\t\t<\/div>\n\t\t\t\t\t<\/div>\n\t\t<\/section>\n\t\t\t\t<section class=\"elementor-section elementor-top-section elementor-element elementor-element-8cb3d93 elementor-section-boxed elementor-section-height-default elementor-section-height-default\" data-id=\"8cb3d93\" data-element_type=\"section\">\n\t\t\t\t\t\t<div class=\"elementor-container elementor-column-gap-default\">\n\t\t\t\t\t<div class=\"elementor-column elementor-col-50 elementor-top-column elementor-element elementor-element-40a4def\" data-id=\"40a4def\" data-element_type=\"column\">\n\t\t\t<div class=\"elementor-widget-wrap elementor-element-populated\">\n\t\t\t\t\t\t<div class=\"elementor-element elementor-element-e2a7850 elementor-widget elementor-widget-heading\" data-id=\"e2a7850\" data-element_type=\"widget\" data-widget_type=\"heading.default\">\n\t\t\t\t<div class=\"elementor-widget-container\">\n\t\t\t<h2 class=\"elementor-heading-title elementor-size-default\">Udbytte for virksomheden:<\/h2>\t\t<\/div>\n\t\t\t\t<\/div>\n\t\t\t\t<div class=\"elementor-element elementor-element-27871d5 elementor-widget elementor-widget-text-editor\" data-id=\"27871d5\" data-element_type=\"widget\" data-widget_type=\"text-editor.default\">\n\t\t\t\t<div class=\"elementor-widget-container\">\n\t\t\t\t\t\t\t<ul><li>Organisationen, herunder ledelsen f\u00e5r direkte adgang til m\u00e5lrettet information omkring deres sikkerhedsvurdering og udvikling<\/li><li>Gap-analyser af s\u00e5rbarheder, og mulighed for at m\u00e5lrette indsatser<\/li><\/ul><ul><li>Adgang til benchmark-data<\/li><\/ul><ul><li>Mulighed for at f\u00f8lge udviklingen af indsats gennem gentagende sikkerhedsm\u00e5linger<\/li><\/ul><ul><li>Et centraliseret v\u00e6rkt\u00f8j, som er nemt at bruge, og et rapportcenter, der er let at tilg\u00e5<\/li><\/ul>\t\t\t\t\t\t<\/div>\n\t\t\t\t<\/div>\n\t\t\t\t\t<\/div>\n\t\t<\/div>\n\t\t\t\t<div class=\"elementor-column elementor-col-50 elementor-top-column elementor-element elementor-element-3e7e49e\" data-id=\"3e7e49e\" data-element_type=\"column\">\n\t\t\t<div class=\"elementor-widget-wrap elementor-element-populated\">\n\t\t\t\t\t\t<div class=\"elementor-element elementor-element-7b59408 elementor-widget elementor-widget-heading\" data-id=\"7b59408\" data-element_type=\"widget\" data-widget_type=\"heading.default\">\n\t\t\t\t<div class=\"elementor-widget-container\">\n\t\t\t<h2 class=\"elementor-heading-title elementor-size-default\">Eksempler p\u00e5 anvendelse af Baseline:<\/h2>\t\t<\/div>\n\t\t\t\t<\/div>\n\t\t\t\t<div class=\"elementor-element elementor-element-13dd179 elementor-widget elementor-widget-text-editor\" data-id=\"13dd179\" data-element_type=\"widget\" data-widget_type=\"text-editor.default\">\n\t\t\t\t<div class=\"elementor-widget-container\">\n\t\t\t\t\t\t\t<ul><li>Virksomheders vurdering af egen it-sikkerhedsindsats i forhold til standarder og love<\/li><li>Koncerners vurdering af datterselskabers complianceindsats<\/li><\/ul><ul><li>Virksomhedens evne til overholdelse af persondataforordningen<\/li><\/ul><ul><li>Tilsyn af samarbejdspartnere, herunder leverand\u00f8rer, kunder og eksterne databehandlere<\/li><\/ul><ul><li>Interesseorganisationer til f\u00e6lles indsatser for medlemsvirksomheder<\/li><\/ul>\t\t\t\t\t\t<\/div>\n\t\t\t\t<\/div>\n\t\t\t\t\t<\/div>\n\t\t<\/div>\n\t\t\t\t\t<\/div>\n\t\t<\/section>\n\t\t\t\t<section class=\"elementor-section elementor-top-section elementor-element elementor-element-36fcbf6 elementor-section-boxed elementor-section-height-default elementor-section-height-default\" data-id=\"36fcbf6\" data-element_type=\"section\">\n\t\t\t\t\t\t<div class=\"elementor-container elementor-column-gap-default\">\n\t\t\t\t\t<div class=\"elementor-column elementor-col-50 elementor-top-column elementor-element elementor-element-7951fd0\" data-id=\"7951fd0\" data-element_type=\"column\">\n\t\t\t<div class=\"elementor-widget-wrap elementor-element-populated\">\n\t\t\t\t\t\t<div class=\"elementor-element elementor-element-d45d76e elementor-widget elementor-widget-heading\" data-id=\"d45d76e\" data-element_type=\"widget\" data-widget_type=\"heading.default\">\n\t\t\t\t<div class=\"elementor-widget-container\">\n\t\t\t<h2 class=\"elementor-heading-title elementor-size-default\">Virksomheden kan tilg\u00e5 egne data via:<\/h2>\t\t<\/div>\n\t\t\t\t<\/div>\n\t\t\t\t<div class=\"elementor-element elementor-element-095c854 elementor-widget elementor-widget-text-editor\" data-id=\"095c854\" data-element_type=\"widget\" data-widget_type=\"text-editor.default\">\n\t\t\t\t<div class=\"elementor-widget-container\">\n\t\t\t\t\t\t\t<ul><li>Business Intelligence-v\u00e6rkt\u00f8j<\/li><li>Onepager-rapporter<\/li><li>Ledelsesrapporter<\/li><li>F\u00e6lles benchmark<\/li><li>Analyse af data via Baseline og\/eller ved eksport af data<\/li><\/ul>\t\t\t\t\t\t<\/div>\n\t\t\t\t<\/div>\n\t\t\t\t\t<\/div>\n\t\t<\/div>\n\t\t\t\t<div class=\"elementor-column elementor-col-50 elementor-top-column elementor-element elementor-element-fb90f61\" data-id=\"fb90f61\" data-element_type=\"column\">\n\t\t\t<div class=\"elementor-widget-wrap elementor-element-populated\">\n\t\t\t\t\t\t<div class=\"elementor-element elementor-element-0528967 elementor-widget elementor-widget-image\" data-id=\"0528967\" data-element_type=\"widget\" data-widget_type=\"image.default\">\n\t\t\t\t<div class=\"elementor-widget-container\">\n\t\t\t\t\t\t\t\t\t\t\t\t\t<img fetchpriority=\"high\" decoding=\"async\" width=\"700\" height=\"328\" src=\"https:\/\/itrusta.lt\/wp-content\/uploads\/2022\/07\/Skaermbillede-2022-07-05-105256-700x328.png\" class=\"attachment-large size-large wp-image-3377\" alt=\"\" srcset=\"https:\/\/itrusta.lt\/wp-content\/uploads\/2022\/07\/Skaermbillede-2022-07-05-105256-700x328.png 700w, https:\/\/itrusta.lt\/wp-content\/uploads\/2022\/07\/Skaermbillede-2022-07-05-105256-300x141.png 300w, https:\/\/itrusta.lt\/wp-content\/uploads\/2022\/07\/Skaermbillede-2022-07-05-105256-768x360.png 768w, https:\/\/itrusta.lt\/wp-content\/uploads\/2022\/07\/Skaermbillede-2022-07-05-105256-1536x719.png 1536w, https:\/\/itrusta.lt\/wp-content\/uploads\/2022\/07\/Skaermbillede-2022-07-05-105256.png 1896w\" sizes=\"(max-width: 700px) 100vw, 700px\" \/>\t\t\t\t\t\t\t\t\t\t\t\t\t<\/div>\n\t\t\t\t<\/div>\n\t\t\t\t\t<\/div>\n\t\t<\/div>\n\t\t\t\t\t<\/div>\n\t\t<\/section>\n\t\t\t\t<section class=\"elementor-section elementor-top-section elementor-element elementor-element-0d20637 elementor-section-boxed elementor-section-height-default elementor-section-height-default\" data-id=\"0d20637\" data-element_type=\"section\">\n\t\t\t\t\t\t<div class=\"elementor-container elementor-column-gap-default\">\n\t\t\t\t\t<div class=\"elementor-column elementor-col-100 elementor-top-column elementor-element elementor-element-c581d00\" data-id=\"c581d00\" data-element_type=\"column\">\n\t\t\t<div class=\"elementor-widget-wrap elementor-element-populated\">\n\t\t\t\t\t\t<div class=\"elementor-element elementor-element-b36d23e elementor-widget elementor-widget-spacer\" data-id=\"b36d23e\" data-element_type=\"widget\" data-widget_type=\"spacer.default\">\n\t\t\t\t<div class=\"elementor-widget-container\">\n\t\t\t\t\t<div class=\"elementor-spacer\">\n\t\t\t<div class=\"elementor-spacer-inner\"><\/div>\n\t\t<\/div>\n\t\t\t\t<\/div>\n\t\t\t\t<\/div>\n\t\t\t\t\t<\/div>\n\t\t<\/div>\n\t\t\t\t\t<\/div>\n\t\t<\/section>\n\t\t\t\t<\/div>\n\t\t","protected":false},"excerpt":{"rendered":"<p>Baseline Baseline er et analytisk v\u00e6rkt\u00f8j til vurdering af organisationens status indenfor emner som it-sikkerhed, informationssikkerhed og GDPR. Baseline er udviklet i Danmark, med fokus p\u00e5 love og anerkendte standarder. V\u00e6rkt\u00f8jet tilg\u00e5s i I-Trusts SaaS-platform enablor, og giver mulighed for rapporteringsv\u00e6rkt\u00f8jer, med et letforst\u00e5eligt og klart overblik over de indsatsomr\u00e5der, der kr\u00e6ver organisationens opm\u00e6rksomhed. Baseline [&hellip;]<\/p>\n","protected":false},"author":11,"featured_media":0,"parent":0,"menu_order":0,"comment_status":"closed","ping_status":"closed","template":"elementor_header_footer","meta":{"site-sidebar-layout":"default","site-content-layout":"","ast-site-content-layout":"","site-content-style":"default","site-sidebar-style":"default","ast-global-header-display":"","ast-banner-title-visibility":"","ast-main-header-display":"","ast-hfb-above-header-display":"","ast-hfb-below-header-display":"","ast-hfb-mobile-header-display":"","site-post-title":"","ast-breadcrumbs-content":"","ast-featured-img":"","footer-sml-layout":"","theme-transparent-header-meta":"","adv-header-id-meta":"","stick-header-meta":"","header-above-stick-meta":"","header-main-stick-meta":"","header-below-stick-meta":"","astra-migrate-meta-layouts":"default","ast-page-background-enabled":"default","ast-page-background-meta":{"desktop":{"background-color":"var(--ast-global-color-4)","background-image":"","background-repeat":"repeat","background-position":"center center","background-size":"auto","background-attachment":"scroll","background-type":"","background-media":"","overlay-type":"","overlay-color":"","overlay-gradient":""},"tablet":{"background-color":"","background-image":"","background-repeat":"repeat","background-position":"center center","background-size":"auto","background-attachment":"scroll","background-type":"","background-media":"","overlay-type":"","overlay-color":"","overlay-gradient":""},"mobile":{"background-color":"","background-image":"","background-repeat":"repeat","background-position":"center center","background-size":"auto","background-attachment":"scroll","background-type":"","background-media":"","overlay-type":"","overlay-color":"","overlay-gradient":""}},"ast-content-background-meta":{"desktop":{"background-color":"var(--ast-global-color-5)","background-image":"","background-repeat":"repeat","background-position":"center center","background-size":"auto","background-attachment":"scroll","background-type":"","background-media":"","overlay-type":"","overlay-color":"","overlay-gradient":""},"tablet":{"background-color":"var(--ast-global-color-5)","background-image":"","background-repeat":"repeat","background-position":"center center","background-size":"auto","background-attachment":"scroll","background-type":"","background-media":"","overlay-type":"","overlay-color":"","overlay-gradient":""},"mobile":{"background-color":"var(--ast-global-color-5)","background-image":"","background-repeat":"repeat","background-position":"center center","background-size":"auto","background-attachment":"scroll","background-type":"","background-media":"","overlay-type":"","overlay-color":"","overlay-gradient":""}},"footnotes":""},"class_list":["post-213","page","type-page","status-publish","hentry"],"acf":[],"yoast_head":"<!-- This site is optimized with the Yoast SEO plugin v23.4 - https:\/\/yoast.com\/wordpress\/plugins\/seo\/ -->\n<title>Baseline - Itrusta<\/title>\n<meta name=\"robots\" content=\"index, follow, max-snippet:-1, max-image-preview:large, max-video-preview:-1\" \/>\n<link rel=\"canonical\" href=\"https:\/\/itrusta.lt\/da\/baseline\/\" \/>\n<meta property=\"og:locale\" content=\"da_DK\" \/>\n<meta property=\"og:type\" content=\"article\" \/>\n<meta property=\"og:title\" content=\"Baseline - Itrusta\" \/>\n<meta property=\"og:description\" content=\"Baseline Baseline er et analytisk v\u00e6rkt\u00f8j til vurdering af organisationens status indenfor emner som it-sikkerhed, informationssikkerhed og GDPR. Baseline er udviklet i Danmark, med fokus p\u00e5 love og anerkendte standarder. V\u00e6rkt\u00f8jet tilg\u00e5s i I-Trusts SaaS-platform enablor, og giver mulighed for rapporteringsv\u00e6rkt\u00f8jer, med et letforst\u00e5eligt og klart overblik over de indsatsomr\u00e5der, der kr\u00e6ver organisationens opm\u00e6rksomhed. Baseline [&hellip;]\" \/>\n<meta property=\"og:url\" content=\"https:\/\/itrusta.lt\/da\/baseline\/\" \/>\n<meta property=\"og:site_name\" content=\"Itrusta\" \/>\n<meta property=\"article:modified_time\" content=\"2022-08-23T07:04:38+00:00\" \/>\n<meta property=\"og:image\" content=\"https:\/\/itrusta.lt\/wp-content\/uploads\/elementor\/thumbs\/image-po9f0q6idn2a13ql15yfo9ibb0o0tj4iilupbeucr8.png\" \/>\n<meta name=\"twitter:card\" content=\"summary_large_image\" \/>\n<meta name=\"twitter:label1\" content=\"Estimeret l\u00e6setid\" \/>\n\t<meta name=\"twitter:data1\" content=\"2 minutter\" \/>\n<script type=\"application\/ld+json\" class=\"yoast-schema-graph\">{\"@context\":\"https:\/\/schema.org\",\"@graph\":[{\"@type\":\"WebPage\",\"@id\":\"https:\/\/itrusta.lt\/da\/baseline\/\",\"url\":\"https:\/\/itrusta.lt\/da\/baseline\/\",\"name\":\"Baseline - Itrusta\",\"isPartOf\":{\"@id\":\"https:\/\/itrusta.lt\/#website\"},\"primaryImageOfPage\":{\"@id\":\"https:\/\/itrusta.lt\/da\/baseline\/#primaryimage\"},\"image\":{\"@id\":\"https:\/\/itrusta.lt\/da\/baseline\/#primaryimage\"},\"thumbnailUrl\":\"https:\/\/itrusta.lt\/wp-content\/uploads\/elementor\/thumbs\/image-po9f0q6idn2a13ql15yfo9ibb0o0tj4iilupbeucr8.png\",\"datePublished\":\"2021-02-12T14:17:48+00:00\",\"dateModified\":\"2022-08-23T07:04:38+00:00\",\"breadcrumb\":{\"@id\":\"https:\/\/itrusta.lt\/da\/baseline\/#breadcrumb\"},\"inLanguage\":\"da-DK\",\"potentialAction\":[{\"@type\":\"ReadAction\",\"target\":[\"https:\/\/itrusta.lt\/da\/baseline\/\"]}]},{\"@type\":\"ImageObject\",\"inLanguage\":\"da-DK\",\"@id\":\"https:\/\/itrusta.lt\/da\/baseline\/#primaryimage\",\"url\":\"https:\/\/itrusta.lt\/wp-content\/uploads\/elementor\/thumbs\/image-po9f0q6idn2a13ql15yfo9ibb0o0tj4iilupbeucr8.png\",\"contentUrl\":\"https:\/\/itrusta.lt\/wp-content\/uploads\/elementor\/thumbs\/image-po9f0q6idn2a13ql15yfo9ibb0o0tj4iilupbeucr8.png\"},{\"@type\":\"BreadcrumbList\",\"@id\":\"https:\/\/itrusta.lt\/da\/baseline\/#breadcrumb\",\"itemListElement\":[{\"@type\":\"ListItem\",\"position\":1,\"name\":\"Home\",\"item\":\"https:\/\/itrusta.lt\/da\/\"},{\"@type\":\"ListItem\",\"position\":2,\"name\":\"Baseline\"}]},{\"@type\":\"WebSite\",\"@id\":\"https:\/\/itrusta.lt\/#website\",\"url\":\"https:\/\/itrusta.lt\/\",\"name\":\"Itrusta\",\"description\":\"Compliance within reach\",\"publisher\":{\"@id\":\"https:\/\/itrusta.lt\/#organization\"},\"potentialAction\":[{\"@type\":\"SearchAction\",\"target\":{\"@type\":\"EntryPoint\",\"urlTemplate\":\"https:\/\/itrusta.lt\/?s={search_term_string}\"},\"query-input\":{\"@type\":\"PropertyValueSpecification\",\"valueRequired\":true,\"valueName\":\"search_term_string\"}}],\"inLanguage\":\"da-DK\"},{\"@type\":\"Organization\",\"@id\":\"https:\/\/itrusta.lt\/#organization\",\"name\":\"Itrusta\",\"url\":\"https:\/\/itrusta.lt\/\",\"logo\":{\"@type\":\"ImageObject\",\"inLanguage\":\"da-DK\",\"@id\":\"https:\/\/itrusta.lt\/#\/schema\/logo\/image\/\",\"url\":\"https:\/\/itrusta.lt\/wp-content\/uploads\/2021\/02\/logo.png\",\"contentUrl\":\"https:\/\/itrusta.lt\/wp-content\/uploads\/2021\/02\/logo.png\",\"width\":264,\"height\":88,\"caption\":\"Itrusta\"},\"image\":{\"@id\":\"https:\/\/itrusta.lt\/#\/schema\/logo\/image\/\"}}]}<\/script>\n<!-- \/ Yoast SEO plugin. -->","yoast_head_json":{"title":"Baseline - Itrusta","robots":{"index":"index","follow":"follow","max-snippet":"max-snippet:-1","max-image-preview":"max-image-preview:large","max-video-preview":"max-video-preview:-1"},"canonical":"https:\/\/itrusta.lt\/da\/baseline\/","og_locale":"da_DK","og_type":"article","og_title":"Baseline - Itrusta","og_description":"Baseline Baseline er et analytisk v\u00e6rkt\u00f8j til vurdering af organisationens status indenfor emner som it-sikkerhed, informationssikkerhed og GDPR. Baseline er udviklet i Danmark, med fokus p\u00e5 love og anerkendte standarder. V\u00e6rkt\u00f8jet tilg\u00e5s i I-Trusts SaaS-platform enablor, og giver mulighed for rapporteringsv\u00e6rkt\u00f8jer, med et letforst\u00e5eligt og klart overblik over de indsatsomr\u00e5der, der kr\u00e6ver organisationens opm\u00e6rksomhed. Baseline [&hellip;]","og_url":"https:\/\/itrusta.lt\/da\/baseline\/","og_site_name":"Itrusta","article_modified_time":"2022-08-23T07:04:38+00:00","og_image":[{"url":"https:\/\/itrusta.lt\/wp-content\/uploads\/elementor\/thumbs\/image-po9f0q6idn2a13ql15yfo9ibb0o0tj4iilupbeucr8.png"}],"twitter_card":"summary_large_image","twitter_misc":{"Estimeret l\u00e6setid":"2 minutter"},"schema":{"@context":"https:\/\/schema.org","@graph":[{"@type":"WebPage","@id":"https:\/\/itrusta.lt\/da\/baseline\/","url":"https:\/\/itrusta.lt\/da\/baseline\/","name":"Baseline - Itrusta","isPartOf":{"@id":"https:\/\/itrusta.lt\/#website"},"primaryImageOfPage":{"@id":"https:\/\/itrusta.lt\/da\/baseline\/#primaryimage"},"image":{"@id":"https:\/\/itrusta.lt\/da\/baseline\/#primaryimage"},"thumbnailUrl":"https:\/\/itrusta.lt\/wp-content\/uploads\/elementor\/thumbs\/image-po9f0q6idn2a13ql15yfo9ibb0o0tj4iilupbeucr8.png","datePublished":"2021-02-12T14:17:48+00:00","dateModified":"2022-08-23T07:04:38+00:00","breadcrumb":{"@id":"https:\/\/itrusta.lt\/da\/baseline\/#breadcrumb"},"inLanguage":"da-DK","potentialAction":[{"@type":"ReadAction","target":["https:\/\/itrusta.lt\/da\/baseline\/"]}]},{"@type":"ImageObject","inLanguage":"da-DK","@id":"https:\/\/itrusta.lt\/da\/baseline\/#primaryimage","url":"https:\/\/itrusta.lt\/wp-content\/uploads\/elementor\/thumbs\/image-po9f0q6idn2a13ql15yfo9ibb0o0tj4iilupbeucr8.png","contentUrl":"https:\/\/itrusta.lt\/wp-content\/uploads\/elementor\/thumbs\/image-po9f0q6idn2a13ql15yfo9ibb0o0tj4iilupbeucr8.png"},{"@type":"BreadcrumbList","@id":"https:\/\/itrusta.lt\/da\/baseline\/#breadcrumb","itemListElement":[{"@type":"ListItem","position":1,"name":"Home","item":"https:\/\/itrusta.lt\/da\/"},{"@type":"ListItem","position":2,"name":"Baseline"}]},{"@type":"WebSite","@id":"https:\/\/itrusta.lt\/#website","url":"https:\/\/itrusta.lt\/","name":"Itrusta","description":"Compliance within reach","publisher":{"@id":"https:\/\/itrusta.lt\/#organization"},"potentialAction":[{"@type":"SearchAction","target":{"@type":"EntryPoint","urlTemplate":"https:\/\/itrusta.lt\/?s={search_term_string}"},"query-input":{"@type":"PropertyValueSpecification","valueRequired":true,"valueName":"search_term_string"}}],"inLanguage":"da-DK"},{"@type":"Organization","@id":"https:\/\/itrusta.lt\/#organization","name":"Itrusta","url":"https:\/\/itrusta.lt\/","logo":{"@type":"ImageObject","inLanguage":"da-DK","@id":"https:\/\/itrusta.lt\/#\/schema\/logo\/image\/","url":"https:\/\/itrusta.lt\/wp-content\/uploads\/2021\/02\/logo.png","contentUrl":"https:\/\/itrusta.lt\/wp-content\/uploads\/2021\/02\/logo.png","width":264,"height":88,"caption":"Itrusta"},"image":{"@id":"https:\/\/itrusta.lt\/#\/schema\/logo\/image\/"}}]}},"_links":{"self":[{"href":"https:\/\/itrusta.lt\/da\/wp-json\/wp\/v2\/pages\/213","targetHints":{"allow":["GET"]}}],"collection":[{"href":"https:\/\/itrusta.lt\/da\/wp-json\/wp\/v2\/pages"}],"about":[{"href":"https:\/\/itrusta.lt\/da\/wp-json\/wp\/v2\/types\/page"}],"author":[{"embeddable":true,"href":"https:\/\/itrusta.lt\/da\/wp-json\/wp\/v2\/users\/11"}],"replies":[{"embeddable":true,"href":"https:\/\/itrusta.lt\/da\/wp-json\/wp\/v2\/comments?post=213"}],"version-history":[{"count":76,"href":"https:\/\/itrusta.lt\/da\/wp-json\/wp\/v2\/pages\/213\/revisions"}],"predecessor-version":[{"id":4844,"href":"https:\/\/itrusta.lt\/da\/wp-json\/wp\/v2\/pages\/213\/revisions\/4844"}],"wp:attachment":[{"href":"https:\/\/itrusta.lt\/da\/wp-json\/wp\/v2\/media?parent=213"}],"curies":[{"name":"wp","href":"https:\/\/api.w.org\/{rel}","templated":true}]}}