{"id":349,"date":"2021-02-15T12:11:31","date_gmt":"2021-02-15T11:11:31","guid":{"rendered":"https:\/\/itrusta.lt\/dev1\/?page_id=349"},"modified":"2022-08-23T14:20:20","modified_gmt":"2022-08-23T12:20:20","slug":"enablor","status":"publish","type":"page","link":"https:\/\/itrusta.lt\/da\/enablor\/","title":{"rendered":"enablor"},"content":{"rendered":"\t\t<div data-elementor-type=\"wp-page\" data-elementor-id=\"349\" class=\"elementor elementor-349\">\n\t\t\t\t\t\t<section class=\"elementor-section elementor-top-section elementor-element elementor-element-bc7488a elementor-section-boxed elementor-section-height-default elementor-section-height-default\" data-id=\"bc7488a\" data-element_type=\"section\">\n\t\t\t\t\t\t<div class=\"elementor-container elementor-column-gap-default\">\n\t\t\t\t\t<div class=\"elementor-column elementor-col-100 elementor-top-column elementor-element elementor-element-7794634\" data-id=\"7794634\" data-element_type=\"column\" data-settings=\"{&quot;background_background&quot;:&quot;classic&quot;}\">\n\t\t\t<div class=\"elementor-widget-wrap elementor-element-populated\">\n\t\t\t\t\t\t<div class=\"elementor-element elementor-element-4b504d3 elementor-widget elementor-widget-spacer\" data-id=\"4b504d3\" data-element_type=\"widget\" data-widget_type=\"spacer.default\">\n\t\t\t\t<div class=\"elementor-widget-container\">\n\t\t\t\t\t<div class=\"elementor-spacer\">\n\t\t\t<div class=\"elementor-spacer-inner\"><\/div>\n\t\t<\/div>\n\t\t\t\t<\/div>\n\t\t\t\t<\/div>\n\t\t\t\t\t<\/div>\n\t\t<\/div>\n\t\t\t\t\t<\/div>\n\t\t<\/section>\n\t\t\t\t<section class=\"elementor-section elementor-top-section elementor-element elementor-element-614c6ea elementor-section-boxed elementor-section-height-default elementor-section-height-default\" data-id=\"614c6ea\" data-element_type=\"section\">\n\t\t\t\t\t\t<div class=\"elementor-container elementor-column-gap-default\">\n\t\t\t\t\t<div class=\"elementor-column elementor-col-100 elementor-top-column elementor-element elementor-element-805d3cc\" data-id=\"805d3cc\" data-element_type=\"column\">\n\t\t\t<div class=\"elementor-widget-wrap elementor-element-populated\">\n\t\t\t\t\t\t<div class=\"elementor-element elementor-element-6198e7c elementor-widget elementor-widget-heading\" data-id=\"6198e7c\" data-element_type=\"widget\" data-widget_type=\"heading.default\">\n\t\t\t\t<div class=\"elementor-widget-container\">\n\t\t\t<h2 class=\"elementor-heading-title elementor-size-default\">Platformen enablor<\/h2>\t\t<\/div>\n\t\t\t\t<\/div>\n\t\t\t\t<div class=\"elementor-element elementor-element-81cf9e2 elementor-widget elementor-widget-text-editor\" data-id=\"81cf9e2\" data-element_type=\"widget\" data-widget_type=\"text-editor.default\">\n\t\t\t\t<div class=\"elementor-widget-container\">\n\t\t\t\t\t\t\t<p>enablor er I-Trusts SaaS-platform, som bl.a. anvendes til statusm\u00e5ling af compliance og indsatser ift. love og best practice.\u00a0<\/p><p>enablor anvendes i to sammenh\u00e6nge:<\/p><ol><li>enablor til GRC-styring i den enkelte virksomhed eller organisation<\/li><li>Project enablor, til bl.a. r\u00e5dgivere og tilsyn i forbindelse med\u00a0audit og selvevaluering\u00a0af virksomheder<\/li><\/ol>\t\t\t\t\t\t<\/div>\n\t\t\t\t<\/div>\n\t\t\t\t<div class=\"elementor-element elementor-element-e655329 elementor-widget elementor-widget-text-editor\" data-id=\"e655329\" data-element_type=\"widget\" data-widget_type=\"text-editor.default\">\n\t\t\t\t<div class=\"elementor-widget-container\">\n\t\t\t\t\t\t\t<h3>enablor som GRC-v\u00e6rkt\u00f8j<\/h3>\t\t\t\t\t\t<\/div>\n\t\t\t\t<\/div>\n\t\t\t\t<div class=\"elementor-element elementor-element-dc73d3c elementor-widget elementor-widget-text-editor\" data-id=\"dc73d3c\" data-element_type=\"widget\" data-widget_type=\"text-editor.default\">\n\t\t\t\t<div class=\"elementor-widget-container\">\n\t\t\t\t\t\t\t<p>Med udgangspunkt i GRC-modellen (Governance, Risk management, and Compliance) er enablor et v\u00e6rkt\u00f8j, der er gearet til at udf\u00f8re automatiseret tilsyn og kontrol, som samtidigt kan dokumentere dine GRC-indsatser. enablor er en proaktiv risikostyring, der sikrer, at risikoomr\u00e5der opdages tidligt og behandles rettidigt. Platformen er udviklet til at h\u00e5ndtere standard dokumentation af virksomhedens processer. Her indg\u00e5r aftalestyring, som best\u00e5r af databehandler- og leverand\u00f8raftaler, dokumentation af sikkerhedstiltag, compliance, og automatiserede fortegnelser.<\/p>\t\t\t\t\t\t<\/div>\n\t\t\t\t<\/div>\n\t\t\t\t<div class=\"elementor-element elementor-element-832c361 elementor-widget elementor-widget-image\" data-id=\"832c361\" data-element_type=\"widget\" data-widget_type=\"image.default\">\n\t\t\t\t<div class=\"elementor-widget-container\">\n\t\t\t\t\t\t\t\t\t\t\t\t\t<img fetchpriority=\"high\" decoding=\"async\" width=\"700\" height=\"347\" src=\"https:\/\/itrusta.lt\/wp-content\/uploads\/2022\/07\/Billede1-700x347.png\" class=\"attachment-large size-large wp-image-3359\" alt=\"\" srcset=\"https:\/\/itrusta.lt\/wp-content\/uploads\/2022\/07\/Billede1-700x347.png 700w, https:\/\/itrusta.lt\/wp-content\/uploads\/2022\/07\/Billede1-300x149.png 300w, https:\/\/itrusta.lt\/wp-content\/uploads\/2022\/07\/Billede1-768x381.png 768w, https:\/\/itrusta.lt\/wp-content\/uploads\/2022\/07\/Billede1.png 1096w\" sizes=\"(max-width: 700px) 100vw, 700px\" \/>\t\t\t\t\t\t\t\t\t\t\t\t\t<\/div>\n\t\t\t\t<\/div>\n\t\t\t\t<div class=\"elementor-element elementor-element-20f5cb8 elementor-widget elementor-widget-text-editor\" data-id=\"20f5cb8\" data-element_type=\"widget\" data-widget_type=\"text-editor.default\">\n\t\t\t\t<div class=\"elementor-widget-container\">\n\t\t\t\t\t\t\t<h3>Project enablor<\/h3>\t\t\t\t\t\t<\/div>\n\t\t\t\t<\/div>\n\t\t\t\t<div class=\"elementor-element elementor-element-873bf15 elementor-widget elementor-widget-text-editor\" data-id=\"873bf15\" data-element_type=\"widget\" data-widget_type=\"text-editor.default\">\n\t\t\t\t<div class=\"elementor-widget-container\">\n\t\t\t\t\t\t\t<p style=\"margin: 0cm; background: white;\"><span style=\"font-family: 'Segoe UI',sans-serif; color: #242424;\">Project enablor er enablor-platformens modul til administration af virksomheder og tilsyn. Platformen underst\u00f8tter behovet hos r\u00e5dgivere, tilsyn og f\u00e6lles organisationer for en samlet oversigt over virksomheder og deres status. <\/span><\/p><p style=\"margin: 0cm; background: white;\"><span style=\"font-family: 'Segoe UI',sans-serif; color: #242424;\">\u00a0<\/span><\/p><p style=\"margin: 0cm; background: white;\"><span style=\"font-family: 'Segoe UI',sans-serif; color: #242424;\">Fra Project enablor kan man oprette og administrere de enkelte virksomheder, bearbejde sp\u00f8rgerammer, der skal anvendes i tilsyn og audit, samt administrere, udsende og evaluere tilsyn.<\/span><\/p><p style=\"margin: 0cm; background: white;\"><span style=\"font-family: 'Segoe UI',sans-serif; color: #242424;\">\u00a0<\/span><\/p><p style=\"margin: 0cm; background: white;\"><span style=\"font-family: 'Segoe UI',sans-serif; color: #242424;\">Virksomheder, der indg\u00e5r i tilsyn eller audit f\u00e5r adgang til statusafgivelse via links eller portaler med flere supplerende funktioner p\u00e5.<\/span><\/p><p style=\"margin: 0cm; background: white;\"><span style=\"font-family: 'Segoe UI',sans-serif; color: #242424;\">\u00a0<\/span><\/p><p style=\"margin: 0cm; background: white;\"><span style=\"font-family: 'Segoe UI',sans-serif; color: #242424;\">Fra Project enablor kan status hos den enkelte virksomhed f\u00f8lges, og der kan efter besvarelse laves rapporter i forhold til de valgte sikkerhedskrav og -standarder, som tilsendes virksomhederne. Hvis virksomhederne har egen portal, har de egen adgang til et rapportmodul.<\/span><\/p><p style=\"margin: 0cm; background: white;\"><span style=\"font-family: 'Segoe UI',sans-serif; color: #242424;\">\u00a0<\/span><\/p><p style=\"margin: 0cm; background: white;\"><span style=\"font-family: 'Segoe UI',sans-serif; color: #242424;\">enablor platformen anvender benchmark p\u00e5 flere niveauer; s\u00e5ledes kan virksomheder ved gentagne anvendelser f\u00f8lge egen udvikling, ligesom der er mulighed for sammenligninger med peer-grupper.<\/span><\/p>\t\t\t\t\t\t<\/div>\n\t\t\t\t<\/div>\n\t\t\t\t<div class=\"elementor-element elementor-element-bcd33f9 elementor-widget elementor-widget-text-editor\" data-id=\"bcd33f9\" data-element_type=\"widget\" data-widget_type=\"text-editor.default\">\n\t\t\t\t<div class=\"elementor-widget-container\">\n\t\t\t\t\t\t\t<h3>Visionen med enablor<\/h3>\t\t\t\t\t\t<\/div>\n\t\t\t\t<\/div>\n\t\t\t\t<div class=\"elementor-element elementor-element-866b745 elementor-widget elementor-widget-text-editor\" data-id=\"866b745\" data-element_type=\"widget\" data-widget_type=\"text-editor.default\">\n\t\t\t\t<div class=\"elementor-widget-container\">\n\t\t\t\t\t\t\t<p style=\"margin: 0cm; background: white;\"><span style=\"font-style: inherit; font-weight: inherit; color: var( --e-global-color-text ); background-color: var( --e-global-color-astglobalcolor5 );\">Med enablor er det vores vision, at it-sikkerhed indarbejdes som en kerneaktivitet i din organisations operative indsatser og inkorporeres, som en del af virksomhedens DNA.<\/span><\/p><p>enablor er hostet i Danmark, danskudviklet af iv\u00e6rks\u00e6tter Klaus Kristensen med over 25 \u00e5rs erfaring inden for data- og it-sikkerhed.<\/p><p>enablors vigtigste m\u00e5ls\u00e6tninger er, at platformen skal v\u00e6re med til at skabe en konsensus om informationssikkerhed og persondatasikkerhed, og at data skal v\u00e6re dynamiske og g\u00f8res sammenlignelige. Herved skabes der et godt grundlag for validitet og grobund for en optimal tilgang til m\u00e5linger og m\u00e5lrettede indsatser.<\/p>\t\t\t\t\t\t<\/div>\n\t\t\t\t<\/div>\n\t\t\t\t\t<\/div>\n\t\t<\/div>\n\t\t\t\t\t<\/div>\n\t\t<\/section>\n\t\t\t\t<\/div>\n\t\t","protected":false},"excerpt":{"rendered":"<p>Platformen enablor enablor er I-Trusts SaaS-platform, som bl.a. anvendes til statusm\u00e5ling af compliance og indsatser ift. love og best practice.\u00a0 enablor anvendes i to sammenh\u00e6nge: enablor til GRC-styring i den enkelte virksomhed eller organisation Project enablor, til bl.a. r\u00e5dgivere og tilsyn i forbindelse med\u00a0audit og selvevaluering\u00a0af virksomheder enablor som GRC-v\u00e6rkt\u00f8j Med udgangspunkt i GRC-modellen (Governance, [&hellip;]<\/p>\n","protected":false},"author":11,"featured_media":353,"parent":0,"menu_order":0,"comment_status":"closed","ping_status":"closed","template":"elementor_header_footer","meta":{"site-sidebar-layout":"default","site-content-layout":"","ast-site-content-layout":"","site-content-style":"default","site-sidebar-style":"default","ast-global-header-display":"","ast-banner-title-visibility":"","ast-main-header-display":"","ast-hfb-above-header-display":"","ast-hfb-below-header-display":"","ast-hfb-mobile-header-display":"","site-post-title":"","ast-breadcrumbs-content":"","ast-featured-img":"","footer-sml-layout":"","theme-transparent-header-meta":"","adv-header-id-meta":"","stick-header-meta":"","header-above-stick-meta":"","header-main-stick-meta":"","header-below-stick-meta":"","astra-migrate-meta-layouts":"default","ast-page-background-enabled":"default","ast-page-background-meta":{"desktop":{"background-color":"var(--ast-global-color-4)","background-image":"","background-repeat":"repeat","background-position":"center center","background-size":"auto","background-attachment":"scroll","background-type":"","background-media":"","overlay-type":"","overlay-color":"","overlay-gradient":""},"tablet":{"background-color":"","background-image":"","background-repeat":"repeat","background-position":"center center","background-size":"auto","background-attachment":"scroll","background-type":"","background-media":"","overlay-type":"","overlay-color":"","overlay-gradient":""},"mobile":{"background-color":"","background-image":"","background-repeat":"repeat","background-position":"center center","background-size":"auto","background-attachment":"scroll","background-type":"","background-media":"","overlay-type":"","overlay-color":"","overlay-gradient":""}},"ast-content-background-meta":{"desktop":{"background-color":"var(--ast-global-color-5)","background-image":"","background-repeat":"repeat","background-position":"center center","background-size":"auto","background-attachment":"scroll","background-type":"","background-media":"","overlay-type":"","overlay-color":"","overlay-gradient":""},"tablet":{"background-color":"var(--ast-global-color-5)","background-image":"","background-repeat":"repeat","background-position":"center center","background-size":"auto","background-attachment":"scroll","background-type":"","background-media":"","overlay-type":"","overlay-color":"","overlay-gradient":""},"mobile":{"background-color":"var(--ast-global-color-5)","background-image":"","background-repeat":"repeat","background-position":"center center","background-size":"auto","background-attachment":"scroll","background-type":"","background-media":"","overlay-type":"","overlay-color":"","overlay-gradient":""}},"footnotes":""},"class_list":["post-349","page","type-page","status-publish","has-post-thumbnail","hentry"],"acf":[],"yoast_head":"<!-- This site is optimized with the Yoast SEO plugin v23.4 - https:\/\/yoast.com\/wordpress\/plugins\/seo\/ -->\n<title>enablor - Itrusta<\/title>\n<meta name=\"robots\" content=\"index, follow, max-snippet:-1, max-image-preview:large, max-video-preview:-1\" \/>\n<link rel=\"canonical\" href=\"https:\/\/itrusta.lt\/da\/enablor\/\" \/>\n<meta property=\"og:locale\" content=\"da_DK\" \/>\n<meta property=\"og:type\" content=\"article\" \/>\n<meta property=\"og:title\" content=\"enablor - Itrusta\" \/>\n<meta property=\"og:description\" content=\"Platformen enablor enablor er I-Trusts SaaS-platform, som bl.a. anvendes til statusm\u00e5ling af compliance og indsatser ift. love og best practice.\u00a0 enablor anvendes i to sammenh\u00e6nge: enablor til GRC-styring i den enkelte virksomhed eller organisation Project enablor, til bl.a. r\u00e5dgivere og tilsyn i forbindelse med\u00a0audit og selvevaluering\u00a0af virksomheder enablor som GRC-v\u00e6rkt\u00f8j Med udgangspunkt i GRC-modellen (Governance, [&hellip;]\" \/>\n<meta property=\"og:url\" content=\"https:\/\/itrusta.lt\/da\/enablor\/\" \/>\n<meta property=\"og:site_name\" content=\"Itrusta\" \/>\n<meta property=\"article:modified_time\" content=\"2022-08-23T12:20:20+00:00\" \/>\n<meta property=\"og:image\" content=\"https:\/\/itrusta.lt\/wp-content\/uploads\/2021\/02\/99086957_thumbnail_16x9.jpg\" \/>\n\t<meta property=\"og:image:width\" content=\"1280\" \/>\n\t<meta property=\"og:image:height\" content=\"720\" \/>\n\t<meta property=\"og:image:type\" content=\"image\/jpeg\" \/>\n<meta name=\"twitter:card\" content=\"summary_large_image\" \/>\n<meta name=\"twitter:label1\" content=\"Estimeret l\u00e6setid\" \/>\n\t<meta name=\"twitter:data1\" content=\"3 minutter\" \/>\n<script type=\"application\/ld+json\" class=\"yoast-schema-graph\">{\"@context\":\"https:\/\/schema.org\",\"@graph\":[{\"@type\":\"WebPage\",\"@id\":\"https:\/\/itrusta.lt\/da\/enablor\/\",\"url\":\"https:\/\/itrusta.lt\/da\/enablor\/\",\"name\":\"enablor - Itrusta\",\"isPartOf\":{\"@id\":\"https:\/\/itrusta.lt\/#website\"},\"primaryImageOfPage\":{\"@id\":\"https:\/\/itrusta.lt\/da\/enablor\/#primaryimage\"},\"image\":{\"@id\":\"https:\/\/itrusta.lt\/da\/enablor\/#primaryimage\"},\"thumbnailUrl\":\"https:\/\/itrusta.lt\/wp-content\/uploads\/2021\/02\/99086957_thumbnail_16x9.jpg\",\"datePublished\":\"2021-02-15T11:11:31+00:00\",\"dateModified\":\"2022-08-23T12:20:20+00:00\",\"breadcrumb\":{\"@id\":\"https:\/\/itrusta.lt\/da\/enablor\/#breadcrumb\"},\"inLanguage\":\"da-DK\",\"potentialAction\":[{\"@type\":\"ReadAction\",\"target\":[\"https:\/\/itrusta.lt\/da\/enablor\/\"]}]},{\"@type\":\"ImageObject\",\"inLanguage\":\"da-DK\",\"@id\":\"https:\/\/itrusta.lt\/da\/enablor\/#primaryimage\",\"url\":\"https:\/\/itrusta.lt\/wp-content\/uploads\/2021\/02\/99086957_thumbnail_16x9.jpg\",\"contentUrl\":\"https:\/\/itrusta.lt\/wp-content\/uploads\/2021\/02\/99086957_thumbnail_16x9.jpg\",\"width\":1280,\"height\":720},{\"@type\":\"BreadcrumbList\",\"@id\":\"https:\/\/itrusta.lt\/da\/enablor\/#breadcrumb\",\"itemListElement\":[{\"@type\":\"ListItem\",\"position\":1,\"name\":\"Home\",\"item\":\"https:\/\/itrusta.lt\/da\/\"},{\"@type\":\"ListItem\",\"position\":2,\"name\":\"enablor\"}]},{\"@type\":\"WebSite\",\"@id\":\"https:\/\/itrusta.lt\/#website\",\"url\":\"https:\/\/itrusta.lt\/\",\"name\":\"Itrusta\",\"description\":\"Compliance within reach\",\"publisher\":{\"@id\":\"https:\/\/itrusta.lt\/#organization\"},\"potentialAction\":[{\"@type\":\"SearchAction\",\"target\":{\"@type\":\"EntryPoint\",\"urlTemplate\":\"https:\/\/itrusta.lt\/?s={search_term_string}\"},\"query-input\":{\"@type\":\"PropertyValueSpecification\",\"valueRequired\":true,\"valueName\":\"search_term_string\"}}],\"inLanguage\":\"da-DK\"},{\"@type\":\"Organization\",\"@id\":\"https:\/\/itrusta.lt\/#organization\",\"name\":\"Itrusta\",\"url\":\"https:\/\/itrusta.lt\/\",\"logo\":{\"@type\":\"ImageObject\",\"inLanguage\":\"da-DK\",\"@id\":\"https:\/\/itrusta.lt\/#\/schema\/logo\/image\/\",\"url\":\"https:\/\/itrusta.lt\/wp-content\/uploads\/2021\/02\/logo.png\",\"contentUrl\":\"https:\/\/itrusta.lt\/wp-content\/uploads\/2021\/02\/logo.png\",\"width\":264,\"height\":88,\"caption\":\"Itrusta\"},\"image\":{\"@id\":\"https:\/\/itrusta.lt\/#\/schema\/logo\/image\/\"}}]}<\/script>\n<!-- \/ Yoast SEO plugin. -->","yoast_head_json":{"title":"enablor - Itrusta","robots":{"index":"index","follow":"follow","max-snippet":"max-snippet:-1","max-image-preview":"max-image-preview:large","max-video-preview":"max-video-preview:-1"},"canonical":"https:\/\/itrusta.lt\/da\/enablor\/","og_locale":"da_DK","og_type":"article","og_title":"enablor - Itrusta","og_description":"Platformen enablor enablor er I-Trusts SaaS-platform, som bl.a. anvendes til statusm\u00e5ling af compliance og indsatser ift. love og best practice.\u00a0 enablor anvendes i to sammenh\u00e6nge: enablor til GRC-styring i den enkelte virksomhed eller organisation Project enablor, til bl.a. r\u00e5dgivere og tilsyn i forbindelse med\u00a0audit og selvevaluering\u00a0af virksomheder enablor som GRC-v\u00e6rkt\u00f8j Med udgangspunkt i GRC-modellen (Governance, [&hellip;]","og_url":"https:\/\/itrusta.lt\/da\/enablor\/","og_site_name":"Itrusta","article_modified_time":"2022-08-23T12:20:20+00:00","og_image":[{"width":1280,"height":720,"url":"https:\/\/itrusta.lt\/wp-content\/uploads\/2021\/02\/99086957_thumbnail_16x9.jpg","type":"image\/jpeg"}],"twitter_card":"summary_large_image","twitter_misc":{"Estimeret l\u00e6setid":"3 minutter"},"schema":{"@context":"https:\/\/schema.org","@graph":[{"@type":"WebPage","@id":"https:\/\/itrusta.lt\/da\/enablor\/","url":"https:\/\/itrusta.lt\/da\/enablor\/","name":"enablor - Itrusta","isPartOf":{"@id":"https:\/\/itrusta.lt\/#website"},"primaryImageOfPage":{"@id":"https:\/\/itrusta.lt\/da\/enablor\/#primaryimage"},"image":{"@id":"https:\/\/itrusta.lt\/da\/enablor\/#primaryimage"},"thumbnailUrl":"https:\/\/itrusta.lt\/wp-content\/uploads\/2021\/02\/99086957_thumbnail_16x9.jpg","datePublished":"2021-02-15T11:11:31+00:00","dateModified":"2022-08-23T12:20:20+00:00","breadcrumb":{"@id":"https:\/\/itrusta.lt\/da\/enablor\/#breadcrumb"},"inLanguage":"da-DK","potentialAction":[{"@type":"ReadAction","target":["https:\/\/itrusta.lt\/da\/enablor\/"]}]},{"@type":"ImageObject","inLanguage":"da-DK","@id":"https:\/\/itrusta.lt\/da\/enablor\/#primaryimage","url":"https:\/\/itrusta.lt\/wp-content\/uploads\/2021\/02\/99086957_thumbnail_16x9.jpg","contentUrl":"https:\/\/itrusta.lt\/wp-content\/uploads\/2021\/02\/99086957_thumbnail_16x9.jpg","width":1280,"height":720},{"@type":"BreadcrumbList","@id":"https:\/\/itrusta.lt\/da\/enablor\/#breadcrumb","itemListElement":[{"@type":"ListItem","position":1,"name":"Home","item":"https:\/\/itrusta.lt\/da\/"},{"@type":"ListItem","position":2,"name":"enablor"}]},{"@type":"WebSite","@id":"https:\/\/itrusta.lt\/#website","url":"https:\/\/itrusta.lt\/","name":"Itrusta","description":"Compliance within reach","publisher":{"@id":"https:\/\/itrusta.lt\/#organization"},"potentialAction":[{"@type":"SearchAction","target":{"@type":"EntryPoint","urlTemplate":"https:\/\/itrusta.lt\/?s={search_term_string}"},"query-input":{"@type":"PropertyValueSpecification","valueRequired":true,"valueName":"search_term_string"}}],"inLanguage":"da-DK"},{"@type":"Organization","@id":"https:\/\/itrusta.lt\/#organization","name":"Itrusta","url":"https:\/\/itrusta.lt\/","logo":{"@type":"ImageObject","inLanguage":"da-DK","@id":"https:\/\/itrusta.lt\/#\/schema\/logo\/image\/","url":"https:\/\/itrusta.lt\/wp-content\/uploads\/2021\/02\/logo.png","contentUrl":"https:\/\/itrusta.lt\/wp-content\/uploads\/2021\/02\/logo.png","width":264,"height":88,"caption":"Itrusta"},"image":{"@id":"https:\/\/itrusta.lt\/#\/schema\/logo\/image\/"}}]}},"_links":{"self":[{"href":"https:\/\/itrusta.lt\/da\/wp-json\/wp\/v2\/pages\/349","targetHints":{"allow":["GET"]}}],"collection":[{"href":"https:\/\/itrusta.lt\/da\/wp-json\/wp\/v2\/pages"}],"about":[{"href":"https:\/\/itrusta.lt\/da\/wp-json\/wp\/v2\/types\/page"}],"author":[{"embeddable":true,"href":"https:\/\/itrusta.lt\/da\/wp-json\/wp\/v2\/users\/11"}],"replies":[{"embeddable":true,"href":"https:\/\/itrusta.lt\/da\/wp-json\/wp\/v2\/comments?post=349"}],"version-history":[{"count":68,"href":"https:\/\/itrusta.lt\/da\/wp-json\/wp\/v2\/pages\/349\/revisions"}],"predecessor-version":[{"id":4647,"href":"https:\/\/itrusta.lt\/da\/wp-json\/wp\/v2\/pages\/349\/revisions\/4647"}],"wp:featuredmedia":[{"embeddable":true,"href":"https:\/\/itrusta.lt\/da\/wp-json\/wp\/v2\/media\/353"}],"wp:attachment":[{"href":"https:\/\/itrusta.lt\/da\/wp-json\/wp\/v2\/media?parent=349"}],"curies":[{"name":"wp","href":"https:\/\/api.w.org\/{rel}","templated":true}]}}