{"id":482,"date":"2021-02-18T09:30:16","date_gmt":"2021-02-18T08:30:16","guid":{"rendered":"https:\/\/itrusta.lt\/dev1\/?page_id=482"},"modified":"2022-05-09T11:36:21","modified_gmt":"2022-05-09T09:36:21","slug":"beredskabsstyring-bcms","status":"publish","type":"page","link":"https:\/\/itrusta.lt\/da\/beredskabsstyring-bcms\/","title":{"rendered":"Beredskabsstyring &#8211; BCMS"},"content":{"rendered":"\t\t<div data-elementor-type=\"wp-page\" data-elementor-id=\"482\" class=\"elementor elementor-482\">\n\t\t\t\t\t\t<section class=\"elementor-section elementor-top-section elementor-element elementor-element-18814f3 elementor-section-boxed elementor-section-height-default elementor-section-height-default\" data-id=\"18814f3\" data-element_type=\"section\">\n\t\t\t\t\t\t<div class=\"elementor-container elementor-column-gap-default\">\n\t\t\t\t\t<div class=\"elementor-column elementor-col-100 elementor-top-column elementor-element elementor-element-542749d\" data-id=\"542749d\" data-element_type=\"column\" data-settings=\"{&quot;background_background&quot;:&quot;classic&quot;}\">\n\t\t\t<div class=\"elementor-widget-wrap elementor-element-populated\">\n\t\t\t\t\t\t<div class=\"elementor-element elementor-element-fee8f4f elementor-widget elementor-widget-spacer\" data-id=\"fee8f4f\" data-element_type=\"widget\" data-widget_type=\"spacer.default\">\n\t\t\t\t<div class=\"elementor-widget-container\">\n\t\t\t\t\t<div class=\"elementor-spacer\">\n\t\t\t<div class=\"elementor-spacer-inner\"><\/div>\n\t\t<\/div>\n\t\t\t\t<\/div>\n\t\t\t\t<\/div>\n\t\t\t\t\t<\/div>\n\t\t<\/div>\n\t\t\t\t\t<\/div>\n\t\t<\/section>\n\t\t\t\t<section class=\"elementor-section elementor-top-section elementor-element elementor-element-225f23f elementor-section-boxed elementor-section-height-default elementor-section-height-default\" data-id=\"225f23f\" data-element_type=\"section\">\n\t\t\t\t\t\t<div class=\"elementor-container elementor-column-gap-default\">\n\t\t\t\t\t<div class=\"elementor-column elementor-col-100 elementor-top-column elementor-element elementor-element-fb80f6f\" data-id=\"fb80f6f\" data-element_type=\"column\">\n\t\t\t<div class=\"elementor-widget-wrap elementor-element-populated\">\n\t\t\t\t\t\t\t<\/div>\n\t\t<\/div>\n\t\t\t\t\t<\/div>\n\t\t<\/section>\n\t\t\t\t<section class=\"elementor-section elementor-top-section elementor-element elementor-element-51ce64c7 elementor-section-boxed elementor-section-height-default elementor-section-height-default\" data-id=\"51ce64c7\" data-element_type=\"section\">\n\t\t\t\t\t\t<div class=\"elementor-container elementor-column-gap-default\">\n\t\t\t\t\t<div class=\"elementor-column elementor-col-100 elementor-top-column elementor-element elementor-element-c3b39b9\" data-id=\"c3b39b9\" data-element_type=\"column\">\n\t\t\t<div class=\"elementor-widget-wrap elementor-element-populated\">\n\t\t\t\t\t\t<div class=\"elementor-element elementor-element-15cae599 elementor-widget elementor-widget-text-editor\" data-id=\"15cae599\" data-element_type=\"widget\" data-widget_type=\"text-editor.default\">\n\t\t\t\t<div class=\"elementor-widget-container\">\n\t\t\t\t\t\t\t<!-- wp:paragraph -->\n<p>Et BCM-system er grundlaget for en omkostningseffektiv beskyttelse og reetableringsl\u00f8sning, der balancerer risikoen for tab med omkostningerne for beskyttelse af de kritiske forretningsprocesser.<\/p>\n<!-- \/wp:paragraph -->\n\n<!-- wp:paragraph -->\n<p>Med vores beredskabsstyring, enablor BCMS (Business Continuity Management System), er det muligt at opbygge, vedligeholde, tr\u00e6ne og gennemf\u00f8re beredskabssituationer. Et BCM-system er grundlaget for en omkostningseffektiv beskyttelse og reetableringsl\u00f8sning, der balancerer risikoen for tab med omkostningerne for beskyttelse af de kritiske forretningsprocesser.<\/p>\n<!-- \/wp:paragraph -->\n\n<!-- wp:paragraph -->\n<p>Enablor BCMS er udviklet til alle typer organisationer, med afs\u00e6t i ISO 22301, ISO 27001-2 og branchestandarden for den p\u00e5g\u00e6ldende branche. Det er let at opbygge beredskabsplaner med vores system, da det er muligt, at importere data direkte til systemet. Og s\u00e5 indeholder systemet en r\u00e6kke v\u00e6rkt\u00f8jer til risikovurdering, risikostyring, erkl\u00e6ring af katastrofer og medierelationer.<\/p>\n<!-- \/wp:paragraph -->\n\n<!-- wp:heading {\"level\":4} -->\n<h4><strong>ISO 27001 ?<\/strong><\/h4>\n<!-- \/wp:heading -->\n\n<!-- wp:paragraph -->\n<p>ISO 27001 beskriver it-beredskabsstyring, og hvorledes enhver given organisation kan agere proaktivt.<\/p>\n<!-- \/wp:paragraph -->\n\n<!-- wp:paragraph -->\n<p>ISO27001 er angivet med 4 hovedform\u00e5l, med base i it-beredskabsstyring:<\/p>\n<!-- \/wp:paragraph -->\n\n<!-- wp:list -->\n<ul><li>At sikre at it-sikkerhed er en integreret del af virksomhedens beredskab.<\/li><li>At modvirke afbrydelser i virksomhedens operationelle aktiviteter.<\/li><li>At v\u00e6rne om kritiske informationsaktiver mod st\u00f8rre nedbrud og katastrofer.<\/li><li>At sikre hurtig genetablering af organisationens kritiske processer.<\/li><\/ul>\n<!-- \/wp:list -->\n\n<!-- wp:image {\"align\":\"center\",\"id\":483,\"sizeSlug\":\"large\",\"linkDestination\":\"none\",\"className\":\"is-style-default\"} -->\n<div class=\"wp-block-image is-style-default\"><figure class=\"aligncenter size-large\"><img fetchpriority=\"high\" decoding=\"async\" width=\"489\" height=\"399\" src=\"https:\/\/itrusta.lt\/wp-content\/uploads\/2021\/02\/beredskab.png\" alt=\"\" class=\"wp-image-483\" srcset=\"https:\/\/itrusta.lt\/wp-content\/uploads\/2021\/02\/beredskab.png 489w, https:\/\/itrusta.lt\/wp-content\/uploads\/2021\/02\/beredskab-300x245.png 300w\" sizes=\"(max-width: 489px) 100vw, 489px\" \/><\/figure><\/div>\n<!-- \/wp:image -->\n\n<!-- wp:heading {\"level\":4} -->\n<h4><strong>V\u00e6r forberedt f\u00f8r krisen opst\u00e5r<\/strong><\/h4>\n<!-- \/wp:heading -->\n\n<!-- wp:paragraph -->\n<p>Helt generelt, er ideen med et BCM-system, at det skal underst\u00f8tte forretningskritiske processer og it-systemer. Enablor BCMS er udviklet ud fra mange \u00e5rs erfaring med beredskabsstyring og kan derfor h\u00e5ndtere varierende krisesituationer s\u00e5som pandemier, it-nedbrud, hacking mm.<\/p>\n<!-- \/wp:paragraph -->\n\n<!-- wp:paragraph -->\n<p>Systemet bygger p\u00e5 en r\u00e6kke fastlagte faser, fra prioritering og analyse af behov, til opbygning af beredskabsplanen, afpr\u00f8vning og test.<\/p>\n<!-- \/wp:paragraph -->\n\n<!-- wp:list -->\n<ul><li>Kend din forretning<\/li><li>Udvikle din beredskabsplan<\/li><li>Anvend planen<\/li><li>Vedligehold planen<\/li><\/ul>\n<!-- \/wp:list -->\n\n<!-- wp:paragraph -->\n<p>BCMS bygger p\u00e5 en r\u00e6kke af fastlagte faser, fra prioritering og analyse af behov, til opbygningen af BC-planen, samt afpr\u00f8vning og test. P\u00e5 tv\u00e6rs af disse omr\u00e5der underst\u00f8tter enablor BCMS generelle<br>opgaver: Lede, kontrollere, revidere, kommunikere, tr\u00e6ne og overv\u00e5ge. enablor BCMS arbejder sammen med enablor GRC for let opbygning af prioriteringer, beskrivelser af alternativ kapacitet og<br>tilsyn. I enablor BCMS kan man arbejde i f\u00e6llesskaber om indhold af BC-planen, og om f\u00e6lles tilsyn med leverand\u00f8rer.<\/p>\n<!-- \/wp:paragraph -->\n\n<!-- wp:paragraph -->\n<p>Med enablor BCMS kan du:<\/p>\n<!-- \/wp:paragraph -->\n\n<!-- wp:list -->\n<ul><li>Lave statusvurdering af nuv\u00e6rende beredskab og foruds\u00e6tninger for beredskab.<\/li><li>Identificere og beskytte kritiske forretningsprocesser.<\/li><li>Afklare og styre risici.<\/li><li>Gennemf\u00f8re en d\u00e6kkende konsekvensvurdering.<\/li><li>Analysere den kritiske infrastruktur.<\/li><li>Udvikle strategier til im\u00f8deg\u00e5else og behandling af h\u00e6ndelser.<\/li><li>Udvikle procedurer til brug i beredskabssituationer.<\/li><li>Tilknytte og vurdere indsatsen fra supplerende produkter.<\/li><li>Tr\u00e6ne og vedligeholde beredskabsplanen.<\/li><li>Overv\u00e5ge tr\u00e6ning af ledelse og medarbejdere.<\/li><li>Kontrollere om foruds\u00e6tningerne for beredskabsplanen er g\u00e6ldende (alternative ressourcer, tilkaldeplaner, actioncards mv.)<\/li><\/ul>\n<!-- \/wp:list -->\n\n<!-- wp:paragraph -->\n<p>Enablor BCMS f\u00e5s som et selvst\u00e6ndigt system eller som en overbygning p\u00e5 enablors GRC-funktioner. <a data-type=\"page\" data-id=\"80\" href=\"https:\/\/itrusta.lt\/contact\/\">Book et m\u00f8de med en af vores konsulenter, og lad os vise dig, hvorledes vi kan g\u00f8re en forskel for din organisation.<\/a><\/p>\n<!-- \/wp:paragraph -->\t\t\t\t\t\t<\/div>\n\t\t\t\t<\/div>\n\t\t\t\t\t<\/div>\n\t\t<\/div>\n\t\t\t\t\t<\/div>\n\t\t<\/section>\n\t\t\t\t<\/div>\n\t\t","protected":false},"excerpt":{"rendered":"<p>Et BCM-system er grundlaget for en omkostningseffektiv beskyttelse og reetableringsl\u00f8sning, der balancerer risikoen for tab med omkostningerne for beskyttelse af de kritiske forretningsprocesser. Med vores beredskabsstyring, enablor BCMS (Business Continuity Management System), er det muligt at opbygge, vedligeholde, tr\u00e6ne og gennemf\u00f8re beredskabssituationer. Et BCM-system er grundlaget for en omkostningseffektiv beskyttelse og reetableringsl\u00f8sning, der balancerer risikoen [&hellip;]<\/p>\n","protected":false},"author":11,"featured_media":484,"parent":0,"menu_order":0,"comment_status":"closed","ping_status":"closed","template":"elementor_header_footer","meta":{"site-sidebar-layout":"default","site-content-layout":"","ast-site-content-layout":"","site-content-style":"default","site-sidebar-style":"default","ast-global-header-display":"","ast-banner-title-visibility":"","ast-main-header-display":"","ast-hfb-above-header-display":"","ast-hfb-below-header-display":"","ast-hfb-mobile-header-display":"","site-post-title":"","ast-breadcrumbs-content":"","ast-featured-img":"","footer-sml-layout":"","theme-transparent-header-meta":"","adv-header-id-meta":"","stick-header-meta":"","header-above-stick-meta":"","header-main-stick-meta":"","header-below-stick-meta":"","astra-migrate-meta-layouts":"default","ast-page-background-enabled":"default","ast-page-background-meta":{"desktop":{"background-color":"var(--ast-global-color-4)","background-image":"","background-repeat":"repeat","background-position":"center center","background-size":"auto","background-attachment":"scroll","background-type":"","background-media":"","overlay-type":"","overlay-color":"","overlay-gradient":""},"tablet":{"background-color":"","background-image":"","background-repeat":"repeat","background-position":"center center","background-size":"auto","background-attachment":"scroll","background-type":"","background-media":"","overlay-type":"","overlay-color":"","overlay-gradient":""},"mobile":{"background-color":"","background-image":"","background-repeat":"repeat","background-position":"center center","background-size":"auto","background-attachment":"scroll","background-type":"","background-media":"","overlay-type":"","overlay-color":"","overlay-gradient":""}},"ast-content-background-meta":{"desktop":{"background-color":"var(--ast-global-color-5)","background-image":"","background-repeat":"repeat","background-position":"center center","background-size":"auto","background-attachment":"scroll","background-type":"","background-media":"","overlay-type":"","overlay-color":"","overlay-gradient":""},"tablet":{"background-color":"var(--ast-global-color-5)","background-image":"","background-repeat":"repeat","background-position":"center center","background-size":"auto","background-attachment":"scroll","background-type":"","background-media":"","overlay-type":"","overlay-color":"","overlay-gradient":""},"mobile":{"background-color":"var(--ast-global-color-5)","background-image":"","background-repeat":"repeat","background-position":"center center","background-size":"auto","background-attachment":"scroll","background-type":"","background-media":"","overlay-type":"","overlay-color":"","overlay-gradient":""}},"footnotes":""},"class_list":["post-482","page","type-page","status-publish","has-post-thumbnail","hentry"],"acf":[],"yoast_head":"<!-- This site is optimized with the Yoast SEO plugin v23.4 - https:\/\/yoast.com\/wordpress\/plugins\/seo\/ -->\n<title>Beredskabsstyring - BCMS - Itrusta<\/title>\n<meta name=\"robots\" content=\"index, follow, max-snippet:-1, max-image-preview:large, max-video-preview:-1\" \/>\n<link rel=\"canonical\" href=\"https:\/\/itrusta.lt\/da\/beredskabsstyring-bcms\/\" \/>\n<meta property=\"og:locale\" content=\"da_DK\" \/>\n<meta property=\"og:type\" content=\"article\" \/>\n<meta property=\"og:title\" content=\"Beredskabsstyring - BCMS - Itrusta\" \/>\n<meta property=\"og:description\" content=\"Et BCM-system er grundlaget for en omkostningseffektiv beskyttelse og reetableringsl\u00f8sning, der balancerer risikoen for tab med omkostningerne for beskyttelse af de kritiske forretningsprocesser. Med vores beredskabsstyring, enablor BCMS (Business Continuity Management System), er det muligt at opbygge, vedligeholde, tr\u00e6ne og gennemf\u00f8re beredskabssituationer. Et BCM-system er grundlaget for en omkostningseffektiv beskyttelse og reetableringsl\u00f8sning, der balancerer risikoen [&hellip;]\" \/>\n<meta property=\"og:url\" content=\"https:\/\/itrusta.lt\/da\/beredskabsstyring-bcms\/\" \/>\n<meta property=\"og:site_name\" content=\"Itrusta\" \/>\n<meta property=\"article:modified_time\" content=\"2022-05-09T09:36:21+00:00\" \/>\n<meta property=\"og:image\" content=\"https:\/\/itrusta.lt\/wp-content\/uploads\/2021\/02\/pexels-monicore-134065-scaled.jpg\" \/>\n\t<meta property=\"og:image:width\" content=\"2560\" \/>\n\t<meta property=\"og:image:height\" content=\"1346\" \/>\n\t<meta property=\"og:image:type\" content=\"image\/jpeg\" \/>\n<meta name=\"twitter:card\" content=\"summary_large_image\" \/>\n<meta name=\"twitter:label1\" content=\"Estimeret l\u00e6setid\" \/>\n\t<meta name=\"twitter:data1\" content=\"3 minutter\" \/>\n<script type=\"application\/ld+json\" class=\"yoast-schema-graph\">{\"@context\":\"https:\/\/schema.org\",\"@graph\":[{\"@type\":\"WebPage\",\"@id\":\"https:\/\/itrusta.lt\/da\/beredskabsstyring-bcms\/\",\"url\":\"https:\/\/itrusta.lt\/da\/beredskabsstyring-bcms\/\",\"name\":\"Beredskabsstyring - BCMS - Itrusta\",\"isPartOf\":{\"@id\":\"https:\/\/itrusta.lt\/#website\"},\"primaryImageOfPage\":{\"@id\":\"https:\/\/itrusta.lt\/da\/beredskabsstyring-bcms\/#primaryimage\"},\"image\":{\"@id\":\"https:\/\/itrusta.lt\/da\/beredskabsstyring-bcms\/#primaryimage\"},\"thumbnailUrl\":\"https:\/\/itrusta.lt\/wp-content\/uploads\/2021\/02\/pexels-monicore-134065-scaled.jpg\",\"datePublished\":\"2021-02-18T08:30:16+00:00\",\"dateModified\":\"2022-05-09T09:36:21+00:00\",\"breadcrumb\":{\"@id\":\"https:\/\/itrusta.lt\/da\/beredskabsstyring-bcms\/#breadcrumb\"},\"inLanguage\":\"da-DK\",\"potentialAction\":[{\"@type\":\"ReadAction\",\"target\":[\"https:\/\/itrusta.lt\/da\/beredskabsstyring-bcms\/\"]}]},{\"@type\":\"ImageObject\",\"inLanguage\":\"da-DK\",\"@id\":\"https:\/\/itrusta.lt\/da\/beredskabsstyring-bcms\/#primaryimage\",\"url\":\"https:\/\/itrusta.lt\/wp-content\/uploads\/2021\/02\/pexels-monicore-134065-scaled.jpg\",\"contentUrl\":\"https:\/\/itrusta.lt\/wp-content\/uploads\/2021\/02\/pexels-monicore-134065-scaled.jpg\",\"width\":2560,\"height\":1346},{\"@type\":\"BreadcrumbList\",\"@id\":\"https:\/\/itrusta.lt\/da\/beredskabsstyring-bcms\/#breadcrumb\",\"itemListElement\":[{\"@type\":\"ListItem\",\"position\":1,\"name\":\"Home\",\"item\":\"https:\/\/itrusta.lt\/da\/\"},{\"@type\":\"ListItem\",\"position\":2,\"name\":\"Beredskabsstyring &#8211; BCMS\"}]},{\"@type\":\"WebSite\",\"@id\":\"https:\/\/itrusta.lt\/#website\",\"url\":\"https:\/\/itrusta.lt\/\",\"name\":\"Itrusta\",\"description\":\"Compliance within reach\",\"publisher\":{\"@id\":\"https:\/\/itrusta.lt\/#organization\"},\"potentialAction\":[{\"@type\":\"SearchAction\",\"target\":{\"@type\":\"EntryPoint\",\"urlTemplate\":\"https:\/\/itrusta.lt\/?s={search_term_string}\"},\"query-input\":{\"@type\":\"PropertyValueSpecification\",\"valueRequired\":true,\"valueName\":\"search_term_string\"}}],\"inLanguage\":\"da-DK\"},{\"@type\":\"Organization\",\"@id\":\"https:\/\/itrusta.lt\/#organization\",\"name\":\"Itrusta\",\"url\":\"https:\/\/itrusta.lt\/\",\"logo\":{\"@type\":\"ImageObject\",\"inLanguage\":\"da-DK\",\"@id\":\"https:\/\/itrusta.lt\/#\/schema\/logo\/image\/\",\"url\":\"https:\/\/itrusta.lt\/wp-content\/uploads\/2021\/02\/logo.png\",\"contentUrl\":\"https:\/\/itrusta.lt\/wp-content\/uploads\/2021\/02\/logo.png\",\"width\":264,\"height\":88,\"caption\":\"Itrusta\"},\"image\":{\"@id\":\"https:\/\/itrusta.lt\/#\/schema\/logo\/image\/\"}}]}<\/script>\n<!-- \/ Yoast SEO plugin. -->","yoast_head_json":{"title":"Beredskabsstyring - BCMS - Itrusta","robots":{"index":"index","follow":"follow","max-snippet":"max-snippet:-1","max-image-preview":"max-image-preview:large","max-video-preview":"max-video-preview:-1"},"canonical":"https:\/\/itrusta.lt\/da\/beredskabsstyring-bcms\/","og_locale":"da_DK","og_type":"article","og_title":"Beredskabsstyring - BCMS - Itrusta","og_description":"Et BCM-system er grundlaget for en omkostningseffektiv beskyttelse og reetableringsl\u00f8sning, der balancerer risikoen for tab med omkostningerne for beskyttelse af de kritiske forretningsprocesser. Med vores beredskabsstyring, enablor BCMS (Business Continuity Management System), er det muligt at opbygge, vedligeholde, tr\u00e6ne og gennemf\u00f8re beredskabssituationer. Et BCM-system er grundlaget for en omkostningseffektiv beskyttelse og reetableringsl\u00f8sning, der balancerer risikoen [&hellip;]","og_url":"https:\/\/itrusta.lt\/da\/beredskabsstyring-bcms\/","og_site_name":"Itrusta","article_modified_time":"2022-05-09T09:36:21+00:00","og_image":[{"width":2560,"height":1346,"url":"https:\/\/itrusta.lt\/wp-content\/uploads\/2021\/02\/pexels-monicore-134065-scaled.jpg","type":"image\/jpeg"}],"twitter_card":"summary_large_image","twitter_misc":{"Estimeret l\u00e6setid":"3 minutter"},"schema":{"@context":"https:\/\/schema.org","@graph":[{"@type":"WebPage","@id":"https:\/\/itrusta.lt\/da\/beredskabsstyring-bcms\/","url":"https:\/\/itrusta.lt\/da\/beredskabsstyring-bcms\/","name":"Beredskabsstyring - BCMS - Itrusta","isPartOf":{"@id":"https:\/\/itrusta.lt\/#website"},"primaryImageOfPage":{"@id":"https:\/\/itrusta.lt\/da\/beredskabsstyring-bcms\/#primaryimage"},"image":{"@id":"https:\/\/itrusta.lt\/da\/beredskabsstyring-bcms\/#primaryimage"},"thumbnailUrl":"https:\/\/itrusta.lt\/wp-content\/uploads\/2021\/02\/pexels-monicore-134065-scaled.jpg","datePublished":"2021-02-18T08:30:16+00:00","dateModified":"2022-05-09T09:36:21+00:00","breadcrumb":{"@id":"https:\/\/itrusta.lt\/da\/beredskabsstyring-bcms\/#breadcrumb"},"inLanguage":"da-DK","potentialAction":[{"@type":"ReadAction","target":["https:\/\/itrusta.lt\/da\/beredskabsstyring-bcms\/"]}]},{"@type":"ImageObject","inLanguage":"da-DK","@id":"https:\/\/itrusta.lt\/da\/beredskabsstyring-bcms\/#primaryimage","url":"https:\/\/itrusta.lt\/wp-content\/uploads\/2021\/02\/pexels-monicore-134065-scaled.jpg","contentUrl":"https:\/\/itrusta.lt\/wp-content\/uploads\/2021\/02\/pexels-monicore-134065-scaled.jpg","width":2560,"height":1346},{"@type":"BreadcrumbList","@id":"https:\/\/itrusta.lt\/da\/beredskabsstyring-bcms\/#breadcrumb","itemListElement":[{"@type":"ListItem","position":1,"name":"Home","item":"https:\/\/itrusta.lt\/da\/"},{"@type":"ListItem","position":2,"name":"Beredskabsstyring &#8211; BCMS"}]},{"@type":"WebSite","@id":"https:\/\/itrusta.lt\/#website","url":"https:\/\/itrusta.lt\/","name":"Itrusta","description":"Compliance within reach","publisher":{"@id":"https:\/\/itrusta.lt\/#organization"},"potentialAction":[{"@type":"SearchAction","target":{"@type":"EntryPoint","urlTemplate":"https:\/\/itrusta.lt\/?s={search_term_string}"},"query-input":{"@type":"PropertyValueSpecification","valueRequired":true,"valueName":"search_term_string"}}],"inLanguage":"da-DK"},{"@type":"Organization","@id":"https:\/\/itrusta.lt\/#organization","name":"Itrusta","url":"https:\/\/itrusta.lt\/","logo":{"@type":"ImageObject","inLanguage":"da-DK","@id":"https:\/\/itrusta.lt\/#\/schema\/logo\/image\/","url":"https:\/\/itrusta.lt\/wp-content\/uploads\/2021\/02\/logo.png","contentUrl":"https:\/\/itrusta.lt\/wp-content\/uploads\/2021\/02\/logo.png","width":264,"height":88,"caption":"Itrusta"},"image":{"@id":"https:\/\/itrusta.lt\/#\/schema\/logo\/image\/"}}]}},"_links":{"self":[{"href":"https:\/\/itrusta.lt\/da\/wp-json\/wp\/v2\/pages\/482","targetHints":{"allow":["GET"]}}],"collection":[{"href":"https:\/\/itrusta.lt\/da\/wp-json\/wp\/v2\/pages"}],"about":[{"href":"https:\/\/itrusta.lt\/da\/wp-json\/wp\/v2\/types\/page"}],"author":[{"embeddable":true,"href":"https:\/\/itrusta.lt\/da\/wp-json\/wp\/v2\/users\/11"}],"replies":[{"embeddable":true,"href":"https:\/\/itrusta.lt\/da\/wp-json\/wp\/v2\/comments?post=482"}],"version-history":[{"count":12,"href":"https:\/\/itrusta.lt\/da\/wp-json\/wp\/v2\/pages\/482\/revisions"}],"predecessor-version":[{"id":3180,"href":"https:\/\/itrusta.lt\/da\/wp-json\/wp\/v2\/pages\/482\/revisions\/3180"}],"wp:featuredmedia":[{"embeddable":true,"href":"https:\/\/itrusta.lt\/da\/wp-json\/wp\/v2\/media\/484"}],"wp:attachment":[{"href":"https:\/\/itrusta.lt\/da\/wp-json\/wp\/v2\/media?parent=482"}],"curies":[{"name":"wp","href":"https:\/\/api.w.org\/{rel}","templated":true}]}}