{"id":549,"date":"2021-02-22T12:46:01","date_gmt":"2021-02-22T11:46:01","guid":{"rendered":"https:\/\/itrusta.lt\/dev1\/?page_id=549"},"modified":"2022-12-19T09:47:03","modified_gmt":"2022-12-19T07:47:03","slug":"cases","status":"publish","type":"page","link":"https:\/\/itrusta.lt\/da\/cases\/","title":{"rendered":"Cases"},"content":{"rendered":"\t\t<div data-elementor-type=\"wp-page\" data-elementor-id=\"549\" class=\"elementor elementor-549\">\n\t\t\t\t\t\t<section class=\"elementor-section elementor-top-section elementor-element elementor-element-5e21a213 elementor-section-boxed elementor-section-height-default elementor-section-height-default\" data-id=\"5e21a213\" data-element_type=\"section\">\n\t\t\t\t\t\t<div class=\"elementor-container elementor-column-gap-default\">\n\t\t\t\t\t<div class=\"elementor-column elementor-col-100 elementor-top-column elementor-element elementor-element-141f5054\" data-id=\"141f5054\" data-element_type=\"column\">\n\t\t\t<div class=\"elementor-widget-wrap elementor-element-populated\">\n\t\t\t\t\t\t<div class=\"elementor-element elementor-element-59906333 elementor-widget elementor-widget-text-editor\" data-id=\"59906333\" data-element_type=\"widget\" data-widget_type=\"text-editor.default\">\n\t\t\t\t<div class=\"elementor-widget-container\">\n\t\t\t\t\t\t\t<p><span style=\"font-style: inherit; font-weight: inherit; color: var( --e-global-color-text ); font-family: var( --e-global-typography-text-font-family ), Sans-serif; background-color: var( --e-global-color-astglobalcolor5 );\">\t\t<div data-elementor-type=\"archive\" data-elementor-id=\"2882\" class=\"elementor elementor-2882\">\n\t\t\t\t\t<div class=\"elementor-section-wrap\">\n\t\t\t\t\t\t\t\t<section class=\"elementor-section elementor-top-section elementor-element elementor-element-f078b15 elementor-section-boxed elementor-section-height-default elementor-section-height-default\" data-id=\"f078b15\" data-element_type=\"section\">\n\t\t\t\t\t\t<div class=\"elementor-container elementor-column-gap-default\">\n\t\t\t\t\t<div class=\"elementor-column elementor-col-100 elementor-top-column elementor-element elementor-element-673957f\" data-id=\"673957f\" data-element_type=\"column\">\n\t\t\t<div class=\"elementor-widget-wrap elementor-element-populated\">\n\t\t\t\t\t\t<div class=\"elementor-element elementor-element-8bfda19 elementor-widget elementor-widget-spacer\" data-id=\"8bfda19\" data-element_type=\"widget\" data-widget_type=\"spacer.default\">\n\t\t\t\t<div class=\"elementor-widget-container\">\n\t\t\t\t\t<div class=\"elementor-spacer\">\n\t\t\t<div class=\"elementor-spacer-inner\"><\/div>\n\t\t<\/div>\n\t\t\t\t<\/div>\n\t\t\t\t<\/div>\n\t\t\t\t\t<\/div>\n\t\t<\/div>\n\t\t\t\t\t<\/div>\n\t\t<\/section>\n\t\t\t\t<section class=\"elementor-section elementor-top-section elementor-element elementor-element-273aa8e elementor-section-boxed elementor-section-height-default elementor-section-height-default\" data-id=\"273aa8e\" data-element_type=\"section\">\n\t\t\t\t\t\t<div class=\"elementor-container elementor-column-gap-default\">\n\t\t\t\t\t<div class=\"elementor-column elementor-col-100 elementor-top-column elementor-element elementor-element-7ba4de9\" data-id=\"7ba4de9\" data-element_type=\"column\">\n\t\t\t<div class=\"elementor-widget-wrap elementor-element-populated\">\n\t\t\t\t\t\t<div class=\"elementor-element elementor-element-aee3f93 elementor-grid-3 elementor-grid-tablet-2 elementor-grid-mobile-1 elementor-posts--thumbnail-top elementor-widget elementor-widget-posts\" data-id=\"aee3f93\" data-element_type=\"widget\" data-settings=\"{&quot;classic_row_gap&quot;:{&quot;unit&quot;:&quot;px&quot;,&quot;size&quot;:25,&quot;sizes&quot;:[]},&quot;classic_columns&quot;:&quot;3&quot;,&quot;classic_columns_tablet&quot;:&quot;2&quot;,&quot;classic_columns_mobile&quot;:&quot;1&quot;,&quot;classic_row_gap_tablet&quot;:{&quot;unit&quot;:&quot;px&quot;,&quot;size&quot;:&quot;&quot;,&quot;sizes&quot;:[]},&quot;classic_row_gap_mobile&quot;:{&quot;unit&quot;:&quot;px&quot;,&quot;size&quot;:&quot;&quot;,&quot;sizes&quot;:[]}}\" data-widget_type=\"posts.classic\">\n\t\t\t\t<div class=\"elementor-widget-container\">\n\t\t\t\t\t<div class=\"elementor-posts-container elementor-posts elementor-posts--skin-classic elementor-grid\">\n\t\t\t\t<article class=\"elementor-post elementor-grid-item post-614 post type-post status-publish format-standard has-post-thumbnail hentry category-cases\">\n\t\t\t\t<a class=\"elementor-post__thumbnail__link\" href=\"https:\/\/itrusta.lt\/da\/gladsaxe-kommune\/\" >\n\t\t\t<div class=\"elementor-post__thumbnail\"><img decoding=\"async\" width=\"300\" height=\"157\" src=\"https:\/\/itrusta.lt\/wp-content\/uploads\/2021\/04\/gladsaxe-300x157.jpg\" class=\"attachment-medium size-medium wp-image-981\" alt=\"\" srcset=\"https:\/\/itrusta.lt\/wp-content\/uploads\/2021\/04\/gladsaxe-300x157.jpg 300w, https:\/\/itrusta.lt\/wp-content\/uploads\/2021\/04\/gladsaxe-700x366.jpg 700w, https:\/\/itrusta.lt\/wp-content\/uploads\/2021\/04\/gladsaxe-768x402.jpg 768w, https:\/\/itrusta.lt\/wp-content\/uploads\/2021\/04\/gladsaxe-590x310.jpg 590w, https:\/\/itrusta.lt\/wp-content\/uploads\/2021\/04\/gladsaxe.jpg 1200w\" sizes=\"(max-width: 300px) 100vw, 300px\" \/><\/div>\n\t\t<\/a>\n\t\t\t\t<div class=\"elementor-post__text\">\n\t\t\t\t<h3 class=\"elementor-post__title\">\n\t\t\t<a href=\"https:\/\/itrusta.lt\/da\/gladsaxe-kommune\/\" >\n\t\t\t\tGladsaxe Kommune\t\t\t<\/a>\n\t\t<\/h3>\n\t\t\t\t<div class=\"elementor-post__meta-data\">\n\t\t\t\t\t<span class=\"elementor-post-date\">\n\t\t\t2021-02-23\t\t<\/span>\n\t\t\t\t<\/div>\n\t\t\t\t<div class=\"elementor-post__excerpt\">\n\t\t\t<p>Underst\u00f8ttelse af s\u00e5rbarhedsvurdering til kommunens it-systemer&nbsp; Gladsaxe Kommune har en indarbejdet metode, hvor&nbsp;it-ansvarlige og forretningens systemejere indg\u00e5r i f\u00e6lles vurderinger og rapportering af den risiko,<\/p>\n\t\t<\/div>\n\t\t\n\t\t<a class=\"elementor-post__read-more\" href=\"https:\/\/itrusta.lt\/da\/gladsaxe-kommune\/\" >\n\t\t\tL\u00e6s mere \u00bb\t\t<\/a>\n\n\t\t\t\t<\/div>\n\t\t\t\t<\/article>\n\t\t\t\t<article class=\"elementor-post elementor-grid-item post-599 post type-post status-publish format-standard has-post-thumbnail hentry category-cases\">\n\t\t\t\t<a class=\"elementor-post__thumbnail__link\" href=\"https:\/\/itrusta.lt\/da\/kl-kommuners-landsforening\/\" >\n\t\t\t<div class=\"elementor-post__thumbnail\"><img decoding=\"async\" width=\"300\" height=\"157\" src=\"https:\/\/itrusta.lt\/wp-content\/uploads\/2021\/04\/KL.jpg\" class=\"attachment-medium size-medium wp-image-979\" alt=\"\" \/><\/div>\n\t\t<\/a>\n\t\t\t\t<div class=\"elementor-post__text\">\n\t\t\t\t<h3 class=\"elementor-post__title\">\n\t\t\t<a href=\"https:\/\/itrusta.lt\/da\/kl-kommuners-landsforening\/\" >\n\t\t\t\tKL &#8211; Kommuners Landsforening\t\t\t<\/a>\n\t\t<\/h3>\n\t\t\t\t<div class=\"elementor-post__meta-data\">\n\t\t\t\t\t<span class=\"elementor-post-date\">\n\t\t\t2021-02-23\t\t<\/span>\n\t\t\t\t<\/div>\n\t\t\t\t<div class=\"elementor-post__excerpt\">\n\t\t\t<p>Baseline for danske kommuners informations- og persondatasikkerhed De danske kommuner gennemf\u00f8rte i perioden 2016 til 2019 et digitaliseringsprogram, hvor et af initiativerne var\u00a0informationssikkerhed\u00a0som generel foruds\u00e6tning<\/p>\n\t\t<\/div>\n\t\t\n\t\t<a class=\"elementor-post__read-more\" href=\"https:\/\/itrusta.lt\/da\/kl-kommuners-landsforening\/\" >\n\t\t\tL\u00e6s mere \u00bb\t\t<\/a>\n\n\t\t\t\t<\/div>\n\t\t\t\t<\/article>\n\t\t\t\t<article class=\"elementor-post elementor-grid-item post-596 post type-post status-publish format-standard has-post-thumbnail hentry category-cases\">\n\t\t\t\t<a class=\"elementor-post__thumbnail__link\" href=\"https:\/\/itrusta.lt\/da\/erhvervsstyrelsen\/\" >\n\t\t\t<div class=\"elementor-post__thumbnail\"><img fetchpriority=\"high\" decoding=\"async\" width=\"300\" height=\"257\" src=\"https:\/\/itrusta.lt\/wp-content\/uploads\/2022\/05\/b30843d6-9644-4f25-bf43-7a847dcdf3812-300x257.png\" class=\"attachment-medium size-medium wp-image-3290\" alt=\"\" srcset=\"https:\/\/itrusta.lt\/wp-content\/uploads\/2022\/05\/b30843d6-9644-4f25-bf43-7a847dcdf3812-300x257.png 300w, https:\/\/itrusta.lt\/wp-content\/uploads\/2022\/05\/b30843d6-9644-4f25-bf43-7a847dcdf3812.png 350w\" sizes=\"(max-width: 300px) 100vw, 300px\" \/><\/div>\n\t\t<\/a>\n\t\t\t\t<div class=\"elementor-post__text\">\n\t\t\t\t<h3 class=\"elementor-post__title\">\n\t\t\t<a href=\"https:\/\/itrusta.lt\/da\/erhvervsstyrelsen\/\" >\n\t\t\t\tErhvervsstyrelsen\t\t\t<\/a>\n\t\t<\/h3>\n\t\t\t\t<div class=\"elementor-post__meta-data\">\n\t\t\t\t\t<span class=\"elementor-post-date\">\n\t\t\t2021-02-23\t\t<\/span>\n\t\t\t\t<\/div>\n\t\t\t\t<div class=\"elementor-post__excerpt\">\n\t\t\t<p>Unders\u00f8gelse af sikkerhedspraksis i sm\u00e5 og mellemstore virksomheder \u2013 10 udvalgte cases&nbsp; Erhvervsstyrelsen \u00f8nskede,&nbsp;p\u00e5 baggrund af&nbsp;en&nbsp;analyse&nbsp;af praksis i 10 udvalgte virksomheder, vurderinger&nbsp;af barrierer for og<\/p>\n\t\t<\/div>\n\t\t\n\t\t<a class=\"elementor-post__read-more\" href=\"https:\/\/itrusta.lt\/da\/erhvervsstyrelsen\/\" >\n\t\t\tL\u00e6s mere \u00bb\t\t<\/a>\n\n\t\t\t\t<\/div>\n\t\t\t\t<\/article>\n\t\t\t\t<article class=\"elementor-post elementor-grid-item post-593 post type-post status-publish format-standard has-post-thumbnail hentry category-cases\">\n\t\t\t\t<a class=\"elementor-post__thumbnail__link\" href=\"https:\/\/itrusta.lt\/da\/digitaliseringsstyrelsen\/\" >\n\t\t\t<div class=\"elementor-post__thumbnail\"><img loading=\"lazy\" decoding=\"async\" width=\"300\" height=\"157\" src=\"https:\/\/itrusta.lt\/wp-content\/uploads\/2021\/02\/Norge-2.jpg\" class=\"attachment-medium size-medium wp-image-974\" alt=\"\" \/><\/div>\n\t\t<\/a>\n\t\t\t\t<div class=\"elementor-post__text\">\n\t\t\t\t<h3 class=\"elementor-post__title\">\n\t\t\t<a href=\"https:\/\/itrusta.lt\/da\/digitaliseringsstyrelsen\/\" >\n\t\t\t\tDigitaliseringsstyrelsen\t\t\t<\/a>\n\t\t<\/h3>\n\t\t\t\t<div class=\"elementor-post__meta-data\">\n\t\t\t\t\t<span class=\"elementor-post-date\">\n\t\t\t2021-02-23\t\t<\/span>\n\t\t\t\t<\/div>\n\t\t\t\t<div class=\"elementor-post__excerpt\">\n\t\t\t<p>Unders\u00f8gelser af befolkningens&nbsp;sikkerhedskultur&nbsp;og -kompetencer&nbsp; I-Trust har i flere projekter underst\u00f8ttet f\u00f8rst IT- og Telestyrelsen, siden Digitaliseringsstyrelsen i analyser af den danske befolknings opm\u00e6rksomhed p\u00e5 og<\/p>\n\t\t<\/div>\n\t\t\n\t\t<a class=\"elementor-post__read-more\" href=\"https:\/\/itrusta.lt\/da\/digitaliseringsstyrelsen\/\" >\n\t\t\tL\u00e6s mere \u00bb\t\t<\/a>\n\n\t\t\t\t<\/div>\n\t\t\t\t<\/article>\n\t\t\t\t<article class=\"elementor-post elementor-grid-item post-529 post type-post status-publish format-standard has-post-thumbnail hentry category-cases\">\n\t\t\t\t<a class=\"elementor-post__thumbnail__link\" href=\"https:\/\/itrusta.lt\/da\/helsenett-no\/\" >\n\t\t\t<div class=\"elementor-post__thumbnail\"><img loading=\"lazy\" decoding=\"async\" width=\"300\" height=\"157\" src=\"https:\/\/itrusta.lt\/wp-content\/uploads\/2021\/02\/Norge-1-300x157.jpg\" class=\"attachment-medium size-medium wp-image-972\" alt=\"\" srcset=\"https:\/\/itrusta.lt\/wp-content\/uploads\/2021\/02\/Norge-1-300x157.jpg 300w, https:\/\/itrusta.lt\/wp-content\/uploads\/2021\/02\/Norge-1-700x366.jpg 700w, https:\/\/itrusta.lt\/wp-content\/uploads\/2021\/02\/Norge-1-768x402.jpg 768w, https:\/\/itrusta.lt\/wp-content\/uploads\/2021\/02\/Norge-1-590x310.jpg 590w, https:\/\/itrusta.lt\/wp-content\/uploads\/2021\/02\/Norge-1.jpg 1200w\" sizes=\"(max-width: 300px) 100vw, 300px\" \/><\/div>\n\t\t<\/a>\n\t\t\t\t<div class=\"elementor-post__text\">\n\t\t\t\t<h3 class=\"elementor-post__title\">\n\t\t\t<a href=\"https:\/\/itrusta.lt\/da\/helsenett-no\/\" >\n\t\t\t\tHelsenett, No\t\t\t<\/a>\n\t\t<\/h3>\n\t\t\t\t<div class=\"elementor-post__meta-data\">\n\t\t\t\t\t<span class=\"elementor-post-date\">\n\t\t\t2021-02-22\t\t<\/span>\n\t\t\t\t<\/div>\n\t\t\t\t<div class=\"elementor-post__excerpt\">\n\t\t\t<p>Analyse af sikkerhedskultur blandt de virksomheder, der er koblet til&nbsp;Helsenett&nbsp;services.&nbsp;&nbsp; Helsenett\u00a0er leverand\u00f8r af det nationale sundhedsnet i Norge, der transmitterer alle sundhedsdata. Institutioner koblet til\u00a0Helsenett\u00a0skal<\/p>\n\t\t<\/div>\n\t\t\n\t\t<a class=\"elementor-post__read-more\" href=\"https:\/\/itrusta.lt\/da\/helsenett-no\/\" >\n\t\t\tL\u00e6s mere \u00bb\t\t<\/a>\n\n\t\t\t\t<\/div>\n\t\t\t\t<\/article>\n\t\t\t\t<article class=\"elementor-post elementor-grid-item post-68 post type-post status-publish format-standard has-post-thumbnail hentry category-cases\">\n\t\t\t\t<a class=\"elementor-post__thumbnail__link\" href=\"https:\/\/itrusta.lt\/da\/helse-syd-ost-no\/\" >\n\t\t\t<div class=\"elementor-post__thumbnail\"><img loading=\"lazy\" decoding=\"async\" width=\"300\" height=\"157\" src=\"https:\/\/itrusta.lt\/wp-content\/uploads\/2021\/04\/Norge-4.jpg\" class=\"attachment-medium size-medium wp-image-983\" alt=\"\" \/><\/div>\n\t\t<\/a>\n\t\t\t\t<div class=\"elementor-post__text\">\n\t\t\t\t<h3 class=\"elementor-post__title\">\n\t\t\t<a href=\"https:\/\/itrusta.lt\/da\/helse-syd-ost-no\/\" >\n\t\t\t\tHelse S\u00f8r-\u00d8st, No\t\t\t<\/a>\n\t\t<\/h3>\n\t\t\t\t<div class=\"elementor-post__meta-data\">\n\t\t\t\t\t<span class=\"elementor-post-date\">\n\t\t\t2020-12-08\t\t<\/span>\n\t\t\t\t<\/div>\n\t\t\t\t<div class=\"elementor-post__excerpt\">\n\t\t\t<p>Analyse af sikkerhedskultur blandt 10.000 af regionens sundhedspersonale. Sammen med\u00a0NorSiS indgik I-Trust i et\u00a0awareness-projekt for en del af den norske\u00a0sygehussektor\u00a0&#8211; Helse\u00a0S\u00f8r-\u00d8st med over 100.000 ansatte.<\/p>\n\t\t<\/div>\n\t\t\n\t\t<a class=\"elementor-post__read-more\" href=\"https:\/\/itrusta.lt\/da\/helse-syd-ost-no\/\" >\n\t\t\tL\u00e6s mere \u00bb\t\t<\/a>\n\n\t\t\t\t<\/div>\n\t\t\t\t<\/article>\n\t\t\t\t<\/div>\n\n\n\t\t\n\t\t\t\t<\/div>\n\t\t\t\t<\/div>\n\t\t\t\t\t<\/div>\n\t\t<\/div>\n\t\t\t\t\t<\/div>\n\t\t<\/section>\n\t\t\t\t\t\t\t<\/div>\n\t\t\t\t<\/div>\n\t\t<\/span><\/p>\t\t\t\t\t\t<\/div>\n\t\t\t\t<\/div>\n\t\t\t\t\t<\/div>\n\t\t<\/div>\n\t\t\t\t\t<\/div>\n\t\t<\/section>\n\t\t\t\t<\/div>\n\t\t","protected":false},"excerpt":{"rendered":"","protected":false},"author":11,"featured_media":0,"parent":0,"menu_order":0,"comment_status":"closed","ping_status":"closed","template":"","meta":{"site-sidebar-layout":"default","site-content-layout":"","ast-site-content-layout":"","site-content-style":"default","site-sidebar-style":"default","ast-global-header-display":"","ast-banner-title-visibility":"","ast-main-header-display":"","ast-hfb-above-header-display":"","ast-hfb-below-header-display":"","ast-hfb-mobile-header-display":"","site-post-title":"","ast-breadcrumbs-content":"","ast-featured-img":"","footer-sml-layout":"","theme-transparent-header-meta":"","adv-header-id-meta":"","stick-header-meta":"","header-above-stick-meta":"","header-main-stick-meta":"","header-below-stick-meta":"","astra-migrate-meta-layouts":"default","ast-page-background-enabled":"default","ast-page-background-meta":{"desktop":{"background-color":"var(--ast-global-color-4)","background-image":"","background-repeat":"repeat","background-position":"center center","background-size":"auto","background-attachment":"scroll","background-type":"","background-media":"","overlay-type":"","overlay-color":"","overlay-gradient":""},"tablet":{"background-color":"","background-image":"","background-repeat":"repeat","background-position":"center center","background-size":"auto","background-attachment":"scroll","background-type":"","background-media":"","overlay-type":"","overlay-color":"","overlay-gradient":""},"mobile":{"background-color":"","background-image":"","background-repeat":"repeat","background-position":"center center","background-size":"auto","background-attachment":"scroll","background-type":"","background-media":"","overlay-type":"","overlay-color":"","overlay-gradient":""}},"ast-content-background-meta":{"desktop":{"background-color":"var(--ast-global-color-5)","background-image":"","background-repeat":"repeat","background-position":"center center","background-size":"auto","background-attachment":"scroll","background-type":"","background-media":"","overlay-type":"","overlay-color":"","overlay-gradient":""},"tablet":{"background-color":"var(--ast-global-color-5)","background-image":"","background-repeat":"repeat","background-position":"center center","background-size":"auto","background-attachment":"scroll","background-type":"","background-media":"","overlay-type":"","overlay-color":"","overlay-gradient":""},"mobile":{"background-color":"var(--ast-global-color-5)","background-image":"","background-repeat":"repeat","background-position":"center center","background-size":"auto","background-attachment":"scroll","background-type":"","background-media":"","overlay-type":"","overlay-color":"","overlay-gradient":""}},"footnotes":""},"class_list":["post-549","page","type-page","status-publish","hentry"],"acf":[],"yoast_head":"<!-- This site is optimized with the Yoast SEO plugin v23.4 - https:\/\/yoast.com\/wordpress\/plugins\/seo\/ -->\n<title>Cases - Itrusta<\/title>\n<meta name=\"robots\" content=\"index, follow, max-snippet:-1, max-image-preview:large, max-video-preview:-1\" \/>\n<link rel=\"canonical\" href=\"https:\/\/itrusta.lt\/da\/cases\/\" \/>\n<meta property=\"og:locale\" content=\"da_DK\" \/>\n<meta property=\"og:type\" content=\"article\" \/>\n<meta property=\"og:title\" content=\"Cases - Itrusta\" \/>\n<meta property=\"og:url\" content=\"https:\/\/itrusta.lt\/da\/cases\/\" \/>\n<meta property=\"og:site_name\" content=\"Itrusta\" \/>\n<meta property=\"article:modified_time\" content=\"2022-12-19T07:47:03+00:00\" \/>\n<meta name=\"twitter:card\" content=\"summary_large_image\" \/>\n<meta name=\"twitter:label1\" content=\"Estimeret l\u00e6setid\" \/>\n\t<meta name=\"twitter:data1\" content=\"5 minutter\" \/>\n<script type=\"application\/ld+json\" class=\"yoast-schema-graph\">{\"@context\":\"https:\/\/schema.org\",\"@graph\":[{\"@type\":\"WebPage\",\"@id\":\"https:\/\/itrusta.lt\/da\/cases\/\",\"url\":\"https:\/\/itrusta.lt\/da\/cases\/\",\"name\":\"Cases - Itrusta\",\"isPartOf\":{\"@id\":\"https:\/\/itrusta.lt\/#website\"},\"datePublished\":\"2021-02-22T11:46:01+00:00\",\"dateModified\":\"2022-12-19T07:47:03+00:00\",\"breadcrumb\":{\"@id\":\"https:\/\/itrusta.lt\/da\/cases\/#breadcrumb\"},\"inLanguage\":\"da-DK\",\"potentialAction\":[{\"@type\":\"ReadAction\",\"target\":[\"https:\/\/itrusta.lt\/da\/cases\/\"]}]},{\"@type\":\"BreadcrumbList\",\"@id\":\"https:\/\/itrusta.lt\/da\/cases\/#breadcrumb\",\"itemListElement\":[{\"@type\":\"ListItem\",\"position\":1,\"name\":\"Home\",\"item\":\"https:\/\/itrusta.lt\/da\/\"},{\"@type\":\"ListItem\",\"position\":2,\"name\":\"Cases\"}]},{\"@type\":\"WebSite\",\"@id\":\"https:\/\/itrusta.lt\/#website\",\"url\":\"https:\/\/itrusta.lt\/\",\"name\":\"Itrusta\",\"description\":\"Compliance within reach\",\"publisher\":{\"@id\":\"https:\/\/itrusta.lt\/#organization\"},\"potentialAction\":[{\"@type\":\"SearchAction\",\"target\":{\"@type\":\"EntryPoint\",\"urlTemplate\":\"https:\/\/itrusta.lt\/?s={search_term_string}\"},\"query-input\":{\"@type\":\"PropertyValueSpecification\",\"valueRequired\":true,\"valueName\":\"search_term_string\"}}],\"inLanguage\":\"da-DK\"},{\"@type\":\"Organization\",\"@id\":\"https:\/\/itrusta.lt\/#organization\",\"name\":\"Itrusta\",\"url\":\"https:\/\/itrusta.lt\/\",\"logo\":{\"@type\":\"ImageObject\",\"inLanguage\":\"da-DK\",\"@id\":\"https:\/\/itrusta.lt\/#\/schema\/logo\/image\/\",\"url\":\"https:\/\/itrusta.lt\/wp-content\/uploads\/2021\/02\/logo.png\",\"contentUrl\":\"https:\/\/itrusta.lt\/wp-content\/uploads\/2021\/02\/logo.png\",\"width\":264,\"height\":88,\"caption\":\"Itrusta\"},\"image\":{\"@id\":\"https:\/\/itrusta.lt\/#\/schema\/logo\/image\/\"}}]}<\/script>\n<!-- \/ Yoast SEO plugin. -->","yoast_head_json":{"title":"Cases - Itrusta","robots":{"index":"index","follow":"follow","max-snippet":"max-snippet:-1","max-image-preview":"max-image-preview:large","max-video-preview":"max-video-preview:-1"},"canonical":"https:\/\/itrusta.lt\/da\/cases\/","og_locale":"da_DK","og_type":"article","og_title":"Cases - Itrusta","og_url":"https:\/\/itrusta.lt\/da\/cases\/","og_site_name":"Itrusta","article_modified_time":"2022-12-19T07:47:03+00:00","twitter_card":"summary_large_image","twitter_misc":{"Estimeret l\u00e6setid":"5 minutter"},"schema":{"@context":"https:\/\/schema.org","@graph":[{"@type":"WebPage","@id":"https:\/\/itrusta.lt\/da\/cases\/","url":"https:\/\/itrusta.lt\/da\/cases\/","name":"Cases - Itrusta","isPartOf":{"@id":"https:\/\/itrusta.lt\/#website"},"datePublished":"2021-02-22T11:46:01+00:00","dateModified":"2022-12-19T07:47:03+00:00","breadcrumb":{"@id":"https:\/\/itrusta.lt\/da\/cases\/#breadcrumb"},"inLanguage":"da-DK","potentialAction":[{"@type":"ReadAction","target":["https:\/\/itrusta.lt\/da\/cases\/"]}]},{"@type":"BreadcrumbList","@id":"https:\/\/itrusta.lt\/da\/cases\/#breadcrumb","itemListElement":[{"@type":"ListItem","position":1,"name":"Home","item":"https:\/\/itrusta.lt\/da\/"},{"@type":"ListItem","position":2,"name":"Cases"}]},{"@type":"WebSite","@id":"https:\/\/itrusta.lt\/#website","url":"https:\/\/itrusta.lt\/","name":"Itrusta","description":"Compliance within reach","publisher":{"@id":"https:\/\/itrusta.lt\/#organization"},"potentialAction":[{"@type":"SearchAction","target":{"@type":"EntryPoint","urlTemplate":"https:\/\/itrusta.lt\/?s={search_term_string}"},"query-input":{"@type":"PropertyValueSpecification","valueRequired":true,"valueName":"search_term_string"}}],"inLanguage":"da-DK"},{"@type":"Organization","@id":"https:\/\/itrusta.lt\/#organization","name":"Itrusta","url":"https:\/\/itrusta.lt\/","logo":{"@type":"ImageObject","inLanguage":"da-DK","@id":"https:\/\/itrusta.lt\/#\/schema\/logo\/image\/","url":"https:\/\/itrusta.lt\/wp-content\/uploads\/2021\/02\/logo.png","contentUrl":"https:\/\/itrusta.lt\/wp-content\/uploads\/2021\/02\/logo.png","width":264,"height":88,"caption":"Itrusta"},"image":{"@id":"https:\/\/itrusta.lt\/#\/schema\/logo\/image\/"}}]}},"_links":{"self":[{"href":"https:\/\/itrusta.lt\/da\/wp-json\/wp\/v2\/pages\/549","targetHints":{"allow":["GET"]}}],"collection":[{"href":"https:\/\/itrusta.lt\/da\/wp-json\/wp\/v2\/pages"}],"about":[{"href":"https:\/\/itrusta.lt\/da\/wp-json\/wp\/v2\/types\/page"}],"author":[{"embeddable":true,"href":"https:\/\/itrusta.lt\/da\/wp-json\/wp\/v2\/users\/11"}],"replies":[{"embeddable":true,"href":"https:\/\/itrusta.lt\/da\/wp-json\/wp\/v2\/comments?post=549"}],"version-history":[{"count":14,"href":"https:\/\/itrusta.lt\/da\/wp-json\/wp\/v2\/pages\/549\/revisions"}],"predecessor-version":[{"id":6654,"href":"https:\/\/itrusta.lt\/da\/wp-json\/wp\/v2\/pages\/549\/revisions\/6654"}],"wp:attachment":[{"href":"https:\/\/itrusta.lt\/da\/wp-json\/wp\/v2\/media?parent=549"}],"curies":[{"name":"wp","href":"https:\/\/api.w.org\/{rel}","templated":true}]}}