{"id":556,"date":"2021-02-23T08:29:25","date_gmt":"2021-02-23T07:29:25","guid":{"rendered":"https:\/\/itrusta.lt\/dev1\/?page_id=556"},"modified":"2021-06-18T10:03:03","modified_gmt":"2021-06-18T08:03:03","slug":"privatlivspolitik-2","status":"publish","type":"page","link":"https:\/\/itrusta.lt\/da\/privatlivspolitik-2\/","title":{"rendered":"Privatlivspolitik"},"content":{"rendered":"\n<p><strong>Hjemmesidens ejer og kontaktoplysninger<\/strong><\/p>\n\n\n\n<p><em>Denne hjemmeside er drevet og ejet af:<\/em><\/p>\n\n\n\n<p><strong>I-Trust<\/strong><br>CVR: 26932645<br>E-mail: info@i-trust.dk<br>Telefon: +45 88 62 64 00<\/p>\n\n\n\n<h2 class=\"wp-block-heading\">Persondatapolitik<\/h2>\n\n\n\n<p>Ved at benytte denne hjemmeside, www.i-trust.dk, accepterer du, at I-Trust behandler dine personoplysninger i henhold til denne datapolitik.<\/p>\n\n\n\n<p>Hvis du ikke kan acceptere datapolitikken, bedes du undlade at benytte hjemmesiden.<\/p>\n\n\n\n<p>N\u00e5r man bes\u00f8ger hjemmesiden, vil du blive bedt om at aflevere oplysninger s\u00e5som navn, adresse, e-mailadresse eller telefonnumre, i forbindelse med tilmelding til en eller flere services. Vi foretager registreringen af dine personoplysninger med det form\u00e5l, at kunne levere svar og ydelser til dig.<br><br>Disse oplysninger vil vi aldrig s\u00e6lge eller p\u00e5 anden m\u00e5de videregive uden din udtrykkelige tilladelse. Oplysningerne er sikre hos os. Hvor ikke andet er angivet, sendes og opbevares disse oplysninger ikke krypteret. Alle data er dog beskyttet bag en firewall.<\/p>\n\n\n\n<p>Vi videregiver kun personlige oplysninger, hvis det kr\u00e6ves af lovgivningen, eller hvis der foreligger en retskendelse.<\/p>\n\n\n\n<h3 class=\"wp-block-heading\">Persondatapolitik<\/h3>\n\n\n\n<p>Behandling af personoplysninger er underlagt Persondataloven samt GDPR pr. 25. maj 2018. Personoplysningerne registreres hos I-Trust. Vi opbevarer kun dine personoplysninger, s\u00e5 l\u00e6nge det er n\u00f8dvendigt i forhold til de oplyste form\u00e5l i vores persondatapolitik. Vi foretager registreringen af dine personoplysninger med det form\u00e5l at kunne levere varen til dig.<\/p>\n\n\n\n<p>Ved tilmelding til nyhedsbrev registrerer vi din e-mailadresse. E-mailadressen videregives ikke til andre. Du kan altid framelde dig vores nyhedsbrev via et link i bunden af nyhedsbrevet. Ved frameldelse, tr\u00e6kker du automatisk dit samtykke tilbage og dine oplysninger slettes fra vores mailingliste.<\/p>\n\n\n\n<p>N\u00e5r der indsamles personoplysninger via vores hjemmeside, sikrer vi, at det altid sker ved afgivelse af dit udtrykkelige samtykke, s\u00e5ledes at du er informeret om pr\u00e6cis, hvilke oplysninger, der indsamles og hvorfor.<\/p>\n\n\n\n<h3 class=\"wp-block-heading\">Datasikkerhed<\/h3>\n\n\n\n<p>Dine personoplysninger behandles sikkert og fortroligt, uanset om der er tale om tilmelding til nyhedsbrev eller du er kunde hos I-Trust. Vi behandler dem i overensstemmelse med lovgivningen og de bliver kun anvendt til det form\u00e5l, de er indsamlet til og som der er givet samtykke til. Oplysningerne gemmes til de ikke l\u00e6ngere er relevante. I-Trust bruger tredjeparter, fx. til hostning af server, h\u00e5ndtering af betaling mv.<\/p>\n\n\n\n<p>Nogle personoplysninger administreres af en tredjemand (databehandler), som opbevarer og behandler personoplysninger p\u00e5 I-Trusts vegne i henhold til denne datapolitik og den g\u00e6ldende lovgivning om beskyttelse af persondata.<\/p>\n\n\n\n<p>Den dataansvarlige for opbevaring af dine data er I-Trust.<\/p>\n\n\n\n<h3 class=\"wp-block-heading\">Logstatistik<\/h3>\n\n\n\n<p>Logstatistik bruges p\u00e5 www.i-trust.dk og betyder, at et statistik-system opsamler information, som kan give et statistisk billede af, hvor mange bes\u00f8gende en hjemmeside har haft, hvor de kommer fra, p\u00e5 hvilken del af websitet dette forlades mm.<br>P\u00e5 www.i-trust.dk anvendes logstatistik med det form\u00e5l at optimere hjemmesiden og dens funktionaliteter.<\/p>\n\n\n\n<p>Som hovedregel kan du tilg\u00e5 hjemmesiden uden at fort\u00e6lle os, hvem du er, eller i \u00f8vrigt give personlige oplysninger om dig selv, men for at rette kontakt til os via vores kontaktformular, kan du blive bedt om at oplyse f\u00f8lgende personlige oplysninger:<\/p>\n\n\n\n<p>* navn<br>* adresse<br>* telefonnummer<br>* e-mail<br>* CVR \u2013 kun ved firma<\/p>\n\n\n\n<p>Vi videregiver kun personlige oplysninger, hvis det kr\u00e6ves af lovgivningen, eller hvis der foreligger en retskendelse.<\/p>\n\n\n\n<p>F\u00f8lgende grupper af medarbejdere har adgang til de registrerede oplysninger:<br>Administrationen og support.<\/p>\n\n\n\n<p>Supplerende oplysninger om data sikkerhed og krypteringer:<br>Vi opbevarer ikke kundeoplysninger krypteret.<br>Vi transmitterer kundeoplysninger krypteret via SSL-forbindelse.<br>Oplysningerne videregives ikke til tredjemand.<br>Der registreres ingen personf\u00f8lsomme oplysninger.<\/p>\n\n\n\n<h3 class=\"wp-block-heading\">Indsigt<\/h3>\n\n\n\n<p>Du vil altid kunne f\u00e5 indsigt i dine oplysninger hos I-Trust. Hvis der er fejl eller mangler i vores oplysninger, rettes de hurtigst muligt. \u00d8nsker du ikke l\u00e6ngere at v\u00e6re registreret hos I-Trust, sletter vi dine oplysninger inden for 14 dage efter vi har modtaget&nbsp;en skriftlig henvendelse fra dig vedr. dette.<\/p>\n\n\n\n<h3 class=\"wp-block-heading\">Webstatistik<\/h3>\n\n\n\n<p>Vi anvender webstatistik, blandt andet for at finde ud af, hvilke af vore produkter, der er de mest popul\u00e6re.<\/p>\n\n\n\n<h2 class=\"wp-block-heading\">Cookies<\/h2>\n\n\n\n<p>P\u00e5 www.i-trust.dk anvender vi cookies.<\/p>\n\n\n\n<p>En cookie er en lille passiv datafil, som ligger p\u00e5 din computer og hj\u00e6lper dig til at huske tidligere bes\u00f8gte hjemmesider samt dine pr\u00e6ferencer. Fx. kan en cookie huske, om du kigger efter v\u00e6rkt\u00f8j og ikke lamper og dermed f\u00e5r du flest visninger og tilbud p\u00e5 v\u00e6rkt\u00f8j. Cookies bruges derfor ogs\u00e5 i forbindelse med annoncering, da bannerannoncer m.m. bliver m\u00e5lrettet dine pr\u00e6ferencer.<\/p>\n\n\n\n<p>Cookies bruges bl.a. til statistik i Google Analytics samt \u00f8vrige trafiksporinger. Du kan frav\u00e6lge cookies fra Google Analytics her:&nbsp;<a href=\"https:\/\/tools.google.com\/dlpage\/gaoptout\" target=\"_blank\" rel=\"noreferrer noopener\">https:\/\/tools.google.com\/dlpage\/gaoptout<\/a>.<\/p>\n\n\n\n<p>For at kunne videreudvikle og forbedre I-Trusts hjemmesider f\u00f8rer vi statistik over, hvordan brugerne anvender siderne. Statistikken anvendes udelukkende i opsummeret form, f.eks. til at se hvilke sider og browsere vores kunder anvender mest.<\/p>\n\n\n\n<p>I-Trust anvender Google Analytics til indsamling af bes\u00f8gsstatistik og videregiver i den forbindelse IP-adresser til Google Analytics. Google kan videregive informationerne til tredjepart, hvor loven kr\u00e6ver dette, eller til tredjepart, som udf\u00f8rer opgaver for dem. Privatlivsvilk\u00e5rene for Google Analytics accepteres ved bes\u00f8g p\u00e5 www.i-trust.dk og fremg\u00e5r af\u00a0<a href=\"https:\/\/www.google.com\/privacy.html\">https:\/\/www.google.com\/privacy.html<\/a>.<\/p>\n\n\n\n<p>P\u00e5 www.i-trust.dk anvendes _ga cookies via Google Analytics som tildeler den bes\u00f8gende et unikt ID. Det bruges til at f\u00f8lge hvordan hjemmesiden bruges. Disse data gemmes i 26 m\u00e5neder.<\/p>\n\n\n\n<p>Der anvendes _grecaptcha til at bestemme, om brugeren er en virkelig person eller en software-robot &#8211; Dette muligg\u00f8r skabelsen af valide rapporter om brugen af hjemmesiden.<\/p>\n\n\n\n<p>\u00d8vrige trafiksporinger anvender _paq som tildeler den bes\u00f8gende et unikt ID. Det bruges til at f\u00f8lge hvordan hjemmesiden bruges. Disse data gemmes i s\u00e5 l\u00e6nge vi finder dataen relevant.<\/p>\n\n\n\n<p><\/p>\n\n\n\n<p>Bortset fra i ovenst\u00e5ende tilf\u00e6lde, videregiver I-Trust ikke data om den enkelte kundes anvendelse af tjenesterne p\u00e5 www.i-trust.dk.<\/p>\n\n\n\n<p>Cookies er anonyme og indeholder derfor ingen personlige data. Datafilen er passiv og kan derfor ikke sprede virus eller skade computeren eller programmerne.<\/p>\n\n\n\n<h3 class=\"wp-block-heading\">Fravalg af cookies<\/h3>\n\n\n\n<p>Du kan til enhver tid slette alle dine cookies fra din computer eller aktivt v\u00e6lge det til eller fra ved hver enkelt hjemmeside. Til- og fravalg af cookies skal g\u00f8res i computerens browserindstillinger og derfor kan hjemmesideudbyderen ikke kontrollere eller \u00e6ndre det. Du skal dog v\u00e6re opm\u00e6rksom p\u00e5, at ved fravalg af cookies, er der mange funktioner og services, du ikke kan bruge, fordi de foruds\u00e6tter, at hjemmesiden kan huske de valg, du foretager.<\/p>\n\n\n\n<h3 class=\"wp-block-heading\">Sletning af cookies<\/h3>\n\n\n\n<p>Fortryder du accept af cookies, kan du efterf\u00f8lgende nemt slette dem igen.<br>P\u00e5 PC sletter du dine cookies ved at bruge genvejstasterne: CTRL + SHIFT + Delete<\/p>\n\n\n\n<p>Virker genvejstasterne ikke, og\/eller benytter du en MAC, kan du finde hj\u00e6lp p\u00e5 nedenst\u00e5ende links, afh\u00e6ngig af, hvilken browser du bruger.<\/p>\n\n\n\n<ul class=\"wp-block-list\"><li><a href=\"https:\/\/windows.microsoft.com\/da-dk\/internet-explorer\/delete-manage-cookies#ie=ie-11\" target=\"_blank\" rel=\"noreferrer noopener\">Internet Explorer<\/a><\/li><li><a href=\"https:\/\/support.mozilla.org\/da\/kb\/slet-cookies-fjerne-oplysninger-som-websteder-har-\" target=\"_blank\" rel=\"noreferrer noopener\">Mozilla Firefox<\/a><\/li><li><a href=\"https:\/\/support.google.com\/chrome\/answer\/95647?hl=da\" target=\"_blank\" rel=\"noreferrer noopener\">Google Chrome<\/a><\/li><li><a href=\"https:\/\/help.opera.com\/Windows\/12.10\/en\/cookies.html\" target=\"_blank\" rel=\"noreferrer noopener\">Opera<\/a><\/li><li><a href=\"https:\/\/support.apple.com\/da-dk\/HT1677\" target=\"_blank\" rel=\"noreferrer noopener\">Safari<\/a><\/li><li><a href=\"https:\/\/www.macromedia.com\/support\/documentation\/en\/flashplayer\/help\/settings_manager07.html\" target=\"_blank\" rel=\"noreferrer noopener\">Flash cookies (alle browsere)<\/a><\/li><li><a href=\"https:\/\/support.apple.com\/da-dk\/HT1677\" target=\"_blank\" rel=\"noreferrer noopener\">iPhone, iPad og andet fra Apple<\/a><\/li><li><a href=\"https:\/\/timeread.hubpages.com\/hub\/How-to-delete-internet-cookies-on-your-Droid-or-any-Android-device\" target=\"_blank\" rel=\"noreferrer noopener\">Telefoner med Android styresystem<\/a><\/li><li><a href=\"https:\/\/www.windowsphone.com\/da-dk\/how-to\/wp7\/web\/changing-privacy-and-other-browser-settings\" target=\"_blank\" rel=\"noreferrer noopener\">Telefoner med Windows 7<\/a><\/li><\/ul>\n\n\n\n<p>L\u00e6s mere om cookies i de forskellige browsere&nbsp;<a href=\"https:\/\/minecookies.org\/cookiehandtering\/\" target=\"_blank\" rel=\"noreferrer noopener\">her<\/a><\/p>\n\n\n\n<h3 class=\"wp-block-heading\">Kontaktformular<\/h3>\n\n\n\n<p>N\u00e5r du sender en besked via vores kontaktformular, gemmer vi dine data, for at kunne svare p\u00e5 din henvendelse. N\u00e5r du anvender vores kontaktformular sendes dine oplysninger krypteret.<\/p>\n","protected":false},"excerpt":{"rendered":"<p>Hjemmesidens ejer og kontaktoplysninger Denne hjemmeside er drevet og ejet af: I-TrustCVR: 26932645E-mail: info@i-trust.dkTelefon: +45 88 62 64 00 Persondatapolitik Ved at benytte denne hjemmeside, www.i-trust.dk, accepterer du, at I-Trust behandler dine personoplysninger i henhold til denne datapolitik. Hvis du ikke kan acceptere datapolitikken, bedes du undlade at benytte hjemmesiden. N\u00e5r man bes\u00f8ger hjemmesiden, vil [&hellip;]<\/p>\n","protected":false},"author":11,"featured_media":0,"parent":0,"menu_order":0,"comment_status":"closed","ping_status":"closed","template":"","meta":{"site-sidebar-layout":"default","site-content-layout":"","ast-site-content-layout":"","site-content-style":"default","site-sidebar-style":"default","ast-global-header-display":"","ast-banner-title-visibility":"","ast-main-header-display":"","ast-hfb-above-header-display":"","ast-hfb-below-header-display":"","ast-hfb-mobile-header-display":"","site-post-title":"","ast-breadcrumbs-content":"","ast-featured-img":"","footer-sml-layout":"","theme-transparent-header-meta":"","adv-header-id-meta":"","stick-header-meta":"","header-above-stick-meta":"","header-main-stick-meta":"","header-below-stick-meta":"","astra-migrate-meta-layouts":"default","ast-page-background-enabled":"default","ast-page-background-meta":{"desktop":{"background-color":"var(--ast-global-color-4)","background-image":"","background-repeat":"repeat","background-position":"center center","background-size":"auto","background-attachment":"scroll","background-type":"","background-media":"","overlay-type":"","overlay-color":"","overlay-gradient":""},"tablet":{"background-color":"","background-image":"","background-repeat":"repeat","background-position":"center center","background-size":"auto","background-attachment":"scroll","background-type":"","background-media":"","overlay-type":"","overlay-color":"","overlay-gradient":""},"mobile":{"background-color":"","background-image":"","background-repeat":"repeat","background-position":"center center","background-size":"auto","background-attachment":"scroll","background-type":"","background-media":"","overlay-type":"","overlay-color":"","overlay-gradient":""}},"ast-content-background-meta":{"desktop":{"background-color":"var(--ast-global-color-5)","background-image":"","background-repeat":"repeat","background-position":"center center","background-size":"auto","background-attachment":"scroll","background-type":"","background-media":"","overlay-type":"","overlay-color":"","overlay-gradient":""},"tablet":{"background-color":"var(--ast-global-color-5)","background-image":"","background-repeat":"repeat","background-position":"center center","background-size":"auto","background-attachment":"scroll","background-type":"","background-media":"","overlay-type":"","overlay-color":"","overlay-gradient":""},"mobile":{"background-color":"var(--ast-global-color-5)","background-image":"","background-repeat":"repeat","background-position":"center center","background-size":"auto","background-attachment":"scroll","background-type":"","background-media":"","overlay-type":"","overlay-color":"","overlay-gradient":""}},"footnotes":""},"class_list":["post-556","page","type-page","status-publish","hentry"],"acf":[],"yoast_head":"<!-- This site is optimized with the Yoast SEO plugin v23.4 - https:\/\/yoast.com\/wordpress\/plugins\/seo\/ -->\n<title>Privatlivspolitik - Itrusta<\/title>\n<meta name=\"robots\" content=\"index, follow, max-snippet:-1, max-image-preview:large, max-video-preview:-1\" \/>\n<link rel=\"canonical\" href=\"https:\/\/itrusta.lt\/da\/privatlivspolitik-2\/\" \/>\n<meta property=\"og:locale\" content=\"da_DK\" \/>\n<meta property=\"og:type\" content=\"article\" \/>\n<meta property=\"og:title\" content=\"Privatlivspolitik - Itrusta\" \/>\n<meta property=\"og:description\" content=\"Hjemmesidens ejer og kontaktoplysninger Denne hjemmeside er drevet og ejet af: I-TrustCVR: 26932645E-mail: info@i-trust.dkTelefon: +45 88 62 64 00 Persondatapolitik Ved at benytte denne hjemmeside, www.i-trust.dk, accepterer du, at I-Trust behandler dine personoplysninger i henhold til denne datapolitik. Hvis du ikke kan acceptere datapolitikken, bedes du undlade at benytte hjemmesiden. N\u00e5r man bes\u00f8ger hjemmesiden, vil [&hellip;]\" \/>\n<meta property=\"og:url\" content=\"https:\/\/itrusta.lt\/da\/privatlivspolitik-2\/\" \/>\n<meta property=\"og:site_name\" content=\"Itrusta\" \/>\n<meta property=\"article:modified_time\" content=\"2021-06-18T08:03:03+00:00\" \/>\n<meta name=\"twitter:card\" content=\"summary_large_image\" \/>\n<meta name=\"twitter:label1\" content=\"Estimeret l\u00e6setid\" \/>\n\t<meta name=\"twitter:data1\" content=\"6 minutter\" \/>\n<script type=\"application\/ld+json\" class=\"yoast-schema-graph\">{\"@context\":\"https:\/\/schema.org\",\"@graph\":[{\"@type\":\"WebPage\",\"@id\":\"https:\/\/itrusta.lt\/da\/privatlivspolitik-2\/\",\"url\":\"https:\/\/itrusta.lt\/da\/privatlivspolitik-2\/\",\"name\":\"Privatlivspolitik - Itrusta\",\"isPartOf\":{\"@id\":\"https:\/\/itrusta.lt\/#website\"},\"datePublished\":\"2021-02-23T07:29:25+00:00\",\"dateModified\":\"2021-06-18T08:03:03+00:00\",\"breadcrumb\":{\"@id\":\"https:\/\/itrusta.lt\/da\/privatlivspolitik-2\/#breadcrumb\"},\"inLanguage\":\"da-DK\",\"potentialAction\":[{\"@type\":\"ReadAction\",\"target\":[\"https:\/\/itrusta.lt\/da\/privatlivspolitik-2\/\"]}]},{\"@type\":\"BreadcrumbList\",\"@id\":\"https:\/\/itrusta.lt\/da\/privatlivspolitik-2\/#breadcrumb\",\"itemListElement\":[{\"@type\":\"ListItem\",\"position\":1,\"name\":\"Home\",\"item\":\"https:\/\/itrusta.lt\/da\/\"},{\"@type\":\"ListItem\",\"position\":2,\"name\":\"Privatlivspolitik\"}]},{\"@type\":\"WebSite\",\"@id\":\"https:\/\/itrusta.lt\/#website\",\"url\":\"https:\/\/itrusta.lt\/\",\"name\":\"Itrusta\",\"description\":\"Compliance within reach\",\"publisher\":{\"@id\":\"https:\/\/itrusta.lt\/#organization\"},\"potentialAction\":[{\"@type\":\"SearchAction\",\"target\":{\"@type\":\"EntryPoint\",\"urlTemplate\":\"https:\/\/itrusta.lt\/?s={search_term_string}\"},\"query-input\":{\"@type\":\"PropertyValueSpecification\",\"valueRequired\":true,\"valueName\":\"search_term_string\"}}],\"inLanguage\":\"da-DK\"},{\"@type\":\"Organization\",\"@id\":\"https:\/\/itrusta.lt\/#organization\",\"name\":\"Itrusta\",\"url\":\"https:\/\/itrusta.lt\/\",\"logo\":{\"@type\":\"ImageObject\",\"inLanguage\":\"da-DK\",\"@id\":\"https:\/\/itrusta.lt\/#\/schema\/logo\/image\/\",\"url\":\"https:\/\/itrusta.lt\/wp-content\/uploads\/2021\/02\/logo.png\",\"contentUrl\":\"https:\/\/itrusta.lt\/wp-content\/uploads\/2021\/02\/logo.png\",\"width\":264,\"height\":88,\"caption\":\"Itrusta\"},\"image\":{\"@id\":\"https:\/\/itrusta.lt\/#\/schema\/logo\/image\/\"}}]}<\/script>\n<!-- \/ Yoast SEO plugin. -->","yoast_head_json":{"title":"Privatlivspolitik - Itrusta","robots":{"index":"index","follow":"follow","max-snippet":"max-snippet:-1","max-image-preview":"max-image-preview:large","max-video-preview":"max-video-preview:-1"},"canonical":"https:\/\/itrusta.lt\/da\/privatlivspolitik-2\/","og_locale":"da_DK","og_type":"article","og_title":"Privatlivspolitik - Itrusta","og_description":"Hjemmesidens ejer og kontaktoplysninger Denne hjemmeside er drevet og ejet af: I-TrustCVR: 26932645E-mail: info@i-trust.dkTelefon: +45 88 62 64 00 Persondatapolitik Ved at benytte denne hjemmeside, www.i-trust.dk, accepterer du, at I-Trust behandler dine personoplysninger i henhold til denne datapolitik. Hvis du ikke kan acceptere datapolitikken, bedes du undlade at benytte hjemmesiden. N\u00e5r man bes\u00f8ger hjemmesiden, vil [&hellip;]","og_url":"https:\/\/itrusta.lt\/da\/privatlivspolitik-2\/","og_site_name":"Itrusta","article_modified_time":"2021-06-18T08:03:03+00:00","twitter_card":"summary_large_image","twitter_misc":{"Estimeret l\u00e6setid":"6 minutter"},"schema":{"@context":"https:\/\/schema.org","@graph":[{"@type":"WebPage","@id":"https:\/\/itrusta.lt\/da\/privatlivspolitik-2\/","url":"https:\/\/itrusta.lt\/da\/privatlivspolitik-2\/","name":"Privatlivspolitik - Itrusta","isPartOf":{"@id":"https:\/\/itrusta.lt\/#website"},"datePublished":"2021-02-23T07:29:25+00:00","dateModified":"2021-06-18T08:03:03+00:00","breadcrumb":{"@id":"https:\/\/itrusta.lt\/da\/privatlivspolitik-2\/#breadcrumb"},"inLanguage":"da-DK","potentialAction":[{"@type":"ReadAction","target":["https:\/\/itrusta.lt\/da\/privatlivspolitik-2\/"]}]},{"@type":"BreadcrumbList","@id":"https:\/\/itrusta.lt\/da\/privatlivspolitik-2\/#breadcrumb","itemListElement":[{"@type":"ListItem","position":1,"name":"Home","item":"https:\/\/itrusta.lt\/da\/"},{"@type":"ListItem","position":2,"name":"Privatlivspolitik"}]},{"@type":"WebSite","@id":"https:\/\/itrusta.lt\/#website","url":"https:\/\/itrusta.lt\/","name":"Itrusta","description":"Compliance within reach","publisher":{"@id":"https:\/\/itrusta.lt\/#organization"},"potentialAction":[{"@type":"SearchAction","target":{"@type":"EntryPoint","urlTemplate":"https:\/\/itrusta.lt\/?s={search_term_string}"},"query-input":{"@type":"PropertyValueSpecification","valueRequired":true,"valueName":"search_term_string"}}],"inLanguage":"da-DK"},{"@type":"Organization","@id":"https:\/\/itrusta.lt\/#organization","name":"Itrusta","url":"https:\/\/itrusta.lt\/","logo":{"@type":"ImageObject","inLanguage":"da-DK","@id":"https:\/\/itrusta.lt\/#\/schema\/logo\/image\/","url":"https:\/\/itrusta.lt\/wp-content\/uploads\/2021\/02\/logo.png","contentUrl":"https:\/\/itrusta.lt\/wp-content\/uploads\/2021\/02\/logo.png","width":264,"height":88,"caption":"Itrusta"},"image":{"@id":"https:\/\/itrusta.lt\/#\/schema\/logo\/image\/"}}]}},"_links":{"self":[{"href":"https:\/\/itrusta.lt\/da\/wp-json\/wp\/v2\/pages\/556","targetHints":{"allow":["GET"]}}],"collection":[{"href":"https:\/\/itrusta.lt\/da\/wp-json\/wp\/v2\/pages"}],"about":[{"href":"https:\/\/itrusta.lt\/da\/wp-json\/wp\/v2\/types\/page"}],"author":[{"embeddable":true,"href":"https:\/\/itrusta.lt\/da\/wp-json\/wp\/v2\/users\/11"}],"replies":[{"embeddable":true,"href":"https:\/\/itrusta.lt\/da\/wp-json\/wp\/v2\/comments?post=556"}],"version-history":[{"count":4,"href":"https:\/\/itrusta.lt\/da\/wp-json\/wp\/v2\/pages\/556\/revisions"}],"predecessor-version":[{"id":1376,"href":"https:\/\/itrusta.lt\/da\/wp-json\/wp\/v2\/pages\/556\/revisions\/1376"}],"wp:attachment":[{"href":"https:\/\/itrusta.lt\/da\/wp-json\/wp\/v2\/media?parent=556"}],"curies":[{"name":"wp","href":"https:\/\/api.w.org\/{rel}","templated":true}]}}