{"id":88,"date":"2020-12-06T07:53:39","date_gmt":"2020-12-06T06:53:39","guid":{"rendered":"https:\/\/demo.keonthemes.com\/gutener\/demo14\/?page_id=7"},"modified":"2022-12-13T00:19:58","modified_gmt":"2022-12-12T22:19:58","slug":"loesninger-2","status":"publish","type":"page","link":"https:\/\/itrusta.lt\/da\/loesninger-2\/","title":{"rendered":"L\u00f8sninger"},"content":{"rendered":"\t\t<div data-elementor-type=\"wp-page\" data-elementor-id=\"88\" class=\"elementor elementor-88\">\n\t\t\t\t\t\t<section class=\"elementor-section elementor-top-section elementor-element elementor-element-63ca374 elementor-section-boxed elementor-section-height-default elementor-section-height-default\" data-id=\"63ca374\" data-element_type=\"section\">\n\t\t\t\t\t\t<div class=\"elementor-container elementor-column-gap-default\">\n\t\t\t\t\t<div class=\"elementor-column elementor-col-100 elementor-top-column elementor-element elementor-element-17a66a7b\" data-id=\"17a66a7b\" data-element_type=\"column\">\n\t\t\t<div class=\"elementor-widget-wrap elementor-element-populated\">\n\t\t\t\t\t\t<div class=\"elementor-element elementor-element-ba2a7a6 elementor-widget elementor-widget-heading\" data-id=\"ba2a7a6\" data-element_type=\"widget\" data-widget_type=\"heading.default\">\n\t\t\t\t<div class=\"elementor-widget-container\">\n\t\t\t<h1 class=\"elementor-heading-title elementor-size-default\">L\u00f8sninger<\/h1>\t\t<\/div>\n\t\t\t\t<\/div>\n\t\t\t\t\t<\/div>\n\t\t<\/div>\n\t\t\t\t\t<\/div>\n\t\t<\/section>\n\t\t\t\t<section class=\"elementor-section elementor-top-section elementor-element elementor-element-ae9f673 elementor-section-boxed elementor-section-height-default elementor-section-height-default\" data-id=\"ae9f673\" data-element_type=\"section\">\n\t\t\t\t\t\t<div class=\"elementor-container elementor-column-gap-default\">\n\t\t\t\t\t<div class=\"make-column-clickable-elementor elementor-column elementor-col-50 elementor-top-column elementor-element elementor-element-e1bb2f0\" style=\"cursor: pointer;\" data-column-clickable=\"https:\/\/itrusta.lt\/da\/baseline\/\" data-column-clickable-blank=\"_self\" data-id=\"e1bb2f0\" data-element_type=\"column\" data-settings=\"{&quot;background_background&quot;:&quot;classic&quot;}\">\n\t\t\t<div class=\"elementor-widget-wrap elementor-element-populated\">\n\t\t\t\t\t<div class=\"elementor-background-overlay\"><\/div>\n\t\t\t\t\t\t<div class=\"elementor-element elementor-element-46441901 elementor-widget elementor-widget-image\" data-id=\"46441901\" data-element_type=\"widget\" data-widget_type=\"image.default\">\n\t\t\t\t<div class=\"elementor-widget-container\">\n\t\t\t\t\t\t\t\t\t\t\t\t\t<img decoding=\"async\" width=\"50\" height=\"50\" src=\"https:\/\/itrusta.lt\/wp-content\/uploads\/2022\/04\/gutener-corporate-img6-50-50-1.png\" class=\"attachment-large size-large wp-image-2609\" alt=\"\" \/>\t\t\t\t\t\t\t\t\t\t\t\t\t<\/div>\n\t\t\t\t<\/div>\n\t\t\t\t<div class=\"elementor-element elementor-element-7332b495 elementor-widget elementor-widget-heading\" data-id=\"7332b495\" data-element_type=\"widget\" data-widget_type=\"heading.default\">\n\t\t\t\t<div class=\"elementor-widget-container\">\n\t\t\t<h2 class=\"elementor-heading-title elementor-size-default\">Baseline<\/h2>\t\t<\/div>\n\t\t\t\t<\/div>\n\t\t\t\t<div class=\"elementor-element elementor-element-728d65b5 elementor-widget elementor-widget-text-editor\" data-id=\"728d65b5\" data-element_type=\"widget\" data-widget_type=\"text-editor.default\">\n\t\t\t\t<div class=\"elementor-widget-container\">\n\t\t\t\t\t\t\t<p>Baseline er et v\u00e6rkt\u00f8j til din organisations vurdering af it-sikkerhed, som er udviklet i Danmark, ift. love og best practice-anbefalinger<\/p>\t\t\t\t\t\t<\/div>\n\t\t\t\t<\/div>\n\t\t\t\t\t<\/div>\n\t\t<\/div>\n\t\t\t\t<div class=\"make-column-clickable-elementor elementor-column elementor-col-50 elementor-top-column elementor-element elementor-element-1fdf2c1b\" style=\"cursor: pointer;\" data-column-clickable=\"https:\/\/itrusta.lt\/da\/kultur-og-organisation\/\" data-column-clickable-blank=\"_self\" data-id=\"1fdf2c1b\" data-element_type=\"column\" data-settings=\"{&quot;background_background&quot;:&quot;classic&quot;}\">\n\t\t\t<div class=\"elementor-widget-wrap elementor-element-populated\">\n\t\t\t\t\t<div class=\"elementor-background-overlay\"><\/div>\n\t\t\t\t\t\t<div class=\"elementor-element elementor-element-4bcac23b elementor-widget elementor-widget-image\" data-id=\"4bcac23b\" data-element_type=\"widget\" data-widget_type=\"image.default\">\n\t\t\t\t<div class=\"elementor-widget-container\">\n\t\t\t\t\t\t\t\t\t\t\t\t\t<img decoding=\"async\" width=\"50\" height=\"50\" src=\"https:\/\/itrusta.lt\/wp-content\/uploads\/2022\/04\/gutener-corporate-img4-50-50-1.png\" class=\"attachment-large size-large wp-image-2612\" alt=\"\" \/>\t\t\t\t\t\t\t\t\t\t\t\t\t<\/div>\n\t\t\t\t<\/div>\n\t\t\t\t<div class=\"elementor-element elementor-element-2a7b775a elementor-widget elementor-widget-heading\" data-id=\"2a7b775a\" data-element_type=\"widget\" data-widget_type=\"heading.default\">\n\t\t\t\t<div class=\"elementor-widget-container\">\n\t\t\t<h2 class=\"elementor-heading-title elementor-size-default\"><a href=\"https:\/\/itrusta.lt\/da\/kultur-og-organisation\/\">Kultur og organisation<\/a><\/h2>\t\t<\/div>\n\t\t\t\t<\/div>\n\t\t\t\t<div class=\"elementor-element elementor-element-5327de98 elementor-widget elementor-widget-text-editor\" data-id=\"5327de98\" data-element_type=\"widget\" data-widget_type=\"text-editor.default\">\n\t\t\t\t<div class=\"elementor-widget-container\">\n\t\t\t\t\t\t\tKontinuerlig opm\u00e6rksomhed p\u00e5, om medarbejderne har de n\u00f8dvendige foruds\u00e6tninger for at efterleve regler og politikker i jeres organisation\t\t\t\t\t\t<\/div>\n\t\t\t\t<\/div>\n\t\t\t\t\t<\/div>\n\t\t<\/div>\n\t\t\t\t\t<\/div>\n\t\t<\/section>\n\t\t\t\t<section class=\"elementor-section elementor-top-section elementor-element elementor-element-88e4216 elementor-section-boxed elementor-section-height-default elementor-section-height-default\" data-id=\"88e4216\" data-element_type=\"section\">\n\t\t\t\t\t\t<div class=\"elementor-container elementor-column-gap-default\">\n\t\t\t\t\t<div class=\"make-column-clickable-elementor elementor-column elementor-col-50 elementor-top-column elementor-element elementor-element-1f0604cb\" style=\"cursor: pointer;\" data-column-clickable=\"https:\/\/itrusta.lt\/da\/cybersikkerhed\/\" data-column-clickable-blank=\"_self\" data-id=\"1f0604cb\" data-element_type=\"column\" data-settings=\"{&quot;background_background&quot;:&quot;classic&quot;}\">\n\t\t\t<div class=\"elementor-widget-wrap elementor-element-populated\">\n\t\t\t\t\t<div class=\"elementor-background-overlay\"><\/div>\n\t\t\t\t\t\t<div class=\"elementor-element elementor-element-26c39208 elementor-widget elementor-widget-image\" data-id=\"26c39208\" data-element_type=\"widget\" data-widget_type=\"image.default\">\n\t\t\t\t<div class=\"elementor-widget-container\">\n\t\t\t\t\t\t\t\t\t\t\t\t\t<img decoding=\"async\" width=\"50\" height=\"50\" src=\"https:\/\/itrusta.lt\/wp-content\/uploads\/2022\/04\/gutener-corporate-img39-50-50.png\" class=\"attachment-large size-large wp-image-2674\" alt=\"\" \/>\t\t\t\t\t\t\t\t\t\t\t\t\t<\/div>\n\t\t\t\t<\/div>\n\t\t\t\t<div class=\"elementor-element elementor-element-7e53bafe elementor-widget elementor-widget-heading\" data-id=\"7e53bafe\" data-element_type=\"widget\" data-widget_type=\"heading.default\">\n\t\t\t\t<div class=\"elementor-widget-container\">\n\t\t\t<h2 class=\"elementor-heading-title elementor-size-default\">Cybersikkerhed<\/h2>\t\t<\/div>\n\t\t\t\t<\/div>\n\t\t\t\t<div class=\"elementor-element elementor-element-2f5221f6 elementor-widget elementor-widget-text-editor\" data-id=\"2f5221f6\" data-element_type=\"widget\" data-widget_type=\"text-editor.default\">\n\t\t\t\t<div class=\"elementor-widget-container\">\n\t\t\t\t\t\t\t<p>Et af markedets mest veludviklede v\u00e6rkt\u00f8jer baseret p\u00e5 CIS cybersikkerhedsramme SC18. Udviklet i samarbejde med en lang r\u00e6kke specialister igennem et internationalt samarbejde<\/p>\t\t\t\t\t\t<\/div>\n\t\t\t\t<\/div>\n\t\t\t\t\t<\/div>\n\t\t<\/div>\n\t\t\t\t<div class=\"make-column-clickable-elementor elementor-column elementor-col-50 elementor-top-column elementor-element elementor-element-48401e11\" style=\"cursor: pointer;\" data-column-clickable=\"https:\/\/itrusta.lt\/da\/gdpr\/\" data-column-clickable-blank=\"_self\" data-id=\"48401e11\" data-element_type=\"column\" data-settings=\"{&quot;background_background&quot;:&quot;classic&quot;}\">\n\t\t\t<div class=\"elementor-widget-wrap elementor-element-populated\">\n\t\t\t\t\t<div class=\"elementor-background-overlay\"><\/div>\n\t\t\t\t\t\t<div class=\"elementor-element elementor-element-2aa0aa09 elementor-widget elementor-widget-image\" data-id=\"2aa0aa09\" data-element_type=\"widget\" data-widget_type=\"image.default\">\n\t\t\t\t<div class=\"elementor-widget-container\">\n\t\t\t\t\t\t\t\t\t\t\t\t\t<img loading=\"lazy\" decoding=\"async\" width=\"50\" height=\"50\" src=\"https:\/\/itrusta.lt\/wp-content\/uploads\/2022\/04\/gutener-corporate-img37-50-50.png\" class=\"attachment-large size-large wp-image-2675\" alt=\"\" \/>\t\t\t\t\t\t\t\t\t\t\t\t\t<\/div>\n\t\t\t\t<\/div>\n\t\t\t\t<div class=\"elementor-element elementor-element-7c5d55fc elementor-widget elementor-widget-heading\" data-id=\"7c5d55fc\" data-element_type=\"widget\" data-widget_type=\"heading.default\">\n\t\t\t\t<div class=\"elementor-widget-container\">\n\t\t\t<h2 class=\"elementor-heading-title elementor-size-default\">GDPR<\/h2>\t\t<\/div>\n\t\t\t\t<\/div>\n\t\t\t\t<div class=\"elementor-element elementor-element-2530db9b elementor-widget elementor-widget-text-editor\" data-id=\"2530db9b\" data-element_type=\"widget\" data-widget_type=\"text-editor.default\">\n\t\t\t\t<div class=\"elementor-widget-container\">\n\t\t\t\t\t\t\t<p>Med vores enablor GDPR-v\u00e6rkt\u00f8jer, er det slut med ad hoc-processer og lokale Excelark. Vi tilbyder en integreret l\u00f8sning, hvor compliance opn\u00e5s via en systematiseret og automatiseret tilgang.<\/p>\t\t\t\t\t\t<\/div>\n\t\t\t\t<\/div>\n\t\t\t\t\t<\/div>\n\t\t<\/div>\n\t\t\t\t\t<\/div>\n\t\t<\/section>\n\t\t\t\t<section class=\"elementor-section elementor-top-section elementor-element elementor-element-a73cd41 elementor-section-boxed elementor-section-height-default elementor-section-height-default\" data-id=\"a73cd41\" data-element_type=\"section\">\n\t\t\t\t\t\t<div class=\"elementor-container elementor-column-gap-default\">\n\t\t\t\t\t<div class=\"make-column-clickable-elementor elementor-column elementor-col-50 elementor-top-column elementor-element elementor-element-4495ae0\" style=\"cursor: pointer;\" data-column-clickable=\"https:\/\/itrusta.lt\/da\/smv-digital-raadgivning-til-digital-sikkerhed-50-000-kr-tilskud\/\" data-column-clickable-blank=\"_self\" data-id=\"4495ae0\" data-element_type=\"column\" data-settings=\"{&quot;background_background&quot;:&quot;classic&quot;}\">\n\t\t\t<div class=\"elementor-widget-wrap elementor-element-populated\">\n\t\t\t\t\t<div class=\"elementor-background-overlay\"><\/div>\n\t\t\t\t\t\t<div class=\"elementor-element elementor-element-452709f elementor-widget elementor-widget-image\" data-id=\"452709f\" data-element_type=\"widget\" data-widget_type=\"image.default\">\n\t\t\t\t<div class=\"elementor-widget-container\">\n\t\t\t\t\t\t\t\t\t\t\t\t\t<img loading=\"lazy\" decoding=\"async\" width=\"50\" height=\"50\" src=\"https:\/\/itrusta.lt\/wp-content\/uploads\/2022\/04\/gutener-corporate-img5-50-50-1-1.png\" class=\"attachment-large size-large wp-image-2971\" alt=\"\" \/>\t\t\t\t\t\t\t\t\t\t\t\t\t<\/div>\n\t\t\t\t<\/div>\n\t\t\t\t<div class=\"elementor-element elementor-element-7a7c40f elementor-widget elementor-widget-heading\" data-id=\"7a7c40f\" data-element_type=\"widget\" data-widget_type=\"heading.default\">\n\t\t\t\t<div class=\"elementor-widget-container\">\n\t\t\t<h2 class=\"elementor-heading-title elementor-size-default\">R\u00e5dgivning <\/h2>\t\t<\/div>\n\t\t\t\t<\/div>\n\t\t\t\t<div class=\"elementor-element elementor-element-5c0c82c elementor-widget elementor-widget-text-editor\" data-id=\"5c0c82c\" data-element_type=\"widget\" data-widget_type=\"text-editor.default\">\n\t\t\t\t<div class=\"elementor-widget-container\">\n\t\t\t\t\t\t\t<p>Vores erfarne konsulenter st\u00f8tter organisationer og virksomheder med r\u00e5dgivning til bl.a. certificering i D-m\u00e6rket eller ISO 27001-2 ifm. tilskud fra SMV:Digital.<\/p>\t\t\t\t\t\t<\/div>\n\t\t\t\t<\/div>\n\t\t\t\t\t<\/div>\n\t\t<\/div>\n\t\t\t\t<div class=\"elementor-column elementor-col-50 elementor-top-column elementor-element elementor-element-94c0b56\" data-id=\"94c0b56\" data-element_type=\"column\">\n\t\t\t<div class=\"elementor-widget-wrap\">\n\t\t\t\t\t\t\t<\/div>\n\t\t<\/div>\n\t\t\t\t\t<\/div>\n\t\t<\/section>\n\t\t\t\t<section class=\"elementor-section elementor-top-section elementor-element elementor-element-d598397 elementor-section-boxed elementor-section-height-default elementor-section-height-default\" data-id=\"d598397\" data-element_type=\"section\">\n\t\t\t\t\t\t<div class=\"elementor-container elementor-column-gap-default\">\n\t\t\t\t\t<div class=\"elementor-column elementor-col-100 elementor-top-column elementor-element elementor-element-bc8dce0\" data-id=\"bc8dce0\" data-element_type=\"column\">\n\t\t\t<div class=\"elementor-widget-wrap elementor-element-populated\">\n\t\t\t\t\t\t<div class=\"elementor-element elementor-element-0486672 elementor-widget elementor-widget-spacer\" data-id=\"0486672\" data-element_type=\"widget\" data-widget_type=\"spacer.default\">\n\t\t\t\t<div class=\"elementor-widget-container\">\n\t\t\t\t\t<div class=\"elementor-spacer\">\n\t\t\t<div class=\"elementor-spacer-inner\"><\/div>\n\t\t<\/div>\n\t\t\t\t<\/div>\n\t\t\t\t<\/div>\n\t\t\t\t\t<\/div>\n\t\t<\/div>\n\t\t\t\t\t<\/div>\n\t\t<\/section>\n\t\t\t\t<\/div>\n\t\t","protected":false},"excerpt":{"rendered":"<p>L\u00f8sninger Baseline Baseline er et v\u00e6rkt\u00f8j til din organisations vurdering af it-sikkerhed, som er udviklet i Danmark, ift. love og best practice-anbefalinger Kultur og organisation Kontinuerlig opm\u00e6rksomhed p\u00e5, om medarbejderne har de n\u00f8dvendige foruds\u00e6tninger for at efterleve regler og politikker i jeres organisation Cybersikkerhed Et af markedets mest veludviklede v\u00e6rkt\u00f8jer baseret p\u00e5 CIS cybersikkerhedsramme SC18. [&hellip;]<\/p>\n","protected":false},"author":11,"featured_media":0,"parent":0,"menu_order":0,"comment_status":"closed","ping_status":"closed","template":"elementor_header_footer","meta":{"site-sidebar-layout":"default","site-content-layout":"","ast-site-content-layout":"","site-content-style":"default","site-sidebar-style":"default","ast-global-header-display":"","ast-banner-title-visibility":"","ast-main-header-display":"","ast-hfb-above-header-display":"","ast-hfb-below-header-display":"","ast-hfb-mobile-header-display":"","site-post-title":"","ast-breadcrumbs-content":"","ast-featured-img":"","footer-sml-layout":"","theme-transparent-header-meta":"","adv-header-id-meta":"","stick-header-meta":"","header-above-stick-meta":"","header-main-stick-meta":"","header-below-stick-meta":"","astra-migrate-meta-layouts":"default","ast-page-background-enabled":"default","ast-page-background-meta":{"desktop":{"background-color":"var(--ast-global-color-4)","background-image":"","background-repeat":"repeat","background-position":"center center","background-size":"auto","background-attachment":"scroll","background-type":"","background-media":"","overlay-type":"","overlay-color":"","overlay-gradient":""},"tablet":{"background-color":"","background-image":"","background-repeat":"repeat","background-position":"center center","background-size":"auto","background-attachment":"scroll","background-type":"","background-media":"","overlay-type":"","overlay-color":"","overlay-gradient":""},"mobile":{"background-color":"","background-image":"","background-repeat":"repeat","background-position":"center center","background-size":"auto","background-attachment":"scroll","background-type":"","background-media":"","overlay-type":"","overlay-color":"","overlay-gradient":""}},"ast-content-background-meta":{"desktop":{"background-color":"var(--ast-global-color-5)","background-image":"","background-repeat":"repeat","background-position":"center center","background-size":"auto","background-attachment":"scroll","background-type":"","background-media":"","overlay-type":"","overlay-color":"","overlay-gradient":""},"tablet":{"background-color":"var(--ast-global-color-5)","background-image":"","background-repeat":"repeat","background-position":"center center","background-size":"auto","background-attachment":"scroll","background-type":"","background-media":"","overlay-type":"","overlay-color":"","overlay-gradient":""},"mobile":{"background-color":"var(--ast-global-color-5)","background-image":"","background-repeat":"repeat","background-position":"center center","background-size":"auto","background-attachment":"scroll","background-type":"","background-media":"","overlay-type":"","overlay-color":"","overlay-gradient":""}},"footnotes":""},"class_list":["post-88","page","type-page","status-publish","hentry"],"acf":[],"yoast_head":"<!-- This site is optimized with the Yoast SEO plugin v23.4 - https:\/\/yoast.com\/wordpress\/plugins\/seo\/ -->\n<title>L\u00f8sninger - Itrusta<\/title>\n<meta name=\"robots\" content=\"index, follow, max-snippet:-1, max-image-preview:large, max-video-preview:-1\" \/>\n<link rel=\"canonical\" href=\"https:\/\/itrusta.lt\/da\/loesninger-2\/\" \/>\n<meta property=\"og:locale\" content=\"da_DK\" \/>\n<meta property=\"og:type\" content=\"article\" \/>\n<meta property=\"og:title\" content=\"L\u00f8sninger - Itrusta\" \/>\n<meta property=\"og:description\" content=\"L\u00f8sninger Baseline Baseline er et v\u00e6rkt\u00f8j til din organisations vurdering af it-sikkerhed, som er udviklet i Danmark, ift. love og best practice-anbefalinger Kultur og organisation Kontinuerlig opm\u00e6rksomhed p\u00e5, om medarbejderne har de n\u00f8dvendige foruds\u00e6tninger for at efterleve regler og politikker i jeres organisation Cybersikkerhed Et af markedets mest veludviklede v\u00e6rkt\u00f8jer baseret p\u00e5 CIS cybersikkerhedsramme SC18. [&hellip;]\" \/>\n<meta property=\"og:url\" content=\"https:\/\/itrusta.lt\/da\/loesninger-2\/\" \/>\n<meta property=\"og:site_name\" content=\"Itrusta\" \/>\n<meta property=\"article:modified_time\" content=\"2022-12-12T22:19:58+00:00\" \/>\n<meta property=\"og:image\" content=\"https:\/\/itrusta.lt\/wp-content\/uploads\/2022\/04\/gutener-corporate-img6-50-50-1.png\" \/>\n<meta name=\"twitter:card\" content=\"summary_large_image\" \/>\n<meta name=\"twitter:label1\" content=\"Estimeret l\u00e6setid\" \/>\n\t<meta name=\"twitter:data1\" content=\"2 minutter\" \/>\n<script type=\"application\/ld+json\" class=\"yoast-schema-graph\">{\"@context\":\"https:\/\/schema.org\",\"@graph\":[{\"@type\":\"WebPage\",\"@id\":\"https:\/\/itrusta.lt\/da\/loesninger-2\/\",\"url\":\"https:\/\/itrusta.lt\/da\/loesninger-2\/\",\"name\":\"L\u00f8sninger - Itrusta\",\"isPartOf\":{\"@id\":\"https:\/\/itrusta.lt\/#website\"},\"primaryImageOfPage\":{\"@id\":\"https:\/\/itrusta.lt\/da\/loesninger-2\/#primaryimage\"},\"image\":{\"@id\":\"https:\/\/itrusta.lt\/da\/loesninger-2\/#primaryimage\"},\"thumbnailUrl\":\"https:\/\/itrusta.lt\/wp-content\/uploads\/2022\/04\/gutener-corporate-img6-50-50-1.png\",\"datePublished\":\"2020-12-06T06:53:39+00:00\",\"dateModified\":\"2022-12-12T22:19:58+00:00\",\"breadcrumb\":{\"@id\":\"https:\/\/itrusta.lt\/da\/loesninger-2\/#breadcrumb\"},\"inLanguage\":\"da-DK\",\"potentialAction\":[{\"@type\":\"ReadAction\",\"target\":[\"https:\/\/itrusta.lt\/da\/loesninger-2\/\"]}]},{\"@type\":\"ImageObject\",\"inLanguage\":\"da-DK\",\"@id\":\"https:\/\/itrusta.lt\/da\/loesninger-2\/#primaryimage\",\"url\":\"https:\/\/itrusta.lt\/wp-content\/uploads\/2022\/04\/gutener-corporate-img6-50-50-1.png\",\"contentUrl\":\"https:\/\/itrusta.lt\/wp-content\/uploads\/2022\/04\/gutener-corporate-img6-50-50-1.png\"},{\"@type\":\"BreadcrumbList\",\"@id\":\"https:\/\/itrusta.lt\/da\/loesninger-2\/#breadcrumb\",\"itemListElement\":[{\"@type\":\"ListItem\",\"position\":1,\"name\":\"Home\",\"item\":\"https:\/\/itrusta.lt\/da\/\"},{\"@type\":\"ListItem\",\"position\":2,\"name\":\"L\u00f8sninger\"}]},{\"@type\":\"WebSite\",\"@id\":\"https:\/\/itrusta.lt\/#website\",\"url\":\"https:\/\/itrusta.lt\/\",\"name\":\"Itrusta\",\"description\":\"Compliance within reach\",\"publisher\":{\"@id\":\"https:\/\/itrusta.lt\/#organization\"},\"potentialAction\":[{\"@type\":\"SearchAction\",\"target\":{\"@type\":\"EntryPoint\",\"urlTemplate\":\"https:\/\/itrusta.lt\/?s={search_term_string}\"},\"query-input\":{\"@type\":\"PropertyValueSpecification\",\"valueRequired\":true,\"valueName\":\"search_term_string\"}}],\"inLanguage\":\"da-DK\"},{\"@type\":\"Organization\",\"@id\":\"https:\/\/itrusta.lt\/#organization\",\"name\":\"Itrusta\",\"url\":\"https:\/\/itrusta.lt\/\",\"logo\":{\"@type\":\"ImageObject\",\"inLanguage\":\"da-DK\",\"@id\":\"https:\/\/itrusta.lt\/#\/schema\/logo\/image\/\",\"url\":\"https:\/\/itrusta.lt\/wp-content\/uploads\/2021\/02\/logo.png\",\"contentUrl\":\"https:\/\/itrusta.lt\/wp-content\/uploads\/2021\/02\/logo.png\",\"width\":264,\"height\":88,\"caption\":\"Itrusta\"},\"image\":{\"@id\":\"https:\/\/itrusta.lt\/#\/schema\/logo\/image\/\"}}]}<\/script>\n<!-- \/ Yoast SEO plugin. -->","yoast_head_json":{"title":"L\u00f8sninger - Itrusta","robots":{"index":"index","follow":"follow","max-snippet":"max-snippet:-1","max-image-preview":"max-image-preview:large","max-video-preview":"max-video-preview:-1"},"canonical":"https:\/\/itrusta.lt\/da\/loesninger-2\/","og_locale":"da_DK","og_type":"article","og_title":"L\u00f8sninger - Itrusta","og_description":"L\u00f8sninger Baseline Baseline er et v\u00e6rkt\u00f8j til din organisations vurdering af it-sikkerhed, som er udviklet i Danmark, ift. love og best practice-anbefalinger Kultur og organisation Kontinuerlig opm\u00e6rksomhed p\u00e5, om medarbejderne har de n\u00f8dvendige foruds\u00e6tninger for at efterleve regler og politikker i jeres organisation Cybersikkerhed Et af markedets mest veludviklede v\u00e6rkt\u00f8jer baseret p\u00e5 CIS cybersikkerhedsramme SC18. [&hellip;]","og_url":"https:\/\/itrusta.lt\/da\/loesninger-2\/","og_site_name":"Itrusta","article_modified_time":"2022-12-12T22:19:58+00:00","og_image":[{"url":"https:\/\/itrusta.lt\/wp-content\/uploads\/2022\/04\/gutener-corporate-img6-50-50-1.png"}],"twitter_card":"summary_large_image","twitter_misc":{"Estimeret l\u00e6setid":"2 minutter"},"schema":{"@context":"https:\/\/schema.org","@graph":[{"@type":"WebPage","@id":"https:\/\/itrusta.lt\/da\/loesninger-2\/","url":"https:\/\/itrusta.lt\/da\/loesninger-2\/","name":"L\u00f8sninger - Itrusta","isPartOf":{"@id":"https:\/\/itrusta.lt\/#website"},"primaryImageOfPage":{"@id":"https:\/\/itrusta.lt\/da\/loesninger-2\/#primaryimage"},"image":{"@id":"https:\/\/itrusta.lt\/da\/loesninger-2\/#primaryimage"},"thumbnailUrl":"https:\/\/itrusta.lt\/wp-content\/uploads\/2022\/04\/gutener-corporate-img6-50-50-1.png","datePublished":"2020-12-06T06:53:39+00:00","dateModified":"2022-12-12T22:19:58+00:00","breadcrumb":{"@id":"https:\/\/itrusta.lt\/da\/loesninger-2\/#breadcrumb"},"inLanguage":"da-DK","potentialAction":[{"@type":"ReadAction","target":["https:\/\/itrusta.lt\/da\/loesninger-2\/"]}]},{"@type":"ImageObject","inLanguage":"da-DK","@id":"https:\/\/itrusta.lt\/da\/loesninger-2\/#primaryimage","url":"https:\/\/itrusta.lt\/wp-content\/uploads\/2022\/04\/gutener-corporate-img6-50-50-1.png","contentUrl":"https:\/\/itrusta.lt\/wp-content\/uploads\/2022\/04\/gutener-corporate-img6-50-50-1.png"},{"@type":"BreadcrumbList","@id":"https:\/\/itrusta.lt\/da\/loesninger-2\/#breadcrumb","itemListElement":[{"@type":"ListItem","position":1,"name":"Home","item":"https:\/\/itrusta.lt\/da\/"},{"@type":"ListItem","position":2,"name":"L\u00f8sninger"}]},{"@type":"WebSite","@id":"https:\/\/itrusta.lt\/#website","url":"https:\/\/itrusta.lt\/","name":"Itrusta","description":"Compliance within reach","publisher":{"@id":"https:\/\/itrusta.lt\/#organization"},"potentialAction":[{"@type":"SearchAction","target":{"@type":"EntryPoint","urlTemplate":"https:\/\/itrusta.lt\/?s={search_term_string}"},"query-input":{"@type":"PropertyValueSpecification","valueRequired":true,"valueName":"search_term_string"}}],"inLanguage":"da-DK"},{"@type":"Organization","@id":"https:\/\/itrusta.lt\/#organization","name":"Itrusta","url":"https:\/\/itrusta.lt\/","logo":{"@type":"ImageObject","inLanguage":"da-DK","@id":"https:\/\/itrusta.lt\/#\/schema\/logo\/image\/","url":"https:\/\/itrusta.lt\/wp-content\/uploads\/2021\/02\/logo.png","contentUrl":"https:\/\/itrusta.lt\/wp-content\/uploads\/2021\/02\/logo.png","width":264,"height":88,"caption":"Itrusta"},"image":{"@id":"https:\/\/itrusta.lt\/#\/schema\/logo\/image\/"}}]}},"_links":{"self":[{"href":"https:\/\/itrusta.lt\/da\/wp-json\/wp\/v2\/pages\/88","targetHints":{"allow":["GET"]}}],"collection":[{"href":"https:\/\/itrusta.lt\/da\/wp-json\/wp\/v2\/pages"}],"about":[{"href":"https:\/\/itrusta.lt\/da\/wp-json\/wp\/v2\/types\/page"}],"author":[{"embeddable":true,"href":"https:\/\/itrusta.lt\/da\/wp-json\/wp\/v2\/users\/11"}],"replies":[{"embeddable":true,"href":"https:\/\/itrusta.lt\/da\/wp-json\/wp\/v2\/comments?post=88"}],"version-history":[{"count":39,"href":"https:\/\/itrusta.lt\/da\/wp-json\/wp\/v2\/pages\/88\/revisions"}],"predecessor-version":[{"id":6242,"href":"https:\/\/itrusta.lt\/da\/wp-json\/wp\/v2\/pages\/88\/revisions\/6242"}],"wp:attachment":[{"href":"https:\/\/itrusta.lt\/da\/wp-json\/wp\/v2\/media?parent=88"}],"curies":[{"name":"wp","href":"https:\/\/api.w.org\/{rel}","templated":true}]}}