{"id":90,"date":"2020-12-06T07:53:15","date_gmt":"2020-12-06T06:53:15","guid":{"rendered":"https:\/\/demo.keonthemes.com\/gutener\/demo14\/?page_id=6"},"modified":"2022-08-08T16:01:24","modified_gmt":"2022-08-08T14:01:24","slug":"om-os","status":"publish","type":"page","link":"https:\/\/itrusta.lt\/da\/om-os\/","title":{"rendered":"Om os"},"content":{"rendered":"\t\t<div data-elementor-type=\"wp-page\" data-elementor-id=\"90\" class=\"elementor elementor-90\">\n\t\t\t\t\t\t<section class=\"elementor-section elementor-top-section elementor-element elementor-element-b2db71c elementor-section-boxed elementor-section-height-default elementor-section-height-default\" data-id=\"b2db71c\" data-element_type=\"section\" data-settings=\"{&quot;background_background&quot;:&quot;classic&quot;}\">\n\t\t\t\t\t\t\t<div class=\"elementor-background-overlay\"><\/div>\n\t\t\t\t\t\t\t<div class=\"elementor-container elementor-column-gap-default\">\n\t\t\t\t\t<div class=\"elementor-column elementor-col-100 elementor-top-column elementor-element elementor-element-94173e9\" data-id=\"94173e9\" data-element_type=\"column\">\n\t\t\t<div class=\"elementor-widget-wrap elementor-element-populated\">\n\t\t\t\t\t\t\t<\/div>\n\t\t<\/div>\n\t\t\t\t\t<\/div>\n\t\t<\/section>\n\t\t\t\t<section class=\"elementor-section elementor-top-section elementor-element elementor-element-935c6d7 elementor-section-boxed elementor-section-height-default elementor-section-height-default\" data-id=\"935c6d7\" data-element_type=\"section\">\n\t\t\t\t\t\t<div class=\"elementor-container elementor-column-gap-default\">\n\t\t\t\t\t<div class=\"elementor-column elementor-col-100 elementor-top-column elementor-element elementor-element-bbfc664\" data-id=\"bbfc664\" data-element_type=\"column\">\n\t\t\t<div class=\"elementor-widget-wrap elementor-element-populated\">\n\t\t\t\t\t\t<div class=\"elementor-element elementor-element-4745201 elementor-widget elementor-widget-heading\" data-id=\"4745201\" data-element_type=\"widget\" data-widget_type=\"heading.default\">\n\t\t\t\t<div class=\"elementor-widget-container\">\n\t\t\t<h2 class=\"elementor-heading-title elementor-size-default\">Etableret i 2002<\/h2>\t\t<\/div>\n\t\t\t\t<\/div>\n\t\t\t\t<div class=\"elementor-element elementor-element-c2aa65f elementor-widget elementor-widget-text-editor\" data-id=\"c2aa65f\" data-element_type=\"widget\" data-widget_type=\"text-editor.default\">\n\t\t\t\t<div class=\"elementor-widget-container\">\n\t\t\t\t\t\t\t<p>I-Trust blev stiftet i 2002 med en vision om at bruge erfaringer fra undervisning og it-sikkerhed til oprettelse og afvikling af it-sikkerhedsuddannelser. Vi har med \u00e5rene udviklet os som videnscenter inden for it-sikkerhed og persondata, takket v\u00e6re en lang r\u00e6kke samarbejdsprojekter p\u00e5 internationalt niveau, herunder i EU-regi.<br \/>Vores l\u00f8sninger st\u00f8tter organisationer, der \u00f8nsker at have fuld kontrol og overblik over forandringsprocesser og sikre dokumentationen. Vi sikrer, at der handles og laves opf\u00f8lgning p\u00e5 de data, der indsamles i organisationen. Vi giver dine indsamlede data v\u00e6rdi, fordi vi sikrer den n\u00f8dvendige forankring og g\u00f8r fremskridtene synlige for alle niveauer i organisationen. P\u00e5 den m\u00e5de er alle bevidste om behovet for st\u00e6rk it-sikkerhed i organisationen.<br \/>Vi har fokuseret p\u00e5 at g\u00f8re l\u00f8sningerne effektive og nemme at anvende, s\u00e5 der spares tid og gives et hurtigt overblik over sikkerhedssituationen i organisationen. Data skal kunne anvendes til benchmark, da benchmark er en v\u00e6sentlig foruds\u00e6tning for at skabe effekt.<br \/>Vores l\u00f8sninger s\u00f8rger for, at der kan arbejdes hen mod compliance med persondataloven p\u00e5 en nem og overskuelig m\u00e5de. Med f\u00e5 klik og kvalificeret r\u00e5dgivning har du adgang til et eminent rapporteringsgrundlag, h\u00e5nd i h\u00e5nd med en automatisering og administration af tilsyn, kontrol og compliance. Det skal v\u00e6re enkelt og let for brugerne, at f\u00e5 dybdeg\u00e5ende analyser af deres it-sikkerhed og adf\u00e6rd med fokus p\u00e5 lov og best practice-metoder for en sund og effektiv sikkerhedskultur.<\/p>\t\t\t\t\t\t<\/div>\n\t\t\t\t<\/div>\n\t\t\t\t<section class=\"elementor-section elementor-inner-section elementor-element elementor-element-9347a8b elementor-section-boxed elementor-section-height-default elementor-section-height-default\" data-id=\"9347a8b\" data-element_type=\"section\">\n\t\t\t\t\t\t<div class=\"elementor-container elementor-column-gap-default\">\n\t\t\t\t\t<div class=\"elementor-column elementor-col-50 elementor-inner-column elementor-element elementor-element-6432ffb\" data-id=\"6432ffb\" data-element_type=\"column\">\n\t\t\t<div class=\"elementor-widget-wrap elementor-element-populated\">\n\t\t\t\t\t\t<div class=\"elementor-element elementor-element-65feed2 elementor-view-framed elementor-shape-circle elementor-widget elementor-widget-icon\" data-id=\"65feed2\" data-element_type=\"widget\" data-widget_type=\"icon.default\">\n\t\t\t\t<div class=\"elementor-widget-container\">\n\t\t\t\t\t<div class=\"elementor-icon-wrapper\">\n\t\t\t<div class=\"elementor-icon\">\n\t\t\t<i aria-hidden=\"true\" class=\"fas fa-crown\"><\/i>\t\t\t<\/div>\n\t\t<\/div>\n\t\t\t\t<\/div>\n\t\t\t\t<\/div>\n\t\t\t\t\t<\/div>\n\t\t<\/div>\n\t\t\t\t<div class=\"elementor-column elementor-col-50 elementor-inner-column elementor-element elementor-element-ac018b6\" data-id=\"ac018b6\" data-element_type=\"column\">\n\t\t\t<div class=\"elementor-widget-wrap elementor-element-populated\">\n\t\t\t\t\t\t<div class=\"elementor-element elementor-element-3f3ae73 elementor-widget elementor-widget-heading\" data-id=\"3f3ae73\" data-element_type=\"widget\" data-widget_type=\"heading.default\">\n\t\t\t\t<div class=\"elementor-widget-container\">\n\t\t\t<h2 class=\"elementor-heading-title elementor-size-default\">Vores mission<\/h2>\t\t<\/div>\n\t\t\t\t<\/div>\n\t\t\t\t<div class=\"elementor-element elementor-element-77002c9 elementor-widget elementor-widget-text-editor\" data-id=\"77002c9\" data-element_type=\"widget\" data-widget_type=\"text-editor.default\">\n\t\t\t\t<div class=\"elementor-widget-container\">\n\t\t\t\t\t\t\tData skal arbejde. Vi producerer udelukkende systemer eller dataindsamlinger med fokus p\u00e5 datas udsagnskraft og anvendelse.\t\t\t\t\t\t<\/div>\n\t\t\t\t<\/div>\n\t\t\t\t\t<\/div>\n\t\t<\/div>\n\t\t\t\t\t<\/div>\n\t\t<\/section>\n\t\t\t\t<section class=\"elementor-section elementor-inner-section elementor-element elementor-element-2a2269f elementor-section-boxed elementor-section-height-default elementor-section-height-default\" data-id=\"2a2269f\" data-element_type=\"section\">\n\t\t\t\t\t\t<div class=\"elementor-container elementor-column-gap-default\">\n\t\t\t\t\t<div class=\"elementor-column elementor-col-50 elementor-inner-column elementor-element elementor-element-d225307\" data-id=\"d225307\" data-element_type=\"column\">\n\t\t\t<div class=\"elementor-widget-wrap elementor-element-populated\">\n\t\t\t\t\t\t<div class=\"elementor-element elementor-element-2f7563a elementor-view-framed elementor-shape-circle elementor-widget elementor-widget-icon\" data-id=\"2f7563a\" data-element_type=\"widget\" data-widget_type=\"icon.default\">\n\t\t\t\t<div class=\"elementor-widget-container\">\n\t\t\t\t\t<div class=\"elementor-icon-wrapper\">\n\t\t\t<div class=\"elementor-icon\">\n\t\t\t<i aria-hidden=\"true\" class=\"fas fa-space-shuttle\"><\/i>\t\t\t<\/div>\n\t\t<\/div>\n\t\t\t\t<\/div>\n\t\t\t\t<\/div>\n\t\t\t\t\t<\/div>\n\t\t<\/div>\n\t\t\t\t<div class=\"elementor-column elementor-col-50 elementor-inner-column elementor-element elementor-element-9eabd8c\" data-id=\"9eabd8c\" data-element_type=\"column\">\n\t\t\t<div class=\"elementor-widget-wrap elementor-element-populated\">\n\t\t\t\t\t\t<div class=\"elementor-element elementor-element-0042836 elementor-widget elementor-widget-heading\" data-id=\"0042836\" data-element_type=\"widget\" data-widget_type=\"heading.default\">\n\t\t\t\t<div class=\"elementor-widget-container\">\n\t\t\t<h2 class=\"elementor-heading-title elementor-size-default\">Vores v\u00e6rdier<\/h2>\t\t<\/div>\n\t\t\t\t<\/div>\n\t\t\t\t<div class=\"elementor-element elementor-element-7135a5d elementor-widget elementor-widget-text-editor\" data-id=\"7135a5d\" data-element_type=\"widget\" data-widget_type=\"text-editor.default\">\n\t\t\t\t<div class=\"elementor-widget-container\">\n\t\t\t\t\t\t\tI-Trust er en vidensdrevet organisation, med nogle kernev\u00e6rdier, som alle bunder i viden, l\u00e6ring og praksis.\t\t\t\t\t\t<\/div>\n\t\t\t\t<\/div>\n\t\t\t\t\t<\/div>\n\t\t<\/div>\n\t\t\t\t\t<\/div>\n\t\t<\/section>\n\t\t\t\t\t<\/div>\n\t\t<\/div>\n\t\t\t\t\t<\/div>\n\t\t<\/section>\n\t\t\t\t<section class=\"elementor-section elementor-top-section elementor-element elementor-element-a005d0e elementor-section-boxed elementor-section-height-default elementor-section-height-default\" data-id=\"a005d0e\" data-element_type=\"section\">\n\t\t\t\t\t\t<div class=\"elementor-container elementor-column-gap-default\">\n\t\t\t\t\t<div class=\"elementor-column elementor-col-100 elementor-top-column elementor-element elementor-element-7c7172e\" data-id=\"7c7172e\" data-element_type=\"column\">\n\t\t\t<div class=\"elementor-widget-wrap elementor-element-populated\">\n\t\t\t\t\t\t<div class=\"elementor-element elementor-element-764bcc3 elementor-widget elementor-widget-heading\" data-id=\"764bcc3\" data-element_type=\"widget\" data-widget_type=\"heading.default\">\n\t\t\t\t<div class=\"elementor-widget-container\">\n\t\t\t<h2 class=\"elementor-heading-title elementor-size-default\">Vores historie<\/h2>\t\t<\/div>\n\t\t\t\t<\/div>\n\t\t\t\t<div class=\"elementor-element elementor-element-7a04036 elementor-widget elementor-widget-text-editor\" data-id=\"7a04036\" data-element_type=\"widget\" data-widget_type=\"text-editor.default\">\n\t\t\t\t<div class=\"elementor-widget-container\">\n\t\t\t\t\t\t\tI-Trust er en videref\u00f8relse af Parkegaard og Kristensen Sikkerhed, der blev stiftet i 2002. Virksomheden har siden stiftelsen arbejdet med informationssikkerhed og persondatasikkerhed med fokus p\u00e5 compliancev\u00e6rkt\u00f8jer, uddannelse og kultur, samt p\u00e5 benchmarkv\u00e6rkt\u00f8jer.\t\t\t\t\t\t<\/div>\n\t\t\t\t<\/div>\n\t\t\t\t<div class=\"elementor-element elementor-element-7c3d66f elementor-widget elementor-widget-image\" data-id=\"7c3d66f\" data-element_type=\"widget\" data-widget_type=\"image.default\">\n\t\t\t\t<div class=\"elementor-widget-container\">\n\t\t\t\t\t\t\t\t\t\t\t\t\t<img fetchpriority=\"high\" decoding=\"async\" width=\"1587\" height=\"2245\" src=\"https:\/\/itrusta.lt\/wp-content\/uploads\/2022\/03\/Tidslinje-for-I-Trust-3.png\" class=\"attachment-full size-full wp-image-1982\" alt=\"\" srcset=\"https:\/\/itrusta.lt\/wp-content\/uploads\/2022\/03\/Tidslinje-for-I-Trust-3.png 1587w, https:\/\/itrusta.lt\/wp-content\/uploads\/2022\/03\/Tidslinje-for-I-Trust-3-212x300.png 212w, https:\/\/itrusta.lt\/wp-content\/uploads\/2022\/03\/Tidslinje-for-I-Trust-3-495x700.png 495w, https:\/\/itrusta.lt\/wp-content\/uploads\/2022\/03\/Tidslinje-for-I-Trust-3-768x1086.png 768w, https:\/\/itrusta.lt\/wp-content\/uploads\/2022\/03\/Tidslinje-for-I-Trust-3-1086x1536.png 1086w, https:\/\/itrusta.lt\/wp-content\/uploads\/2022\/03\/Tidslinje-for-I-Trust-3-1448x2048.png 1448w\" sizes=\"(max-width: 1587px) 100vw, 1587px\" \/>\t\t\t\t\t\t\t\t\t\t\t\t\t<\/div>\n\t\t\t\t<\/div>\n\t\t\t\t\t<\/div>\n\t\t<\/div>\n\t\t\t\t\t<\/div>\n\t\t<\/section>\n\t\t\t\t<section class=\"elementor-section elementor-top-section elementor-element elementor-element-dd37d61 elementor-section-boxed elementor-section-height-default elementor-section-height-default\" data-id=\"dd37d61\" data-element_type=\"section\">\n\t\t\t\t\t\t<div class=\"elementor-container elementor-column-gap-default\">\n\t\t\t\t\t<div class=\"elementor-column elementor-col-100 elementor-top-column elementor-element elementor-element-ff4059e\" data-id=\"ff4059e\" data-element_type=\"column\">\n\t\t\t<div class=\"elementor-widget-wrap elementor-element-populated\">\n\t\t\t\t\t\t<div class=\"elementor-element elementor-element-2212278 elementor-widget elementor-widget-spacer\" data-id=\"2212278\" data-element_type=\"widget\" data-widget_type=\"spacer.default\">\n\t\t\t\t<div class=\"elementor-widget-container\">\n\t\t\t\t\t<div class=\"elementor-spacer\">\n\t\t\t<div class=\"elementor-spacer-inner\"><\/div>\n\t\t<\/div>\n\t\t\t\t<\/div>\n\t\t\t\t<\/div>\n\t\t\t\t\t<\/div>\n\t\t<\/div>\n\t\t\t\t\t<\/div>\n\t\t<\/section>\n\t\t\t\t<\/div>\n\t\t","protected":false},"excerpt":{"rendered":"<p>Etableret i 2002 I-Trust blev stiftet i 2002 med en vision om at bruge erfaringer fra undervisning og it-sikkerhed til oprettelse og afvikling af it-sikkerhedsuddannelser. Vi har med \u00e5rene udviklet os som videnscenter inden for it-sikkerhed og persondata, takket v\u00e6re en lang r\u00e6kke samarbejdsprojekter p\u00e5 internationalt niveau, herunder i EU-regi.Vores l\u00f8sninger st\u00f8tter organisationer, der \u00f8nsker [&hellip;]<\/p>\n","protected":false},"author":11,"featured_media":0,"parent":0,"menu_order":0,"comment_status":"closed","ping_status":"closed","template":"elementor_header_footer","meta":{"site-sidebar-layout":"default","site-content-layout":"","ast-site-content-layout":"","site-content-style":"default","site-sidebar-style":"default","ast-global-header-display":"","ast-banner-title-visibility":"","ast-main-header-display":"","ast-hfb-above-header-display":"","ast-hfb-below-header-display":"","ast-hfb-mobile-header-display":"","site-post-title":"","ast-breadcrumbs-content":"","ast-featured-img":"","footer-sml-layout":"","theme-transparent-header-meta":"","adv-header-id-meta":"","stick-header-meta":"","header-above-stick-meta":"","header-main-stick-meta":"","header-below-stick-meta":"","astra-migrate-meta-layouts":"default","ast-page-background-enabled":"default","ast-page-background-meta":{"desktop":{"background-color":"var(--ast-global-color-4)","background-image":"","background-repeat":"repeat","background-position":"center center","background-size":"auto","background-attachment":"scroll","background-type":"","background-media":"","overlay-type":"","overlay-color":"","overlay-gradient":""},"tablet":{"background-color":"","background-image":"","background-repeat":"repeat","background-position":"center center","background-size":"auto","background-attachment":"scroll","background-type":"","background-media":"","overlay-type":"","overlay-color":"","overlay-gradient":""},"mobile":{"background-color":"","background-image":"","background-repeat":"repeat","background-position":"center center","background-size":"auto","background-attachment":"scroll","background-type":"","background-media":"","overlay-type":"","overlay-color":"","overlay-gradient":""}},"ast-content-background-meta":{"desktop":{"background-color":"var(--ast-global-color-5)","background-image":"","background-repeat":"repeat","background-position":"center center","background-size":"auto","background-attachment":"scroll","background-type":"","background-media":"","overlay-type":"","overlay-color":"","overlay-gradient":""},"tablet":{"background-color":"var(--ast-global-color-5)","background-image":"","background-repeat":"repeat","background-position":"center center","background-size":"auto","background-attachment":"scroll","background-type":"","background-media":"","overlay-type":"","overlay-color":"","overlay-gradient":""},"mobile":{"background-color":"var(--ast-global-color-5)","background-image":"","background-repeat":"repeat","background-position":"center center","background-size":"auto","background-attachment":"scroll","background-type":"","background-media":"","overlay-type":"","overlay-color":"","overlay-gradient":""}},"footnotes":""},"class_list":["post-90","page","type-page","status-publish","hentry"],"acf":[],"yoast_head":"<!-- This site is optimized with the Yoast SEO plugin v23.4 - https:\/\/yoast.com\/wordpress\/plugins\/seo\/ -->\n<title>Om os - Itrusta<\/title>\n<meta name=\"robots\" content=\"index, follow, max-snippet:-1, max-image-preview:large, max-video-preview:-1\" \/>\n<link rel=\"canonical\" href=\"https:\/\/itrusta.lt\/da\/om-os\/\" \/>\n<meta property=\"og:locale\" content=\"da_DK\" \/>\n<meta property=\"og:type\" content=\"article\" \/>\n<meta property=\"og:title\" content=\"Om os - Itrusta\" \/>\n<meta property=\"og:description\" content=\"Etableret i 2002 I-Trust blev stiftet i 2002 med en vision om at bruge erfaringer fra undervisning og it-sikkerhed til oprettelse og afvikling af it-sikkerhedsuddannelser. Vi har med \u00e5rene udviklet os som videnscenter inden for it-sikkerhed og persondata, takket v\u00e6re en lang r\u00e6kke samarbejdsprojekter p\u00e5 internationalt niveau, herunder i EU-regi.Vores l\u00f8sninger st\u00f8tter organisationer, der \u00f8nsker [&hellip;]\" \/>\n<meta property=\"og:url\" content=\"https:\/\/itrusta.lt\/da\/om-os\/\" \/>\n<meta property=\"og:site_name\" content=\"Itrusta\" \/>\n<meta property=\"article:modified_time\" content=\"2022-08-08T14:01:24+00:00\" \/>\n<meta property=\"og:image\" content=\"https:\/\/itrusta.lt\/wp-content\/uploads\/2022\/03\/Tidslinje-for-I-Trust-3.png\" \/>\n<meta name=\"twitter:card\" content=\"summary_large_image\" \/>\n<meta name=\"twitter:label1\" content=\"Estimeret l\u00e6setid\" \/>\n\t<meta name=\"twitter:data1\" content=\"2 minutter\" \/>\n<script type=\"application\/ld+json\" class=\"yoast-schema-graph\">{\"@context\":\"https:\/\/schema.org\",\"@graph\":[{\"@type\":\"WebPage\",\"@id\":\"https:\/\/itrusta.lt\/da\/om-os\/\",\"url\":\"https:\/\/itrusta.lt\/da\/om-os\/\",\"name\":\"Om os - Itrusta\",\"isPartOf\":{\"@id\":\"https:\/\/itrusta.lt\/#website\"},\"primaryImageOfPage\":{\"@id\":\"https:\/\/itrusta.lt\/da\/om-os\/#primaryimage\"},\"image\":{\"@id\":\"https:\/\/itrusta.lt\/da\/om-os\/#primaryimage\"},\"thumbnailUrl\":\"https:\/\/itrusta.lt\/wp-content\/uploads\/2022\/03\/Tidslinje-for-I-Trust-3.png\",\"datePublished\":\"2020-12-06T06:53:15+00:00\",\"dateModified\":\"2022-08-08T14:01:24+00:00\",\"breadcrumb\":{\"@id\":\"https:\/\/itrusta.lt\/da\/om-os\/#breadcrumb\"},\"inLanguage\":\"da-DK\",\"potentialAction\":[{\"@type\":\"ReadAction\",\"target\":[\"https:\/\/itrusta.lt\/da\/om-os\/\"]}]},{\"@type\":\"ImageObject\",\"inLanguage\":\"da-DK\",\"@id\":\"https:\/\/itrusta.lt\/da\/om-os\/#primaryimage\",\"url\":\"https:\/\/itrusta.lt\/wp-content\/uploads\/2022\/03\/Tidslinje-for-I-Trust-3.png\",\"contentUrl\":\"https:\/\/itrusta.lt\/wp-content\/uploads\/2022\/03\/Tidslinje-for-I-Trust-3.png\"},{\"@type\":\"BreadcrumbList\",\"@id\":\"https:\/\/itrusta.lt\/da\/om-os\/#breadcrumb\",\"itemListElement\":[{\"@type\":\"ListItem\",\"position\":1,\"name\":\"Home\",\"item\":\"https:\/\/itrusta.lt\/da\/\"},{\"@type\":\"ListItem\",\"position\":2,\"name\":\"Om os\"}]},{\"@type\":\"WebSite\",\"@id\":\"https:\/\/itrusta.lt\/#website\",\"url\":\"https:\/\/itrusta.lt\/\",\"name\":\"Itrusta\",\"description\":\"Compliance within reach\",\"publisher\":{\"@id\":\"https:\/\/itrusta.lt\/#organization\"},\"potentialAction\":[{\"@type\":\"SearchAction\",\"target\":{\"@type\":\"EntryPoint\",\"urlTemplate\":\"https:\/\/itrusta.lt\/?s={search_term_string}\"},\"query-input\":{\"@type\":\"PropertyValueSpecification\",\"valueRequired\":true,\"valueName\":\"search_term_string\"}}],\"inLanguage\":\"da-DK\"},{\"@type\":\"Organization\",\"@id\":\"https:\/\/itrusta.lt\/#organization\",\"name\":\"Itrusta\",\"url\":\"https:\/\/itrusta.lt\/\",\"logo\":{\"@type\":\"ImageObject\",\"inLanguage\":\"da-DK\",\"@id\":\"https:\/\/itrusta.lt\/#\/schema\/logo\/image\/\",\"url\":\"https:\/\/itrusta.lt\/wp-content\/uploads\/2021\/02\/logo.png\",\"contentUrl\":\"https:\/\/itrusta.lt\/wp-content\/uploads\/2021\/02\/logo.png\",\"width\":264,\"height\":88,\"caption\":\"Itrusta\"},\"image\":{\"@id\":\"https:\/\/itrusta.lt\/#\/schema\/logo\/image\/\"}}]}<\/script>\n<!-- \/ Yoast SEO plugin. -->","yoast_head_json":{"title":"Om os - Itrusta","robots":{"index":"index","follow":"follow","max-snippet":"max-snippet:-1","max-image-preview":"max-image-preview:large","max-video-preview":"max-video-preview:-1"},"canonical":"https:\/\/itrusta.lt\/da\/om-os\/","og_locale":"da_DK","og_type":"article","og_title":"Om os - Itrusta","og_description":"Etableret i 2002 I-Trust blev stiftet i 2002 med en vision om at bruge erfaringer fra undervisning og it-sikkerhed til oprettelse og afvikling af it-sikkerhedsuddannelser. Vi har med \u00e5rene udviklet os som videnscenter inden for it-sikkerhed og persondata, takket v\u00e6re en lang r\u00e6kke samarbejdsprojekter p\u00e5 internationalt niveau, herunder i EU-regi.Vores l\u00f8sninger st\u00f8tter organisationer, der \u00f8nsker [&hellip;]","og_url":"https:\/\/itrusta.lt\/da\/om-os\/","og_site_name":"Itrusta","article_modified_time":"2022-08-08T14:01:24+00:00","og_image":[{"url":"https:\/\/itrusta.lt\/wp-content\/uploads\/2022\/03\/Tidslinje-for-I-Trust-3.png"}],"twitter_card":"summary_large_image","twitter_misc":{"Estimeret l\u00e6setid":"2 minutter"},"schema":{"@context":"https:\/\/schema.org","@graph":[{"@type":"WebPage","@id":"https:\/\/itrusta.lt\/da\/om-os\/","url":"https:\/\/itrusta.lt\/da\/om-os\/","name":"Om os - Itrusta","isPartOf":{"@id":"https:\/\/itrusta.lt\/#website"},"primaryImageOfPage":{"@id":"https:\/\/itrusta.lt\/da\/om-os\/#primaryimage"},"image":{"@id":"https:\/\/itrusta.lt\/da\/om-os\/#primaryimage"},"thumbnailUrl":"https:\/\/itrusta.lt\/wp-content\/uploads\/2022\/03\/Tidslinje-for-I-Trust-3.png","datePublished":"2020-12-06T06:53:15+00:00","dateModified":"2022-08-08T14:01:24+00:00","breadcrumb":{"@id":"https:\/\/itrusta.lt\/da\/om-os\/#breadcrumb"},"inLanguage":"da-DK","potentialAction":[{"@type":"ReadAction","target":["https:\/\/itrusta.lt\/da\/om-os\/"]}]},{"@type":"ImageObject","inLanguage":"da-DK","@id":"https:\/\/itrusta.lt\/da\/om-os\/#primaryimage","url":"https:\/\/itrusta.lt\/wp-content\/uploads\/2022\/03\/Tidslinje-for-I-Trust-3.png","contentUrl":"https:\/\/itrusta.lt\/wp-content\/uploads\/2022\/03\/Tidslinje-for-I-Trust-3.png"},{"@type":"BreadcrumbList","@id":"https:\/\/itrusta.lt\/da\/om-os\/#breadcrumb","itemListElement":[{"@type":"ListItem","position":1,"name":"Home","item":"https:\/\/itrusta.lt\/da\/"},{"@type":"ListItem","position":2,"name":"Om os"}]},{"@type":"WebSite","@id":"https:\/\/itrusta.lt\/#website","url":"https:\/\/itrusta.lt\/","name":"Itrusta","description":"Compliance within reach","publisher":{"@id":"https:\/\/itrusta.lt\/#organization"},"potentialAction":[{"@type":"SearchAction","target":{"@type":"EntryPoint","urlTemplate":"https:\/\/itrusta.lt\/?s={search_term_string}"},"query-input":{"@type":"PropertyValueSpecification","valueRequired":true,"valueName":"search_term_string"}}],"inLanguage":"da-DK"},{"@type":"Organization","@id":"https:\/\/itrusta.lt\/#organization","name":"Itrusta","url":"https:\/\/itrusta.lt\/","logo":{"@type":"ImageObject","inLanguage":"da-DK","@id":"https:\/\/itrusta.lt\/#\/schema\/logo\/image\/","url":"https:\/\/itrusta.lt\/wp-content\/uploads\/2021\/02\/logo.png","contentUrl":"https:\/\/itrusta.lt\/wp-content\/uploads\/2021\/02\/logo.png","width":264,"height":88,"caption":"Itrusta"},"image":{"@id":"https:\/\/itrusta.lt\/#\/schema\/logo\/image\/"}}]}},"_links":{"self":[{"href":"https:\/\/itrusta.lt\/da\/wp-json\/wp\/v2\/pages\/90","targetHints":{"allow":["GET"]}}],"collection":[{"href":"https:\/\/itrusta.lt\/da\/wp-json\/wp\/v2\/pages"}],"about":[{"href":"https:\/\/itrusta.lt\/da\/wp-json\/wp\/v2\/types\/page"}],"author":[{"embeddable":true,"href":"https:\/\/itrusta.lt\/da\/wp-json\/wp\/v2\/users\/11"}],"replies":[{"embeddable":true,"href":"https:\/\/itrusta.lt\/da\/wp-json\/wp\/v2\/comments?post=90"}],"version-history":[{"count":85,"href":"https:\/\/itrusta.lt\/da\/wp-json\/wp\/v2\/pages\/90\/revisions"}],"predecessor-version":[{"id":3460,"href":"https:\/\/itrusta.lt\/da\/wp-json\/wp\/v2\/pages\/90\/revisions\/3460"}],"wp:attachment":[{"href":"https:\/\/itrusta.lt\/da\/wp-json\/wp\/v2\/media?parent=90"}],"curies":[{"name":"wp","href":"https:\/\/api.w.org\/{rel}","templated":true}]}}